{"id":466418,"date":"2025-06-01T00:48:15","date_gmt":"2025-05-31T22:48:15","guid":{"rendered":"https:\/\/lucacastelli.com\/prodotto\/bg-km\/"},"modified":"2025-06-28T20:04:11","modified_gmt":"2025-06-28T18:04:11","slug":"bg-km","status":"publish","type":"product","link":"https:\/\/lucacastelli.com\/fr\/produit\/bg-km\/","title":{"rendered":"STIHL BG-KM"},"content":{"rendered":"<p>Accessoire de soufflage pour le syst\u00e8me STIHL Kombi. Gr\u00e2ce \u00e0 son faible poids et \u00e0 son puissant effet de soufflage, les surfaces et les passages peuvent \u00eatre rapidement nettoy\u00e9s des feuilles, de l\u2019herbe coup\u00e9e ou m\u00eame de la neige s\u00e8che.<br \/>\n795711349851<\/p>\n","protected":false},"excerpt":{"rendered":"<p>BG-KM<\/p>\n","protected":false},"featured_media":430952,"template":"","meta":{"_seopress_robots_primary_cat":"","_seopress_titles_title":"","_seopress_titles_desc":"","_seopress_robots_index":""},"product_brand":[3366],"product_cat":[29,296],"product_tag":[3265],"class_list":{"0":"post-466418","1":"product","2":"type-product","3":"status-publish","4":"has-post-thumbnail","6":"product_brand-stihl","7":"product_cat-macchinari","8":"product_cat-sistemi-kombi-e-multi","9":"product_tag-import-stihl","10":"sws-gruppo-macchinari-fr","11":"sws-conto-ricavi-merci-rivendita-macchinari-fr","12":"sws-gruppo-iva-iva81-fr","14":"first","15":"onbackorder","16":"sale","17":"purchasable","18":"product-type-simple"},"_links":{"self":[{"href":"https:\/\/lucacastelli.com\/fr\/wp-json\/wp\/v2\/product\/466418","targetHints":{"allow":["GET"]}}],"collection":[{"href":"https:\/\/lucacastelli.com\/fr\/wp-json\/wp\/v2\/product"}],"about":[{"href":"https:\/\/lucacastelli.com\/fr\/wp-json\/wp\/v2\/types\/product"}],"wp:featuredmedia":[{"embeddable":true,"href":"https:\/\/lucacastelli.com\/fr\/wp-json\/wp\/v2\/media\/430952"}],"wp:attachment":[{"href":"https:\/\/lucacastelli.com\/fr\/wp-json\/wp\/v2\/media?parent=466418"}],"wp:term":[{"taxonomy":"product_brand","embeddable":true,"href":"https:\/\/lucacastelli.com\/fr\/wp-json\/wp\/v2\/product_brand?post=466418"},{"taxonomy":"product_cat","embeddable":true,"href":"https:\/\/lucacastelli.com\/fr\/wp-json\/wp\/v2\/product_cat?post=466418"},{"taxonomy":"product_tag","embeddable":true,"href":"https:\/\/lucacastelli.com\/fr\/wp-json\/wp\/v2\/product_tag?post=466418"}],"curies":[{"name":"wp","href":"https:\/\/api.w.org\/{rel}","templated":true}]}}