{"id":466411,"date":"2025-06-01T00:48:00","date_gmt":"2025-05-31T22:48:00","guid":{"rendered":"https:\/\/lucacastelli.com\/prodotto\/mm-56\/"},"modified":"2025-06-28T20:04:06","modified_gmt":"2025-06-28T18:04:06","slug":"mm-56","status":"publish","type":"product","link":"https:\/\/lucacastelli.com\/fr\/produit\/mm-56\/","title":{"rendered":"STIHL MM 56"},"content":{"rendered":"<p>Pour une grande vari\u00e9t\u00e9 de t\u00e2ches dans l\u2019entretien des pelouses, le travail du sol et le nettoyage des surfaces. Grand choix d\u2019outils STIHL, cadre pliable pour un transport facile, processus de d\u00e9marrage simplifi\u00e9 pour plus de confort, bouton d\u2019arr\u00eat, filtre \u00e0 air en papier.<br \/>\n886661390632 <\/p>\n<p>Cylindr\u00e9e 27.2<br \/>\nPuissance Puissance<\/p>\n<p>Puissance Puissance Puissance<br \/>\n1,10<br \/>\nCO2 873<\/p>\n","protected":false},"excerpt":{"rendered":"<p>MM 56<\/p>\n","protected":false},"featured_media":430944,"template":"","meta":{"_seopress_robots_primary_cat":"","_seopress_titles_title":"","_seopress_titles_desc":"","_seopress_robots_index":""},"product_brand":[3366],"product_cat":[29,296],"product_tag":[3265],"class_list":{"0":"post-466411","1":"product","2":"type-product","3":"status-publish","4":"has-post-thumbnail","6":"product_brand-stihl","7":"product_cat-macchinari","8":"product_cat-sistemi-kombi-e-multi","9":"product_tag-import-stihl","10":"sws-gruppo-macchinari-fr","11":"sws-conto-ricavi-merci-rivendita-macchinari-fr","12":"sws-gruppo-iva-iva81-fr","14":"first","15":"onbackorder","16":"purchasable","17":"product-type-simple"},"_links":{"self":[{"href":"https:\/\/lucacastelli.com\/fr\/wp-json\/wp\/v2\/product\/466411","targetHints":{"allow":["GET"]}}],"collection":[{"href":"https:\/\/lucacastelli.com\/fr\/wp-json\/wp\/v2\/product"}],"about":[{"href":"https:\/\/lucacastelli.com\/fr\/wp-json\/wp\/v2\/types\/product"}],"wp:featuredmedia":[{"embeddable":true,"href":"https:\/\/lucacastelli.com\/fr\/wp-json\/wp\/v2\/media\/430944"}],"wp:attachment":[{"href":"https:\/\/lucacastelli.com\/fr\/wp-json\/wp\/v2\/media?parent=466411"}],"wp:term":[{"taxonomy":"product_brand","embeddable":true,"href":"https:\/\/lucacastelli.com\/fr\/wp-json\/wp\/v2\/product_brand?post=466411"},{"taxonomy":"product_cat","embeddable":true,"href":"https:\/\/lucacastelli.com\/fr\/wp-json\/wp\/v2\/product_cat?post=466411"},{"taxonomy":"product_tag","embeddable":true,"href":"https:\/\/lucacastelli.com\/fr\/wp-json\/wp\/v2\/product_tag?post=466411"}],"curies":[{"name":"wp","href":"https:\/\/api.w.org\/{rel}","templated":true}]}}