{"id":466404,"date":"2025-06-01T00:55:06","date_gmt":"2025-05-31T22:55:06","guid":{"rendered":"https:\/\/lucacastelli.com\/prodotto\/systeme-de-soutien-avec-bandouliere\/"},"modified":"2025-06-28T19:08:23","modified_gmt":"2025-06-28T17:08:23","slug":"systeme-de-soutien-avec-bandouliere","status":"publish","type":"product","link":"https:\/\/lucacastelli.com\/fr\/produit\/systeme-de-soutien-avec-bandouliere\/","title":{"rendered":"STIHL Syst\u00e8me de support avec bandouli\u00e8re"},"content":{"rendered":"<p>Bandouli\u00e8re pour BGA 85 pour un travail moins fatigant. Gr\u00e2ce \u00e0 plusieurs \u0153illets de fixation, un \u00e9quilibre parfait est atteint, tant avec les accumulateurs AP qu\u2019AR. Si un accumulateur AR est utilis\u00e9, un rembourrage de support suppl\u00e9mentaire est n\u00e9cessaire.<br \/>\n886661203253  <\/p>\n","protected":false},"excerpt":{"rendered":"<p>Syst\u00e8me de soutien avec bandouli\u00e8re<\/p>\n","protected":false},"featured_media":431317,"template":"","meta":{"_seopress_robots_primary_cat":"","_seopress_titles_title":"","_seopress_titles_desc":"","_seopress_robots_index":""},"product_brand":[3555],"product_cat":[167,1643,1651],"product_tag":[3267],"class_list":{"0":"post-466404","1":"product","2":"type-product","3":"status-publish","4":"has-post-thumbnail","6":"product_brand-stihl-fr","7":"product_cat-machines","8":"product_cat-souffleurs-et-aspirateurs","9":"product_cat-souffleurs-a-batterie","10":"product_tag-import-stihl-fr","11":"sws-gruppo-macchinari-fr","12":"sws-conto-ricavi-merci-rivendita-macchinari-fr","13":"sws-gruppo-iva-iva81-fr","15":"first","16":"onbackorder","17":"purchasable","18":"product-type-simple"},"_links":{"self":[{"href":"https:\/\/lucacastelli.com\/fr\/wp-json\/wp\/v2\/product\/466404","targetHints":{"allow":["GET"]}}],"collection":[{"href":"https:\/\/lucacastelli.com\/fr\/wp-json\/wp\/v2\/product"}],"about":[{"href":"https:\/\/lucacastelli.com\/fr\/wp-json\/wp\/v2\/types\/product"}],"wp:featuredmedia":[{"embeddable":true,"href":"https:\/\/lucacastelli.com\/fr\/wp-json\/wp\/v2\/media\/431317"}],"wp:attachment":[{"href":"https:\/\/lucacastelli.com\/fr\/wp-json\/wp\/v2\/media?parent=466404"}],"wp:term":[{"taxonomy":"product_brand","embeddable":true,"href":"https:\/\/lucacastelli.com\/fr\/wp-json\/wp\/v2\/product_brand?post=466404"},{"taxonomy":"product_cat","embeddable":true,"href":"https:\/\/lucacastelli.com\/fr\/wp-json\/wp\/v2\/product_cat?post=466404"},{"taxonomy":"product_tag","embeddable":true,"href":"https:\/\/lucacastelli.com\/fr\/wp-json\/wp\/v2\/product_tag?post=466404"}],"curies":[{"name":"wp","href":"https:\/\/api.w.org\/{rel}","templated":true}]}}