{"id":466378,"date":"2025-06-01T01:01:12","date_gmt":"2025-05-31T23:01:12","guid":{"rendered":"https:\/\/lucacastelli.com\/prodotto\/sacs-delimination\/"},"modified":"2025-06-28T19:06:00","modified_gmt":"2025-06-28T17:06:00","slug":"sacs-delimination","status":"publish","type":"product","link":"https:\/\/lucacastelli.com\/fr\/produit\/sacs-delimination\/","title":{"rendered":"STIHL Sacs d\u2019\u00e9limination"},"content":{"rendered":"<p>Pour une \u00e9limination facile et sans poussi\u00e8re. Paquet de 5 pi\u00e8ces en plastique pour SE 133 ME.<br \/>\n886661548163 <\/p>\n","protected":false},"excerpt":{"rendered":"<p>Sacs d\u2019\u00e9limination<\/p>\n","protected":false},"featured_media":431553,"template":"","meta":{"_seopress_robots_primary_cat":"","_seopress_titles_title":"","_seopress_titles_desc":"","_seopress_robots_index":""},"product_brand":[3366],"product_cat":[29,514,515,517],"product_tag":[3265],"class_list":{"0":"post-466378","1":"product","2":"type-product","3":"status-publish","4":"has-post-thumbnail","6":"product_brand-stihl","7":"product_cat-macchinari","8":"product_cat-altri-dispositivi","9":"product_cat-accessori-e-materiale-di-consumo-altri-dispositivi","10":"product_cat-aspiratori-per-la-pulizia","11":"product_tag-import-stihl","12":"sws-gruppo-macchinari-fr","13":"sws-conto-ricavi-merci-rivendita-macchinari-fr","14":"sws-gruppo-iva-iva81-fr","16":"first","17":"onbackorder","18":"purchasable","19":"product-type-simple"},"_links":{"self":[{"href":"https:\/\/lucacastelli.com\/fr\/wp-json\/wp\/v2\/product\/466378","targetHints":{"allow":["GET"]}}],"collection":[{"href":"https:\/\/lucacastelli.com\/fr\/wp-json\/wp\/v2\/product"}],"about":[{"href":"https:\/\/lucacastelli.com\/fr\/wp-json\/wp\/v2\/types\/product"}],"wp:featuredmedia":[{"embeddable":true,"href":"https:\/\/lucacastelli.com\/fr\/wp-json\/wp\/v2\/media\/431553"}],"wp:attachment":[{"href":"https:\/\/lucacastelli.com\/fr\/wp-json\/wp\/v2\/media?parent=466378"}],"wp:term":[{"taxonomy":"product_brand","embeddable":true,"href":"https:\/\/lucacastelli.com\/fr\/wp-json\/wp\/v2\/product_brand?post=466378"},{"taxonomy":"product_cat","embeddable":true,"href":"https:\/\/lucacastelli.com\/fr\/wp-json\/wp\/v2\/product_cat?post=466378"},{"taxonomy":"product_tag","embeddable":true,"href":"https:\/\/lucacastelli.com\/fr\/wp-json\/wp\/v2\/product_tag?post=466378"}],"curies":[{"name":"wp","href":"https:\/\/api.w.org\/{rel}","templated":true}]}}