{"id":466371,"date":"2025-06-01T02:31:43","date_gmt":"2025-06-01T00:31:43","guid":{"rendered":"https:\/\/lucacastelli.com\/prodotto\/kit-de-support-rembourre\/"},"modified":"2025-06-01T02:31:43","modified_gmt":"2025-06-01T00:31:43","slug":"kit-de-support-rembourre","status":"publish","type":"product","link":"https:\/\/lucacastelli.com\/fr\/produit\/kit-de-support-rembourre\/","title":{"rendered":"Kit de support rembourr\u00e9"},"content":{"rendered":"<p>Kit de support rembourr\u00e9 Convient \u00e0 toutes les bretelles FS de la s\u00e9rie ADVANCE sans crochet de confort. Avec adaptateur de bandouli\u00e8re pour fixer le support rembourr\u00e9 pour FSA et BGA au syst\u00e8me de transport et \u00e0 la ceinture des batteries du sac \u00e0 dos AR.<br \/>\n886661552917 <\/p>\n","protected":false},"excerpt":{"rendered":"<p>Kit de support rembourr\u00e9<\/p>\n","protected":false},"featured_media":424891,"template":"","meta":{"_seopress_robots_primary_cat":"","_seopress_titles_title":"","_seopress_titles_desc":"","_seopress_robots_index":""},"product_brand":[3366],"product_cat":[29,485,490],"product_tag":[3265],"class_list":{"0":"post-466371","1":"product","2":"type-product","3":"status-publish","4":"has-post-thumbnail","6":"product_brand-stihl","7":"product_cat-macchinari","8":"product_cat-soffiatori-e-aspiratori","9":"product_cat-accessori-e-materiale-di-consumo-soffiatori-e-aspiratori","10":"product_tag-import-stihl","11":"sws-gruppo-macchinari-fr","12":"sws-conto-ricavi-merci-rivendita-macchinari-fr","13":"sws-gruppo-iva-iva81-fr","15":"first","16":"onbackorder","17":"purchasable","18":"product-type-simple"},"_links":{"self":[{"href":"https:\/\/lucacastelli.com\/fr\/wp-json\/wp\/v2\/product\/466371","targetHints":{"allow":["GET"]}}],"collection":[{"href":"https:\/\/lucacastelli.com\/fr\/wp-json\/wp\/v2\/product"}],"about":[{"href":"https:\/\/lucacastelli.com\/fr\/wp-json\/wp\/v2\/types\/product"}],"wp:featuredmedia":[{"embeddable":true,"href":"https:\/\/lucacastelli.com\/fr\/wp-json\/wp\/v2\/media\/424891"}],"wp:attachment":[{"href":"https:\/\/lucacastelli.com\/fr\/wp-json\/wp\/v2\/media?parent=466371"}],"wp:term":[{"taxonomy":"product_brand","embeddable":true,"href":"https:\/\/lucacastelli.com\/fr\/wp-json\/wp\/v2\/product_brand?post=466371"},{"taxonomy":"product_cat","embeddable":true,"href":"https:\/\/lucacastelli.com\/fr\/wp-json\/wp\/v2\/product_cat?post=466371"},{"taxonomy":"product_tag","embeddable":true,"href":"https:\/\/lucacastelli.com\/fr\/wp-json\/wp\/v2\/product_tag?post=466371"}],"curies":[{"name":"wp","href":"https:\/\/api.w.org\/{rel}","templated":true}]}}