{"id":466365,"date":"2025-06-01T02:34:58","date_gmt":"2025-06-01T00:34:58","guid":{"rendered":"https:\/\/lucacastelli.com\/prodotto\/mallette-de-transport\/"},"modified":"2025-06-01T02:34:58","modified_gmt":"2025-06-01T00:34:58","slug":"mallette-de-transport","status":"publish","type":"product","link":"https:\/\/lucacastelli.com\/fr\/produit\/mallette-de-transport\/","title":{"rendered":"Mallette de transport"},"content":{"rendered":"<p>Id\u00e9al pour le transport et le stockage de l\u2019outil avec les outils Kombi FS-KM ou HL-KM. Approuv\u00e9 pour KMA 130 R, KMA 135 R, HSA 56, HSA 66, HSA 86, HLA 56, HLA 65, HLA 66, BGA 86, BGA 100 et tous les moteurs Kombi \u00e0 poign\u00e9e circulaire.<br \/>\n795711249939 <\/p>\n","protected":false},"excerpt":{"rendered":"<p>Mallette de transport<\/p>\n","protected":false},"featured_media":425106,"template":"","meta":{"_seopress_robots_primary_cat":"","_seopress_titles_title":"","_seopress_titles_desc":"","_seopress_robots_index":""},"product_brand":[3555],"product_cat":[1642,167,1638],"product_tag":[3267],"class_list":{"0":"post-466365","1":"product","2":"type-product","3":"status-publish","4":"has-post-thumbnail","6":"product_brand-stihl-fr","7":"product_cat-accessoires-et-consommables-fr-5","8":"product_cat-machines","9":"product_cat-systemes-kombi-et-multi","10":"product_tag-import-stihl-fr","11":"sws-gruppo-macchinari-fr","12":"sws-marca-stihl-vertriebs-ag-fr","13":"sws-conto-ricavi-merci-rivendita-macchinari-fr","14":"sws-gruppo-iva-iva81-fr","16":"first","17":"onbackorder","18":"purchasable","19":"product-type-simple"},"_links":{"self":[{"href":"https:\/\/lucacastelli.com\/fr\/wp-json\/wp\/v2\/product\/466365","targetHints":{"allow":["GET"]}}],"collection":[{"href":"https:\/\/lucacastelli.com\/fr\/wp-json\/wp\/v2\/product"}],"about":[{"href":"https:\/\/lucacastelli.com\/fr\/wp-json\/wp\/v2\/types\/product"}],"wp:featuredmedia":[{"embeddable":true,"href":"https:\/\/lucacastelli.com\/fr\/wp-json\/wp\/v2\/media\/425106"}],"wp:attachment":[{"href":"https:\/\/lucacastelli.com\/fr\/wp-json\/wp\/v2\/media?parent=466365"}],"wp:term":[{"taxonomy":"product_brand","embeddable":true,"href":"https:\/\/lucacastelli.com\/fr\/wp-json\/wp\/v2\/product_brand?post=466365"},{"taxonomy":"product_cat","embeddable":true,"href":"https:\/\/lucacastelli.com\/fr\/wp-json\/wp\/v2\/product_cat?post=466365"},{"taxonomy":"product_tag","embeddable":true,"href":"https:\/\/lucacastelli.com\/fr\/wp-json\/wp\/v2\/product_tag?post=466365"}],"curies":[{"name":"wp","href":"https:\/\/api.w.org\/{rel}","templated":true}]}}