{"id":466322,"date":"2025-05-31T22:31:28","date_gmt":"2025-05-31T20:31:28","guid":{"rendered":"https:\/\/lucacastelli.com\/prodotto\/sea-20-sans-batterie-ni-chargeur\/"},"modified":"2025-06-27T08:10:53","modified_gmt":"2025-06-27T06:10:53","slug":"sea-20-sans-batterie-ni-chargeur","status":"publish","type":"product","link":"https:\/\/lucacastelli.com\/fr\/produit\/sea-20-sans-batterie-ni-chargeur\/","title":{"rendered":"SEA 20, sans batterie ni chargeur"},"content":{"rendered":"<p>Avec l\u2019aspirateur \u00e0 main sans fil STIHL SEA 20, vous pouvez nettoyer rapidement et facilement les petites surfaces. Il convient tr\u00e8s bien pour les travaux m\u00e9nagers, pour nettoyer les surfaces s\u00e8ches de la maison, par exemple dans la salle \u00e0 manger, dans les coins des pi\u00e8ces, mais aussi dans le garage, dans l\u2019atelier, dans votre v\u00e9hicule ou sur le balcon. L\u2019aspirateur \u00e0 main STIHL SEA 20 fonctionne avec une batterie lithium-ion ; STIHL AS\/strong, pour que vous puissiez nettoyer facilement, commod\u00e9ment et silencieusement. Le puissant aspirateur \u00e0 main 10V de STIHL est l\u00e9ger et ergonomique \u00e0 manipuler.\/ppVous pouvez utiliser confortablement le bouton de d\u00e9marrage de la poign\u00e9e souple avec votre main droite ou gauche et tenir STIHL SEA 20 en toute s\u00e9curit\u00e9. La solution de verrouillage permet un fonctionnement continu sans avoir \u00e0 maintenir le levier de commande enfonc\u00e9. Imm\u00e9diatement derri\u00e8re la buse d\u2019aspiration, un clapet anti-retour flexible retient la salet\u00e9 aspir\u00e9e dans le r\u00e9cipient de collecte. Pour le vider et le nettoyer, vous pouvez le retirer d\u2019une seule main. Le syst\u00e8me de filtration \u00e0 2 \u00e9tages offre une tr\u00e8s bonne capacit\u00e9 de filtration et peut \u00eatre facilement nettoy\u00e9 et r\u00e9utilis\u00e9.\/ppL\u2019aspirateur \u00e0 main STIHL SEA 20 est livr\u00e9 en standard avec de nombreux accessoires pratiques : suceur plat, buse pour salissures grossi\u00e8res, tuyau d\u2019aspiration, tuyau d\u2019extension, filtre en papier et panier-filtre. Dans le sac de rangement inclus avec \u0153illet de suspension, vous pouvez ranger l\u2019aspirateur \u00e0 main STIHL SEA 20 en \u00e9conomisant de l\u2019espace entre les utilisations.\/ppSTIHL SEA 20 est compatible et \u00e9volutif avec nbsp&nbsp;; Connecteur intelligent strongSTIHL 1.0\/strong. Vous pouvez enregistrer les heures de fonctionnement et les g\u00e9rer, ainsi que d\u2019autres param\u00e8tres, via l\u2019application STIHL .<br \/>\n886661967971<\/p>\n<p>Tension nominale 11<br \/>\nConsommation \u00e9lectrique Consommation \u00e9lectrique<\/p>\n<p>Syst\u00e8me de batterie Syst\u00e8me de<br \/>\nbatterie Poids de l\u2019appareil 1,1<br \/>\nVide max. \u00e0 l\u2019extr\u00e9mit\u00e9 du tube 65<\/p>\n","protected":false},"excerpt":{"rendered":"<p>SEA 20, sans batterie ni chargeur<\/p>\n","protected":false},"featured_media":422460,"template":"","meta":{"_seopress_robots_primary_cat":"","_seopress_titles_title":"","_seopress_titles_desc":"","_seopress_robots_index":""},"product_brand":[3555],"product_cat":[1474,1453,167],"product_tag":[3267],"class_list":{"0":"post-466322","1":"product","2":"type-product","3":"status-publish","4":"has-post-thumbnail","6":"product_brand-stihl-fr","7":"product_cat-aspirateurs-de-nettoyage","8":"product_cat-autres-appareils","9":"product_cat-machines","10":"product_tag-import-stihl-fr","11":"sws-gruppo-macchinari","12":"sws-conto-ricavi-merci-rivendita-macchinari","13":"sws-gruppo-iva-iva81","15":"first","16":"onbackorder","17":"purchasable","18":"product-type-simple"},"_links":{"self":[{"href":"https:\/\/lucacastelli.com\/fr\/wp-json\/wp\/v2\/product\/466322","targetHints":{"allow":["GET"]}}],"collection":[{"href":"https:\/\/lucacastelli.com\/fr\/wp-json\/wp\/v2\/product"}],"about":[{"href":"https:\/\/lucacastelli.com\/fr\/wp-json\/wp\/v2\/types\/product"}],"wp:featuredmedia":[{"embeddable":true,"href":"https:\/\/lucacastelli.com\/fr\/wp-json\/wp\/v2\/media\/422460"}],"wp:attachment":[{"href":"https:\/\/lucacastelli.com\/fr\/wp-json\/wp\/v2\/media?parent=466322"}],"wp:term":[{"taxonomy":"product_brand","embeddable":true,"href":"https:\/\/lucacastelli.com\/fr\/wp-json\/wp\/v2\/product_brand?post=466322"},{"taxonomy":"product_cat","embeddable":true,"href":"https:\/\/lucacastelli.com\/fr\/wp-json\/wp\/v2\/product_cat?post=466322"},{"taxonomy":"product_tag","embeddable":true,"href":"https:\/\/lucacastelli.com\/fr\/wp-json\/wp\/v2\/product_tag?post=466322"}],"curies":[{"name":"wp","href":"https:\/\/api.w.org\/{rel}","templated":true}]}}