{"id":466318,"date":"2025-05-31T22:31:29","date_gmt":"2025-05-31T20:31:29","guid":{"rendered":"https:\/\/lucacastelli.com\/prodotto\/sea-20-set-avec-as-2-et-al-1\/"},"modified":"2025-06-27T08:10:57","modified_gmt":"2025-06-27T06:10:57","slug":"sea-20-set-avec-as-2-et-al-1","status":"publish","type":"product","link":"https:\/\/lucacastelli.com\/fr\/produit\/sea-20-set-avec-as-2-et-al-1\/","title":{"rendered":"SEA 20, set avec AS 2 et AL 1"},"content":{"rendered":"<p>Aspirateur \u00e0 main sans fil pratique pour aspirer et nettoyer les petites surfaces s\u00e8ches dans le garage, l\u2019atelier ou la voiture. Avec r\u00e9cipient de collecte amovible pour une vidange et un nettoyage faciles. Suceur plat et buse universelle avec fixation \u00e0 poils amovibles pour diff\u00e9rentes applications. La solution de verrouillage permet un fonctionnement continu sans avoir \u00e0 maintenir le levier de l\u2019interrupteur enfonc\u00e9. Tr\u00e8s bon effet de filtre gr\u00e2ce au syst\u00e8me de filtration \u00e0 deux \u00e9tages. Le niveau de charge de la batterie AS 2 est visible via un indicateur LED sur simple pression d\u2019un bouton.<br \/>\n886661968039     <\/p>\n<p>Tension nominale 11<br \/>\nConsommation \u00e9lectrique Consommation \u00e9lectrique<\/p>\n<p>Syst\u00e8me de batterie Syst\u00e8me de<br \/>\nbatterie Poids de l\u2019appareil 1,1<br \/>\nVide max. \u00e0 l\u2019extr\u00e9mit\u00e9 du tube 65<\/p>\n","protected":false},"excerpt":{"rendered":"<p>SEA 20, set avec AS 2 et AL 1<\/p>\n","protected":false},"featured_media":422472,"template":"","meta":{"_seopress_robots_primary_cat":"","_seopress_titles_title":"","_seopress_titles_desc":"","_seopress_robots_index":""},"product_brand":[3555],"product_cat":[1474,1453,167],"product_tag":[3267],"class_list":{"0":"post-466318","1":"product","2":"type-product","3":"status-publish","4":"has-post-thumbnail","6":"product_brand-stihl-fr","7":"product_cat-aspirateurs-de-nettoyage","8":"product_cat-autres-appareils","9":"product_cat-machines","10":"product_tag-import-stihl-fr","11":"sws-gruppo-macchinari-fr","12":"sws-conto-ricavi-merci-rivendita-macchinari-fr","13":"sws-gruppo-iva-iva81-fr","15":"first","16":"onbackorder","17":"purchasable","18":"product-type-simple"},"_links":{"self":[{"href":"https:\/\/lucacastelli.com\/fr\/wp-json\/wp\/v2\/product\/466318","targetHints":{"allow":["GET"]}}],"collection":[{"href":"https:\/\/lucacastelli.com\/fr\/wp-json\/wp\/v2\/product"}],"about":[{"href":"https:\/\/lucacastelli.com\/fr\/wp-json\/wp\/v2\/types\/product"}],"wp:featuredmedia":[{"embeddable":true,"href":"https:\/\/lucacastelli.com\/fr\/wp-json\/wp\/v2\/media\/422472"}],"wp:attachment":[{"href":"https:\/\/lucacastelli.com\/fr\/wp-json\/wp\/v2\/media?parent=466318"}],"wp:term":[{"taxonomy":"product_brand","embeddable":true,"href":"https:\/\/lucacastelli.com\/fr\/wp-json\/wp\/v2\/product_brand?post=466318"},{"taxonomy":"product_cat","embeddable":true,"href":"https:\/\/lucacastelli.com\/fr\/wp-json\/wp\/v2\/product_cat?post=466318"},{"taxonomy":"product_tag","embeddable":true,"href":"https:\/\/lucacastelli.com\/fr\/wp-json\/wp\/v2\/product_tag?post=466318"}],"curies":[{"name":"wp","href":"https:\/\/api.w.org\/{rel}","templated":true}]}}