{"id":466317,"date":"2025-05-31T22:31:26","date_gmt":"2025-05-31T20:31:26","guid":{"rendered":"https:\/\/lucacastelli.com\/prodotto\/sha-56-sans-secteur-ni-chargeur\/"},"modified":"2025-10-23T14:41:19","modified_gmt":"2025-10-23T12:41:19","slug":"sha-56-sans-secteur-ni-chargeur","status":"publish","type":"product","link":"https:\/\/lucacastelli.com\/fr\/produit\/sha-56-sans-secteur-ni-chargeur\/","title":{"rendered":"SHA 56, sans secteur ni chargeur"},"content":{"rendered":"<p>Aspirer, hacher ou souffler : le SHA 56 du syst\u00e8me AK offre trois fonctions dans un seul appareil. L\u2019appareil combin\u00e9 pratique est polyvalent. Les feuilles ou la salet\u00e9 peuvent \u00eatre enlev\u00e9es rapidement et efficacement des pelouses, des cours et des all\u00e9es. Aucun outil n\u2019est n\u00e9cessaire pour passer de la fonction d\u2019aspiration \u00e0 la fonction de soufflage. La poign\u00e9e pivotante innovante avec r\u00e9gulateur de vitesse d\u2019air int\u00e9gr\u00e9 assure une posture ergonomique dans tous les modes de travail. Une \u00e9toile de coupe m\u00e9tallique robuste d\u00e9chiquette de mani\u00e8re fiable le mat\u00e9riau aspir\u00e9. Gr\u00e2ce au diam\u00e8tre suppl\u00e9mentaire de l\u2019ouverture du ventilateur, l\u2019appareil peut \u00eatre nettoy\u00e9 rapidement s\u2019il est sale. Une protection auditive n\u2019est pas n\u00e9cessaire avec SHA 56.\/p<br \/>\n886661624492       <\/p>\n<p>Tension nominale 36<br \/>\nSyst\u00e8me de batterie Syst\u00e8me de batterie<\/p>\n<p>Batterie recommand\u00e9e Batterie recommand\u00e9e Poids de<br \/>\nl\u2019appareil 4,2<br \/>\nVitesse max. de l\u2019air avec buse ronde 56,0<\/p>\n","protected":false},"excerpt":{"rendered":"<p>SHA 56, sans secteur ni chargeur<\/p>\n","protected":false},"featured_media":422434,"template":"","meta":{"_seopress_robots_primary_cat":"none","_seopress_titles_title":"","_seopress_titles_desc":"","_seopress_robots_index":""},"product_brand":[3366],"product_cat":[29,485,497],"product_tag":[3265],"class_list":{"0":"post-466317","1":"product","2":"type-product","3":"status-publish","4":"has-post-thumbnail","6":"product_brand-stihl","7":"product_cat-macchinari","8":"product_cat-soffiatori-e-aspiratori","9":"product_cat-aspiratore-trituratore","10":"product_tag-import-stihl","11":"sws-gruppo-abb-libero-fr","12":"sws-conto-ricavi-merci-rivendita-macchinari-fr","13":"sws-gruppo-iva-iva81-fr","15":"first","16":"onbackorder","17":"purchasable","18":"product-type-simple"},"_links":{"self":[{"href":"https:\/\/lucacastelli.com\/fr\/wp-json\/wp\/v2\/product\/466317","targetHints":{"allow":["GET"]}}],"collection":[{"href":"https:\/\/lucacastelli.com\/fr\/wp-json\/wp\/v2\/product"}],"about":[{"href":"https:\/\/lucacastelli.com\/fr\/wp-json\/wp\/v2\/types\/product"}],"wp:featuredmedia":[{"embeddable":true,"href":"https:\/\/lucacastelli.com\/fr\/wp-json\/wp\/v2\/media\/422434"}],"wp:attachment":[{"href":"https:\/\/lucacastelli.com\/fr\/wp-json\/wp\/v2\/media?parent=466317"}],"wp:term":[{"taxonomy":"product_brand","embeddable":true,"href":"https:\/\/lucacastelli.com\/fr\/wp-json\/wp\/v2\/product_brand?post=466317"},{"taxonomy":"product_cat","embeddable":true,"href":"https:\/\/lucacastelli.com\/fr\/wp-json\/wp\/v2\/product_cat?post=466317"},{"taxonomy":"product_tag","embeddable":true,"href":"https:\/\/lucacastelli.com\/fr\/wp-json\/wp\/v2\/product_tag?post=466317"}],"curies":[{"name":"wp","href":"https:\/\/api.w.org\/{rel}","templated":true}]}}