{"id":466278,"date":"2025-05-31T23:02:04","date_gmt":"2025-05-31T21:02:04","guid":{"rendered":"https:\/\/lucacastelli.com\/prodotto\/rma-239-sans-batterie-ni-chargeur\/"},"modified":"2026-03-02T14:19:29","modified_gmt":"2026-03-02T13:19:29","slug":"rma-239-sans-batterie-ni-chargeur","status":"publish","type":"product","link":"https:\/\/lucacastelli.com\/fr\/produit\/rma-239-sans-batterie-ni-chargeur\/","title":{"rendered":"STIHL RMA 239, sans batterie ni chargeur"},"content":{"rendered":"<p>pTondeuse \u00e0 batterie l\u00e9g\u00e8re et maniable avec largeur de coupe de 37 cm pour surfaces de petites et moyennes dimensions. Avec lame \u00e0 flux optimis\u00e9, r\u00e9glage centralis\u00e9 de la hauteur de coupe. Bac de ramassage repliable de 40 litres inclus, avec indicateur de niveau de remplissage.\/p<br \/>\n886661760787<\/p>\n<p>Puissance nominale 900<br \/>\nSyst\u00e8me de batterie Syst\u00e8me de batterie<\/p>\n<p>Transmission Transmission<br \/>\nPoids 13.0<br \/>\nLargeur de coupe 37<\/p>\n","protected":false},"excerpt":{"rendered":"<p>RMA 239, sans batterie ni chargeur<\/p>\n","protected":false},"featured_media":424152,"template":"","meta":{"_seopress_robots_primary_cat":"","_seopress_titles_title":"","_seopress_titles_desc":"","_seopress_robots_index":""},"product_brand":[3366],"product_cat":[29,262,488],"product_tag":[3265],"class_list":{"0":"post-466278","1":"product","2":"type-product","3":"status-publish","4":"has-post-thumbnail","6":"product_brand-stihl","7":"product_cat-macchinari","8":"product_cat-tosaerba-e-robot","9":"product_cat-tosaerba-a-batteria","10":"product_tag-import-stihl","11":"sws-gruppo-macchinari-fr","12":"sws-conto-ricavi-merci-rivendita-macchinari-fr","13":"sws-gruppo-iva-iva81-fr","15":"first","16":"onbackorder","17":"purchasable","18":"product-type-simple"},"_links":{"self":[{"href":"https:\/\/lucacastelli.com\/fr\/wp-json\/wp\/v2\/product\/466278","targetHints":{"allow":["GET"]}}],"collection":[{"href":"https:\/\/lucacastelli.com\/fr\/wp-json\/wp\/v2\/product"}],"about":[{"href":"https:\/\/lucacastelli.com\/fr\/wp-json\/wp\/v2\/types\/product"}],"wp:featuredmedia":[{"embeddable":true,"href":"https:\/\/lucacastelli.com\/fr\/wp-json\/wp\/v2\/media\/424152"}],"wp:attachment":[{"href":"https:\/\/lucacastelli.com\/fr\/wp-json\/wp\/v2\/media?parent=466278"}],"wp:term":[{"taxonomy":"product_brand","embeddable":true,"href":"https:\/\/lucacastelli.com\/fr\/wp-json\/wp\/v2\/product_brand?post=466278"},{"taxonomy":"product_cat","embeddable":true,"href":"https:\/\/lucacastelli.com\/fr\/wp-json\/wp\/v2\/product_cat?post=466278"},{"taxonomy":"product_tag","embeddable":true,"href":"https:\/\/lucacastelli.com\/fr\/wp-json\/wp\/v2\/product_tag?post=466278"}],"curies":[{"name":"wp","href":"https:\/\/api.w.org\/{rel}","templated":true}]}}