{"id":466272,"date":"2026-03-04T00:01:51","date_gmt":"2026-03-03T23:01:51","guid":{"rendered":"https:\/\/lucacastelli.com\/prodotto\/rma-235-y-compris-1x-ak-20-1x-al-101\/"},"modified":"2026-03-02T14:21:03","modified_gmt":"2026-03-02T13:21:03","slug":"rma-235-y-compris-1x-ak-20-1x-al-101","status":"publish","type":"product","link":"https:\/\/lucacastelli.com\/fr\/produit\/rma-235-y-compris-1x-ak-20-1x-al-101\/","title":{"rendered":"STIHL RMA 235 avec batterie AK 20 et chargeur AL 101"},"content":{"rendered":"<h2 class=\"product-details__title\">Tondeuse \u00e0 batterie l\u00e9g\u00e8re avec mode \u00e9co<\/h2>\n<div class=\"product-details__description richtexteditor\">\n<p>Tondeuse \u00e0 batterie l\u00e9g\u00e8re et maniable avec une largeur de coupe de 33 cm pour les petites surfaces. Dot\u00e9e d\u2019une r\u00e9gulation automatique du r\u00e9gime et d\u2019une lame \u00e0 flux optimis\u00e9 pour une autonomie accrue. R\u00e9glage centralis\u00e9 de la hauteur de coupe. Guidon rabattable et r\u00e9glable en hauteur sur 2 positions. Bac de ramassage de 30 litres rabattable avec indicateur de remplissage inclus.    <\/p>\n<\/div>\n<p>&nbsp;<\/p>\n<table data-test-id=\"pdp-spec-tech-table\">\n<tbody>\n<tr>\n<td>Puissance nominale<\/td>\n<td>450 W<\/td>\n<\/tr>\n<tr>\n<td>Syst\u00e8me \u00e0 batterie<\/td>\n<td>AK<\/td>\n<\/tr>\n<tr>\n<td>Transmission<\/td>\n<td>&#8212;<\/td>\n<\/tr>\n<tr>\n<td>Poids de l\u2019appareil sans batterie<\/td>\n<td>13 kg<\/td>\n<\/tr>\n<tr>\n<td>Largeur de coupe<\/td>\n<td>33 cm<\/td>\n<\/tr>\n<tr>\n<td>Hauteur de coupe<\/td>\n<td>25 &#8211; 60 mm<\/td>\n<\/tr>\n<tr>\nR\u00e9glage de la hauteur <\/p>\n<td>de coupe<\/td>\n<td>5-FACH (Zentral)<\/td>\n<\/tr>\n<tr>\n<td>R\u00e9gime nominal de l\u2019outil de travail<\/td>\n<td>3400 tr\/min<\/td>\n<\/tr>\n<tr>\n<td>Indice IP<\/td>\n<td>Norme IPX1<\/td>\n<\/tr>\n<tr>\n<td>Surface maximale par charge de batterie AK 10<\/td>\n<td>150 m\u00b2 <sup>1)<\/sup><\/td>\n<\/tr>\n<tr>\n<td>Surface maximale par charge de batterie AK 20<\/td>\n<td>300 m\u00b2 <sup>1)<\/sup><\/td>\n<\/tr>\n<tr>\n<td>Surface max. par charge de batterie AK 30<\/td>\n<td>400 m\u00b2 <sup>1)<\/sup><\/td>\n<\/tr>\n<tr>\n<td>Surface maximale par charge de batterie AK 30 S<\/td>\n<td>400 m\u00b2 <sup>1)<\/sup><\/td>\n<\/tr>\n<tr>\n<td>Capacit\u00e9 du bac de ramassage de l\u2019herbe<\/td>\n<td>30 l<\/td>\n<\/tr>\n<tr>\n<td>Largeur de l\u2019appareil sans accessoires<\/td>\n<td>37 cm<\/td>\n<\/tr>\n<tr>\n<td>Hauteur maximale de l\u2019appareil<\/td>\n<td>108 cm<\/td>\n<\/tr>\n<tr>\n<td>Diam\u00e8tre de la roue avant<\/td>\n<td>140 mm<\/td>\n<\/tr>\n<tr>\n<td>Diam\u00e8tre de la roue arri\u00e8re<\/td>\n<td>170 mm<\/td>\n<\/tr>\n<tr>\n<td>Niveau de pression acoustique mesur\u00e9 LpA<\/td>\n<td>76 dB(A)<\/td>\n<\/tr>\n<tr>\n<td>Niveau de puissance acoustique garanti LWA<\/td>\n<td>90 dB(A)<\/td>\n<\/tr>\n<tr>\n<td>Facteur d\u2019incertitude du niveau de pression acoustique KpA<\/td>\n<td>3 dB(A) <sup>2)<\/sup><\/td>\n<\/tr>\n<tr>\n<td>Vibrations au guidon ahw<\/td>\n<td>1,8 m\/s\u00b2<\/td>\n<\/tr>\n<tr>\n<td>Incertitude de vibrations K<\/td>\n<td>0,9 m\/s\u00b2 <sup>2)<\/sup><\/td>\n<\/tr>\n<\/tbody>\n<\/table>\n","protected":false},"excerpt":{"rendered":"<p>RMA 235, y compris 1x AK 20, 1x AL 101 <\/p>\n","protected":false},"featured_media":424144,"template":"","meta":{"_seopress_robots_primary_cat":"none","_seopress_titles_title":"","_seopress_titles_desc":"","_seopress_robots_index":""},"product_brand":[3366],"product_cat":[29,262,488],"product_tag":[3265],"class_list":{"0":"post-466272","1":"product","2":"type-product","3":"status-publish","4":"has-post-thumbnail","6":"product_brand-stihl","7":"product_cat-macchinari","8":"product_cat-tosaerba-e-robot","9":"product_cat-tosaerba-a-batteria","10":"product_tag-import-stihl","11":"sws-gruppo-macchinari-fr","12":"sws-conto-ricavi-merci-rivendita-macchinari-fr","13":"sws-gruppo-iva-iva81-fr","15":"first","16":"instock","17":"sale","18":"purchasable","19":"product-type-simple"},"_links":{"self":[{"href":"https:\/\/lucacastelli.com\/fr\/wp-json\/wp\/v2\/product\/466272","targetHints":{"allow":["GET"]}}],"collection":[{"href":"https:\/\/lucacastelli.com\/fr\/wp-json\/wp\/v2\/product"}],"about":[{"href":"https:\/\/lucacastelli.com\/fr\/wp-json\/wp\/v2\/types\/product"}],"wp:featuredmedia":[{"embeddable":true,"href":"https:\/\/lucacastelli.com\/fr\/wp-json\/wp\/v2\/media\/424144"}],"wp:attachment":[{"href":"https:\/\/lucacastelli.com\/fr\/wp-json\/wp\/v2\/media?parent=466272"}],"wp:term":[{"taxonomy":"product_brand","embeddable":true,"href":"https:\/\/lucacastelli.com\/fr\/wp-json\/wp\/v2\/product_brand?post=466272"},{"taxonomy":"product_cat","embeddable":true,"href":"https:\/\/lucacastelli.com\/fr\/wp-json\/wp\/v2\/product_cat?post=466272"},{"taxonomy":"product_tag","embeddable":true,"href":"https:\/\/lucacastelli.com\/fr\/wp-json\/wp\/v2\/product_tag?post=466272"}],"curies":[{"name":"wp","href":"https:\/\/api.w.org\/{rel}","templated":true}]}}