{"id":466268,"date":"2025-05-31T22:32:33","date_gmt":"2025-05-31T20:32:33","guid":{"rendered":"https:\/\/lucacastelli.com\/prodotto\/imow-7-evo\/"},"modified":"2025-05-31T22:32:33","modified_gmt":"2025-05-31T20:32:33","slug":"imow-7-evo","status":"publish","type":"product","link":"https:\/\/lucacastelli.com\/fr\/produit\/imow-7-evo\/","title":{"rendered":"iMOW 7 EVO"},"content":{"rendered":"<p>Le pSTIHL iMOW\u00ae 7 EVO vous offre un soutien efficace si vous souhaitez prendre soin de votre pelouse sur de grandes surfaces priv\u00e9es de mani\u00e8re enti\u00e8rement automatique. Aliment\u00e9es par une batterie lithium-ion haute performance, les 3 lames \u00e0 rotation libre du syst\u00e8me Disc-Cut permettent une coupe nette avec une vitesse de lame \u00e9lev\u00e9e. Le robot tondeuse STIHL iMOW\u00ae 7 EVO peut affronter efficacement des pentes allant jusqu\u2019\u00e0 45 % sur des pelouses d\u2019une surface allant jusqu\u2019\u00e0 5 000 m\u00b2, par exemple lors de la tonte sur des pentes. L\u2019iMOW\u00ae 7 EVO paille pour que l\u2019herbe d\u00e9chiquet\u00e9e soit r\u00e9utilis\u00e9e comme engrais pour la pelouse. Un kit de mise \u00e0 niveau en option permet \u00e9galement des pentes allant jusqu\u2019\u00e0 60 %. Gr\u00e2ce \u00e0 divers capteurs, le robot s\u2019approche doucement des obstacles \u00e0 une vitesse contr\u00f4l\u00e9e, de sorte que la pelouse est tondue \u00e0 proximit\u00e9 de l\u2019objet et change automatiquement de direction. Vous pouvez contr\u00f4ler votre STIHL iMOW\u00ae 7 EVO \u00e0 tout moment \u00e0 l\u2019aide de l\u2019application MY iMOW\u00ae via Bluetooth\u00ae ou WiFi, mais aussi via les communications mobiles. En dehors de votre domicile, vous pouvez utiliser une alarme pour localiser le vol ou d\u00e9terminer l\u2019emplacement du robot. Vous pouvez \u00e9galement r\u00e9gler la hauteur de coupe individuellement en diff\u00e9rentes \u00e9tapes \u00e0 l\u2019aide de l\u2019application. Avec le programme de coupe, vous pouvez \u00e9galement d\u00e9finir des plages horaires pour les plans hebdomadaires pendant lesquels votre STIHL iMOW\u00ae 7 EVO est automatiquement activ\u00e9. Par temps de pluie, vous pouvez d\u00e9terminer si la pelouse doit \u00eatre tondue ou si le robot doit \u00eatre mis en pause gr\u00e2ce au capteur r\u00e9glable individuellement. La station d\u2019accueil sert de base au robotnbsp ; et pour la recharge. Le kit d\u2019installation appropri\u00e9 est n\u00e9cessaire pour l\u2019installation en fonction de la taille du jardin. Les tondeuses \u00e0 gazon robotis\u00e9es STIHL iMOW\u00ae sont conformes \u00e0 toutes les normes de s\u00e9curit\u00e9. Cependant, le robot iMOW\u00ae n\u2019est pas un jouet : lorsqu\u2019il est actif, \u00e9loignez les enfants, les spectateurs et les animaux de la zone de travail.<br \/>\n886661677177<\/p>\n<p>Syst\u00e8me de batterie AAI<br \/>\nPoids de l\u2019appareil Poids de l\u2019appareil<\/p>\n<p>Pente maximale Pente maximale<br \/>\nPente maximale avec kit pour terrain en pente 55<br \/>\nLargeur de coupe 28<\/p>\n","protected":false},"excerpt":{"rendered":"<p>iMOW 7 EVO<\/p>\n","protected":false},"featured_media":422644,"template":"","meta":{"_seopress_robots_primary_cat":"","_seopress_titles_title":"","_seopress_titles_desc":"","_seopress_robots_index":""},"product_brand":[3366],"product_cat":[29,262,278],"product_tag":[3265],"class_list":{"0":"post-466268","1":"product","2":"type-product","3":"status-publish","4":"has-post-thumbnail","6":"product_brand-stihl","7":"product_cat-macchinari","8":"product_cat-tosaerba-e-robot","9":"product_cat-robot-tosaerba","10":"product_tag-import-stihl","11":"sws-gruppo-macchinari-fr","12":"sws-conto-ricavi-merci-rivendita-macchinari-fr","13":"sws-gruppo-iva-iva81-fr","15":"first","16":"onbackorder","17":"purchasable","18":"product-type-simple"},"_links":{"self":[{"href":"https:\/\/lucacastelli.com\/fr\/wp-json\/wp\/v2\/product\/466268","targetHints":{"allow":["GET"]}}],"collection":[{"href":"https:\/\/lucacastelli.com\/fr\/wp-json\/wp\/v2\/product"}],"about":[{"href":"https:\/\/lucacastelli.com\/fr\/wp-json\/wp\/v2\/types\/product"}],"wp:featuredmedia":[{"embeddable":true,"href":"https:\/\/lucacastelli.com\/fr\/wp-json\/wp\/v2\/media\/422644"}],"wp:attachment":[{"href":"https:\/\/lucacastelli.com\/fr\/wp-json\/wp\/v2\/media?parent=466268"}],"wp:term":[{"taxonomy":"product_brand","embeddable":true,"href":"https:\/\/lucacastelli.com\/fr\/wp-json\/wp\/v2\/product_brand?post=466268"},{"taxonomy":"product_cat","embeddable":true,"href":"https:\/\/lucacastelli.com\/fr\/wp-json\/wp\/v2\/product_cat?post=466268"},{"taxonomy":"product_tag","embeddable":true,"href":"https:\/\/lucacastelli.com\/fr\/wp-json\/wp\/v2\/product_tag?post=466268"}],"curies":[{"name":"wp","href":"https:\/\/api.w.org\/{rel}","templated":true}]}}