{"id":466265,"date":"2025-05-31T22:32:27","date_gmt":"2025-05-31T20:32:27","guid":{"rendered":"https:\/\/lucacastelli.com\/prodotto\/imow-6-evo\/"},"modified":"2025-05-31T22:32:27","modified_gmt":"2025-05-31T20:32:27","slug":"imow-6-evo","status":"publish","type":"product","link":"https:\/\/lucacastelli.com\/fr\/produit\/imow-6-evo\/","title":{"rendered":"iMOW 6 EVO"},"content":{"rendered":"<p>Le robot tondeuse STIHL iMOW\u00ae 6 EVO dot\u00e9 d\u2019une puissante batterie lithium-ion est un bon choix pour la tonte enti\u00e8rement automatique de grandes pelouses. Il prend soin de la pelouse de mani\u00e8re enti\u00e8rement automatique et ind\u00e9pendante. Avec les 3 lames \u00e0 rotation libre du syst\u00e8me Disc-Cut, vous pouvez obtenir une coupe nette gr\u00e2ce \u00e0 la vitesse \u00e9lev\u00e9e de la lame. Le robot g\u00e8re \u00e9galement efficacement les pentes jusqu\u2019au contact d\u2019un obstacle. Les objets sont rapproch\u00e9s \u00e0 une vitesse contr\u00f4l\u00e9e afin que la pelouse soit coup\u00e9e \u00e0 proximit\u00e9. Des man\u0153uvres de rotation intelligentes peuvent \u00e9galement \u00eatre utilis\u00e9es pour travailler efficacement dans des espaces confin\u00e9s. La vitesse est ajust\u00e9e sur un terrain accident\u00e9, de sorte qu\u2019un r\u00e9sultat uniforme est \u00e9galement obtenu dans ce cas. L\u2019utilisation est simple et intuitive via le panneau de commande avec seulement quelques boutons, \u00e9galement pris en charge par la sortie vocale. L\u2019\u00e9tat actuel du robot tondeuse est affich\u00e9 via la bande arri\u00e8re LED et les motifs lumineux matriciels LED sur le dessus du bo\u00eetier. Les feux diurnes de la bande LED avant peuvent \u00eatre s\u00e9lectionn\u00e9s dans 3 modes diff\u00e9rents. \u00c0 l\u2019aide de l\u2019application MY iMOW\u00ae, vous pouvez contr\u00f4ler votre robot tondeuse \u00e0 tout moment en plus du Bluetooth\u00ae et du Wi-Fi si l\u2019appareil se d\u00e9place en dehors de votre domicile. Vous pouvez \u00e9galement r\u00e9gler la hauteur de coupe individuellement en diff\u00e9rentes \u00e9tapes. En dehors de la zone de r\u00e9sidence, une alarme peut \u00e9galement localiser le vol ou d\u00e9terminer l\u2019emplacement du robot. Si n\u00e9cessaire, vous pouvez \u00e9galement d\u00e9marrer STIHL iMOW\u00ae6 manuellement.<br \/>\n886661677054<\/p>\n<p>Syst\u00e8me de batterie AAI<br \/>\nPoids de l\u2019appareil Poids de l\u2019appareil<\/p>\n<p>Pente maximale Pente maximale<br \/>\nPente maximale avec kit pour terrain en pente 55<br \/>\nLargeur de coupe 28<\/p>\n","protected":false},"excerpt":{"rendered":"<p>iMOW 6 EVO<\/p>\n","protected":false},"featured_media":422619,"template":"","meta":{"_seopress_robots_primary_cat":"","_seopress_titles_title":"","_seopress_titles_desc":"","_seopress_robots_index":""},"product_brand":[3366],"product_cat":[29,262,278],"product_tag":[3265],"class_list":{"0":"post-466265","1":"product","2":"type-product","3":"status-publish","4":"has-post-thumbnail","6":"product_brand-stihl","7":"product_cat-macchinari","8":"product_cat-tosaerba-e-robot","9":"product_cat-robot-tosaerba","10":"product_tag-import-stihl","11":"sws-gruppo-macchinari-fr","12":"sws-conto-ricavi-merci-rivendita-macchinari-fr","13":"sws-gruppo-iva-iva81-fr","15":"first","16":"onbackorder","17":"purchasable","18":"product-type-simple"},"_links":{"self":[{"href":"https:\/\/lucacastelli.com\/fr\/wp-json\/wp\/v2\/product\/466265","targetHints":{"allow":["GET"]}}],"collection":[{"href":"https:\/\/lucacastelli.com\/fr\/wp-json\/wp\/v2\/product"}],"about":[{"href":"https:\/\/lucacastelli.com\/fr\/wp-json\/wp\/v2\/types\/product"}],"wp:featuredmedia":[{"embeddable":true,"href":"https:\/\/lucacastelli.com\/fr\/wp-json\/wp\/v2\/media\/422619"}],"wp:attachment":[{"href":"https:\/\/lucacastelli.com\/fr\/wp-json\/wp\/v2\/media?parent=466265"}],"wp:term":[{"taxonomy":"product_brand","embeddable":true,"href":"https:\/\/lucacastelli.com\/fr\/wp-json\/wp\/v2\/product_brand?post=466265"},{"taxonomy":"product_cat","embeddable":true,"href":"https:\/\/lucacastelli.com\/fr\/wp-json\/wp\/v2\/product_cat?post=466265"},{"taxonomy":"product_tag","embeddable":true,"href":"https:\/\/lucacastelli.com\/fr\/wp-json\/wp\/v2\/product_tag?post=466265"}],"curies":[{"name":"wp","href":"https:\/\/api.w.org\/{rel}","templated":true}]}}