{"id":466261,"date":"2025-05-31T22:32:30","date_gmt":"2025-05-31T20:32:30","guid":{"rendered":"https:\/\/lucacastelli.com\/prodotto\/imow-7\/"},"modified":"2025-05-31T22:32:30","modified_gmt":"2025-05-31T20:32:30","slug":"imow-7","status":"publish","type":"product","link":"https:\/\/lucacastelli.com\/fr\/produit\/imow-7\/","title":{"rendered":"iMOW 7"},"content":{"rendered":"<p>Le robot tondeuse STIHL iMOW\u00ae 7 offre un soutien efficace pour l\u2019entretien enti\u00e8rement automatique des pelouses dans le secteur priv\u00e9. Entra\u00een\u00e9es par une batterie lithium-ion haute performance, les 3 lames \u00e0 rotation libre du syst\u00e8me Disc-Cut permettent une coupe pr\u00e9cise avec une vitesse de lame \u00e9lev\u00e9e. La batterie permet au robot de fonctionner pendant une longue p\u00e9riode sans interruption. Le robot tondeuse peut g\u00e9rer des pentes de sol allant jusqu\u2019\u00e0 40 % gr\u00e2ce \u00e0 sa manipulation fiable. iMOW\u00ae 7 paille \u00e9galement afin que l\u2019herbe d\u00e9chiquet\u00e9e soit r\u00e9utilis\u00e9e comme engrais pour pelouse. Gr\u00e2ce \u00e0 des capteurs \u00e0 ultrasons et \u00e0 une vitesse contr\u00f4l\u00e9e, la pelouse peut \u00eatre tondue jusqu\u2019\u00e0 l\u2019objet. Au contact, le robot change de direction. Des man\u0153uvres de rotation intelligentes permettent une coupe efficace dans les espaces confin\u00e9s. Pour un r\u00e9sultat de coupe en douceur, la vitesse est r\u00e9gl\u00e9e sur un sol accident\u00e9 \u00e0 l\u2019aide de capteurs d\u2019inclinaison. Le panneau de commande permet une utilisation intuitive et simple avec seulement quelques boutons, soutenu par une sortie vocale. L\u2019\u00e9tat actuel de votre robot est \u00e9galement affich\u00e9 via la bande arri\u00e8re LED. Vous pouvez choisir parmi 3 modes diff\u00e9rents pour les feux de jour dans la bande avant LED. Vous pouvez contr\u00f4ler votre robot tondeuse \u00e0 tout moment \u00e0 l\u2019aide de l\u2019application MY iMOW\u00ae via Bluetooth\u00ae ou Wi-Fi. \u00c0 l\u2019aide de l\u2019application, vous pouvez r\u00e9gler la hauteur de coupe individuellement en diff\u00e9rentes \u00e9tapes et d\u00e9finir un plan de coupe avec des cr\u00e9neaux horaires pendant lesquels votre iMOW\u00ae 7 de STIHL est automatiquement activ\u00e9. Si n\u00e9cessaire, vous pouvez \u00e9galement d\u00e9marrer le robot tondeuse manuellement. En cas de pluie, gr\u00e2ce au capteur de pluie r\u00e9glable, vous pouvez d\u00e9cider si l\u2019iMOW\u00ae 7 doit arr\u00eater ou continuer \u00e0 tondre la pelouse. La station d\u2019accueil sert de base pour le robot et pour la charge. Le kit appropri\u00e9 est n\u00e9cessaire pour l\u2019installation. Les tondeuses \u00e0 gazon robotis\u00e9es STIHL iMOW\u00ae sont conformes \u00e0 toutes les normes de s\u00e9curit\u00e9. Cependant, iMOW\u00ae n\u2019est pas un jouet : lorsque vous \u00eates actif, \u00e9loignez les enfants, les spectateurs et les animaux de la zone de travail.<br \/>\n886661516674<\/p>\n<p>Syst\u00e8me de batterie AAI<br \/>\nPoids de l\u2019appareil Poids de l\u2019appareil<\/p>\n<p>Pente max. Pente max.<br \/>\n Largeur de coupe 28<br \/>\nHauteur de coupe min 20<\/p>\n","protected":false},"excerpt":{"rendered":"<p>iMOW 7<\/p>\n","protected":false},"featured_media":422583,"template":"","meta":{"_seopress_robots_primary_cat":"","_seopress_titles_title":"","_seopress_titles_desc":"","_seopress_robots_index":""},"product_brand":[3366],"product_cat":[29,262,278],"product_tag":[3265],"class_list":{"0":"post-466261","1":"product","2":"type-product","3":"status-publish","4":"has-post-thumbnail","6":"product_brand-stihl","7":"product_cat-macchinari","8":"product_cat-tosaerba-e-robot","9":"product_cat-robot-tosaerba","10":"product_tag-import-stihl","11":"sws-gruppo-macchinari-fr","12":"sws-conto-ricavi-merci-rivendita-macchinari-fr","13":"sws-gruppo-iva-iva81-fr","15":"first","16":"onbackorder","17":"purchasable","18":"product-type-simple"},"_links":{"self":[{"href":"https:\/\/lucacastelli.com\/fr\/wp-json\/wp\/v2\/product\/466261","targetHints":{"allow":["GET"]}}],"collection":[{"href":"https:\/\/lucacastelli.com\/fr\/wp-json\/wp\/v2\/product"}],"about":[{"href":"https:\/\/lucacastelli.com\/fr\/wp-json\/wp\/v2\/types\/product"}],"wp:featuredmedia":[{"embeddable":true,"href":"https:\/\/lucacastelli.com\/fr\/wp-json\/wp\/v2\/media\/422583"}],"wp:attachment":[{"href":"https:\/\/lucacastelli.com\/fr\/wp-json\/wp\/v2\/media?parent=466261"}],"wp:term":[{"taxonomy":"product_brand","embeddable":true,"href":"https:\/\/lucacastelli.com\/fr\/wp-json\/wp\/v2\/product_brand?post=466261"},{"taxonomy":"product_cat","embeddable":true,"href":"https:\/\/lucacastelli.com\/fr\/wp-json\/wp\/v2\/product_cat?post=466261"},{"taxonomy":"product_tag","embeddable":true,"href":"https:\/\/lucacastelli.com\/fr\/wp-json\/wp\/v2\/product_tag?post=466261"}],"curies":[{"name":"wp","href":"https:\/\/api.w.org\/{rel}","templated":true}]}}