{"id":466259,"date":"2025-05-31T22:32:25","date_gmt":"2025-05-31T20:32:25","guid":{"rendered":"https:\/\/lucacastelli.com\/prodotto\/imow-6\/"},"modified":"2025-05-31T22:32:25","modified_gmt":"2025-05-31T20:32:25","slug":"imow-6","status":"publish","type":"product","link":"https:\/\/lucacastelli.com\/fr\/produit\/imow-6\/","title":{"rendered":"iMOW 6"},"content":{"rendered":"<p>Le robot tondeuse STIHL iMOW\u00ae 6 dot\u00e9 d\u2019une puissante batterie lithium-ion prend soin de votre pelouse de mani\u00e8re enti\u00e8rement automatique et autonome. La batterie permet au robot tondeuse de fonctionner sans interruption pendant une longue p\u00e9riode. Avec les 3 lames \u00e0 rotation libre du syst\u00e8me Disc-Cut, vous pouvez obtenir une coupe nette gr\u00e2ce \u00e0 la vitesse \u00e9lev\u00e9e de la lame. Lors du paillage avec STIHL iMOW\u00ae 6 , l\u2019herbe est d\u00e9chiquet\u00e9e de mani\u00e8re \u00e0 pouvoir \u00eatre r\u00e9utilis\u00e9e directement comme engrais pour pelouse. Les surfaces de pelouse allant jusqu\u2019\u00e0 3 000 m\u00b2 sont g\u00e9r\u00e9es efficacement, tout comme les pentes du sol allant jusqu\u2019\u00e0 40 %, par exemple lors de la tonte sur des pentes. Les capteurs int\u00e9gr\u00e9s font en sorte que STIHL iMOW\u00ae 6 change automatiquement de direction lorsqu\u2019il entre en contact avec un obstacle&nbsp;; La vitesse est ajust\u00e9e sur un terrain accident\u00e9 \u00e0 l\u2019aide de capteurs d\u2019inclinaison, de sorte qu\u2019un r\u00e9sultat uniforme est \u00e9galement obtenu dans ce cas. L\u2019utilisation est simple et intuitive via le panneau de commande avec seulement quelques boutons, et \u00e9galement prise en charge par la sortie vocale. L\u2019\u00e9tat actuel de votre robot tondeuse est affich\u00e9 via la bande arri\u00e8re LED. Les feux diurnes de la bande frontale LED peuvent \u00eatre s\u00e9lectionn\u00e9s dans 3 modes diff\u00e9rents. \u00c0 l\u2019aide de l\u2019application MY iMONW, vous pouvez contr\u00f4ler votre tondeuse robot \u00e0 tout moment via Bluetooth\u00ae ou Wi-Fi. Vous pouvez \u00e9galement r\u00e9gler la hauteur de coupe individuellement en diff\u00e9rentes \u00e9tapes. Si n\u00e9cessaire, vous pouvez \u00e9galement d\u00e9marrer STIHL iMOW\u00ae6 manuellement. Gr\u00e2ce au capteur de pluie r\u00e9glable individuellement, vous pouvez d\u00e9cider si la pelouse doit \u00e9galement \u00eatre tondue par temps de pluie ou si l\u2019iMOW doit \u00eatre mis en pause. La station d\u2019accueil sert de base au robot tondeuse et \u00e0 sa charge. Le kit d\u2019installation appropri\u00e9 est n\u00e9cessaire pour l\u2019installation, en fonction de la taille du jardin. Les tondeuses \u00e0 gazon robotis\u00e9es STIHL iMOW\u00ae sont conformes \u00e0 toutes les normes de s\u00e9curit\u00e9. Cependant, le robot iMOW n\u2019est pas un jouet : lorsqu\u2019il est actif, \u00e9loignez les enfants, les spectateurs et les animaux de la zone de travail.<br \/>\n886661516629<\/p>\n<p>Syst\u00e8me de batterie AAI<br \/>\nPoids de l\u2019appareil Poids de l\u2019appareil<\/p>\n<p>Pente max. Pente max.<br \/>\n Largeur de coupe 28<br \/>\nHauteur de coupe min 20<\/p>\n","protected":false},"excerpt":{"rendered":"<p>iMOW 6<\/p>\n","protected":false},"featured_media":422583,"template":"","meta":{"_seopress_robots_primary_cat":"","_seopress_titles_title":"","_seopress_titles_desc":"","_seopress_robots_index":""},"product_brand":[3366],"product_cat":[29,262,278],"product_tag":[3265],"class_list":{"0":"post-466259","1":"product","2":"type-product","3":"status-publish","4":"has-post-thumbnail","6":"product_brand-stihl","7":"product_cat-macchinari","8":"product_cat-tosaerba-e-robot","9":"product_cat-robot-tosaerba","10":"product_tag-import-stihl","11":"sws-gruppo-macchinari-fr","12":"sws-conto-ricavi-merci-rivendita-macchinari-fr","13":"sws-gruppo-iva-iva81-fr","15":"first","16":"onbackorder","17":"purchasable","18":"product-type-simple"},"_links":{"self":[{"href":"https:\/\/lucacastelli.com\/fr\/wp-json\/wp\/v2\/product\/466259","targetHints":{"allow":["GET"]}}],"collection":[{"href":"https:\/\/lucacastelli.com\/fr\/wp-json\/wp\/v2\/product"}],"about":[{"href":"https:\/\/lucacastelli.com\/fr\/wp-json\/wp\/v2\/types\/product"}],"wp:featuredmedia":[{"embeddable":true,"href":"https:\/\/lucacastelli.com\/fr\/wp-json\/wp\/v2\/media\/422583"}],"wp:attachment":[{"href":"https:\/\/lucacastelli.com\/fr\/wp-json\/wp\/v2\/media?parent=466259"}],"wp:term":[{"taxonomy":"product_brand","embeddable":true,"href":"https:\/\/lucacastelli.com\/fr\/wp-json\/wp\/v2\/product_brand?post=466259"},{"taxonomy":"product_cat","embeddable":true,"href":"https:\/\/lucacastelli.com\/fr\/wp-json\/wp\/v2\/product_cat?post=466259"},{"taxonomy":"product_tag","embeddable":true,"href":"https:\/\/lucacastelli.com\/fr\/wp-json\/wp\/v2\/product_tag?post=466259"}],"curies":[{"name":"wp","href":"https:\/\/api.w.org\/{rel}","templated":true}]}}