{"id":466258,"date":"2025-05-31T22:32:21","date_gmt":"2025-05-31T20:32:21","guid":{"rendered":"https:\/\/lucacastelli.com\/prodotto\/imow-5\/"},"modified":"2025-05-31T22:32:21","modified_gmt":"2025-05-31T20:32:21","slug":"imow-5","status":"publish","type":"product","link":"https:\/\/lucacastelli.com\/fr\/produit\/imow-5\/","title":{"rendered":"iMOW 5"},"content":{"rendered":"<p>Avec le robot tondeuse STIHL iMOW\u00ae 5, les pelouses de taille moyenne peuvent \u00eatre entretenues de mani\u00e8re enti\u00e8rement automatique. La tondeuse \u00e0 gazon fonctionne avec une puissante batterie lithium-ion qui vous permet de travailler sans interruption pendant une longue p\u00e9riode. Avec 3 lames \u00e0 rotation libre du syst\u00e8me Disc-Cut, une coupe nette est obtenue gr\u00e2ce \u00e0 la vitesse \u00e9lev\u00e9e de la lame. \u00c0 l\u2019aide de capteurs \u00e0 ultrasons et d\u2019une vitesse contr\u00f4l\u00e9e, le robot s\u2019approche doucement des obstacles en coupant l\u2019herbe autour de l\u2019objet. Au contact, le robot change automatiquement de direction. Des man\u0153uvres de rotation intelligentes permettent une coupe efficace dans les espaces confin\u00e9s. Sur un terrain accident\u00e9, la vitesse est ajust\u00e9e gr\u00e2ce aux capteurs d\u2019inclinaison, de sorte qu\u2019un r\u00e9sultat uniforme est \u00e9galement obtenu dans ce cas. Le panneau de commande permet une utilisation simple&nbsp;; avec seulement quelques boutons. De plus, un contr\u00f4le intuitif est pris en charge par la sortie vocale. L\u2019\u00e9tat actuel de votre robot robot est affich\u00e9 via la bande arri\u00e8re LED, tandis que la bande avant active les feux de jour dans 3 modes diff\u00e9rents. Vous pouvez contr\u00f4ler votre robot tondeuse ; \u00e0 tout moment via Bluetooth\u00ae ou Wi-Fi \u00e0 l\u2019aide de l\u2019application MY iMOW\u00ae.\/p<br \/>\n886661496648<\/p>\n<p>Syst\u00e8me de batterie AAI<br \/>\nPoids de l\u2019appareil Poids de l\u2019appareil<\/p>\n<p>Pente max. Pente max.<br \/>\n Largeur de coupe 28<br \/>\nHauteur de coupe min 20<\/p>\n","protected":false},"excerpt":{"rendered":"<p>iMOW 5<\/p>\n","protected":false},"featured_media":422583,"template":"","meta":{"_seopress_robots_primary_cat":"","_seopress_titles_title":"","_seopress_titles_desc":"","_seopress_robots_index":""},"product_brand":[3366],"product_cat":[29,262,278],"product_tag":[3265],"class_list":{"0":"post-466258","1":"product","2":"type-product","3":"status-publish","4":"has-post-thumbnail","6":"product_brand-stihl","7":"product_cat-macchinari","8":"product_cat-tosaerba-e-robot","9":"product_cat-robot-tosaerba","10":"product_tag-import-stihl","11":"sws-gruppo-macchinari-fr","12":"sws-conto-ricavi-merci-rivendita-macchinari-fr","13":"sws-gruppo-iva-iva81-fr","15":"first","16":"onbackorder","17":"purchasable","18":"product-type-simple"},"_links":{"self":[{"href":"https:\/\/lucacastelli.com\/fr\/wp-json\/wp\/v2\/product\/466258","targetHints":{"allow":["GET"]}}],"collection":[{"href":"https:\/\/lucacastelli.com\/fr\/wp-json\/wp\/v2\/product"}],"about":[{"href":"https:\/\/lucacastelli.com\/fr\/wp-json\/wp\/v2\/types\/product"}],"wp:featuredmedia":[{"embeddable":true,"href":"https:\/\/lucacastelli.com\/fr\/wp-json\/wp\/v2\/media\/422583"}],"wp:attachment":[{"href":"https:\/\/lucacastelli.com\/fr\/wp-json\/wp\/v2\/media?parent=466258"}],"wp:term":[{"taxonomy":"product_brand","embeddable":true,"href":"https:\/\/lucacastelli.com\/fr\/wp-json\/wp\/v2\/product_brand?post=466258"},{"taxonomy":"product_cat","embeddable":true,"href":"https:\/\/lucacastelli.com\/fr\/wp-json\/wp\/v2\/product_cat?post=466258"},{"taxonomy":"product_tag","embeddable":true,"href":"https:\/\/lucacastelli.com\/fr\/wp-json\/wp\/v2\/product_tag?post=466258"}],"curies":[{"name":"wp","href":"https:\/\/api.w.org\/{rel}","templated":true}]}}