{"id":466253,"date":"2025-05-31T22:32:23","date_gmt":"2025-05-31T20:32:23","guid":{"rendered":"https:\/\/lucacastelli.com\/prodotto\/imow-5-evo\/"},"modified":"2025-05-31T22:32:23","modified_gmt":"2025-05-31T20:32:23","slug":"imow-5-evo","status":"publish","type":"product","link":"https:\/\/lucacastelli.com\/fr\/produit\/imow-5-evo\/","title":{"rendered":"iMOW 5 EVO"},"content":{"rendered":"<p>Le robot tondeuse STIHL iMOW\u00ae 5 EVO vous assiste de mani\u00e8re enti\u00e8rement automatique dans l\u2019entretien des pelouses de taille moyenne dans les espaces priv\u00e9s. Aliment\u00e9es par une batterie lithium-ion haute performance, les 3 lames \u00e0 rotation libre du syst\u00e8me Disc-Cut permettent une coupe nette en moins de temps d\u2019activit\u00e9 que la STIHL iMOW\u00ae 5 en raison de la vitesse \u00e9lev\u00e9e de la lame. Avec le robot tondeuse, vous pouvez tondre sur des pentes, par exemple, et pailler en m\u00eame temps. L\u2019herbe est d\u00e9chiquet\u00e9e afin de pouvoir \u00eatre r\u00e9utilis\u00e9e directement comme engrais pour la pelouse. Gr\u00e2ce \u00e0 la manipulation fiable du robot iMOW\u00ae 5 EVO, il est possible de g\u00e9rer efficacement des surfaces de pelouse allant jusqu\u2019\u00e0 1 500 m\u00b2 et des pentes de sol allant jusqu\u2019\u00e0 45 %. Le kit de mise \u00e0 niveau en option permet \u00e9galement \u00e0 votre iMOW\u00ae de travailler sur des pentes allant jusqu\u2019\u00e0 60 %. Des capteurs \u00e0 ultrasons et une vitesse contr\u00f4l\u00e9e vous permettent d\u2019approcher doucement les obstacles afin que la pelouse soit tondue pr\u00e8s de l\u2019objet et que le STIHL iMOW\u00ae 5 EVO change automatiquement de direction au contact. Des man\u0153uvres de virage intelligentes vous permettent de couper dans des espaces restreints. \u00c0 l\u2019aide de capteurs d\u2019inclinaison, la vitesse est ajust\u00e9e sur un terrain accident\u00e9. Le panneau de commande permet une utilisation simple avec seulement quelques boutons. Aussinbsp&nbsp;; Le contr\u00f4le intuitif est pris en charge par la sortie vocale. L\u2019\u00e9tat actuel est affich\u00e9 via la bande arri\u00e8re LED et les motifs lumineux matriciels LED en haut. La bande frontale \u00e0 LED offre des feux de jour en 3 modes diff\u00e9rents. Vous pouvez contr\u00f4ler votre robot tondeuse iMOW\u00ae 5 Evo \u00e0 tout moment via Bluetooth\u00ae, WLAN ou, si votre robot se d\u00e9place en dehors de votre domicile, via les communications mobiles via l\u2019application MY iMOW\u00ae. Vous pouvez \u00e9galement utiliser l\u2019application pour r\u00e9gler la hauteur de coupe individuellement en diff\u00e9rentes \u00e9tapes. Dans le plan de coupe, vous pouvez d\u00e9finir les plages horaires pour les plans hebdomadaires dans lesquels votre iMOW\u00ae 5 EVO de STIHL est actif de mani\u00e8re ind\u00e9pendante. Si n\u00e9cessaire, vous pouvez \u00e9galement d\u00e9marrer votre robot manuellement. \u00c0 l\u2019aide du capteur de pluie, vous pouvez r\u00e9gler individuellement si vous devez travailler ou faire une pause. La station d\u2019accueil sert de base pour la recharge ; Les robots tondeuses STIHL iMOW\u00ae r\u00e9pondent \u00e0 toutes les normes de s\u00e9curit\u00e9, cependant, ce n\u2019est pas un jouet : lorsque le robot est actif, \u00e9loignez les enfants, les spectateurs et les animaux de la zone de travail.<br \/>\n886661676965<\/p>\n<p>Syst\u00e8me de batterie AAI<br \/>\nPoids de l\u2019appareil Poids de l\u2019appareil<\/p>\n<p>Pente maximale Pente maximale<br \/>\nPente maximale avec kit pour terrain en pente 55<br \/>\nLargeur de coupe 28<\/p>\n","protected":false},"excerpt":{"rendered":"<p>iMOW 5 EVO<\/p>\n","protected":false},"featured_media":422595,"template":"","meta":{"_seopress_robots_primary_cat":"","_seopress_titles_title":"","_seopress_titles_desc":"","_seopress_robots_index":""},"product_brand":[3366],"product_cat":[29,262,278],"product_tag":[3265],"class_list":{"0":"post-466253","1":"product","2":"type-product","3":"status-publish","4":"has-post-thumbnail","6":"product_brand-stihl","7":"product_cat-macchinari","8":"product_cat-tosaerba-e-robot","9":"product_cat-robot-tosaerba","10":"product_tag-import-stihl","11":"sws-gruppo-macchinari-fr","12":"sws-conto-ricavi-merci-rivendita-macchinari-fr","13":"sws-gruppo-iva-iva81-fr","15":"first","16":"onbackorder","17":"purchasable","18":"product-type-simple"},"_links":{"self":[{"href":"https:\/\/lucacastelli.com\/fr\/wp-json\/wp\/v2\/product\/466253","targetHints":{"allow":["GET"]}}],"collection":[{"href":"https:\/\/lucacastelli.com\/fr\/wp-json\/wp\/v2\/product"}],"about":[{"href":"https:\/\/lucacastelli.com\/fr\/wp-json\/wp\/v2\/types\/product"}],"wp:featuredmedia":[{"embeddable":true,"href":"https:\/\/lucacastelli.com\/fr\/wp-json\/wp\/v2\/media\/422595"}],"wp:attachment":[{"href":"https:\/\/lucacastelli.com\/fr\/wp-json\/wp\/v2\/media?parent=466253"}],"wp:term":[{"taxonomy":"product_brand","embeddable":true,"href":"https:\/\/lucacastelli.com\/fr\/wp-json\/wp\/v2\/product_brand?post=466253"},{"taxonomy":"product_cat","embeddable":true,"href":"https:\/\/lucacastelli.com\/fr\/wp-json\/wp\/v2\/product_cat?post=466253"},{"taxonomy":"product_tag","embeddable":true,"href":"https:\/\/lucacastelli.com\/fr\/wp-json\/wp\/v2\/product_tag?post=466253"}],"curies":[{"name":"wp","href":"https:\/\/api.w.org\/{rel}","templated":true}]}}