{"id":466251,"date":"2025-05-31T22:31:10","date_gmt":"2025-05-31T20:31:10","guid":{"rendered":"https:\/\/lucacastelli.com\/prodotto\/rma-765-v-sans-batterie-chargeur\/"},"modified":"2025-06-29T13:35:47","modified_gmt":"2025-06-29T11:35:47","slug":"rma-765-v-sans-batterie-chargeur","status":"publish","type":"product","link":"https:\/\/lucacastelli.com\/fr\/produit\/rma-765-v-sans-batterie-chargeur\/","title":{"rendered":"STIHL RMA 765 V, sans batterie + chargeur"},"content":{"rendered":"<p>La tondeuse \u00e0 gazon professionnelle STIHL RMA 765 V est id\u00e9ale pour les grandes surfaces. \u00c9quip\u00e9es du syst\u00e8me de ligne akku PRO, les batteries servent de source d\u2019\u00e9nergie au moteur \u00e9lectrique. La tondeuse est \u00e9quip\u00e9e d\u2019un bo\u00eetier hybride robuste et d\u2019un entra\u00eenement \u00e9lectrique Vario pour un contr\u00f4le flexible de la vitesse. Les roues avant facilitent les man\u0153uvres de la machine. Le guidon est r\u00e9glable en hauteur et pliable. Pour assurer une coupe efficace, un appareil \u00e0 2 lames d\u2019une largeur de 63 cm est utilis\u00e9. La tondeuse \u00e0 gazon STIHL RMA 765 V est \u00e9quip\u00e9e d\u2019un bac de ramassage d\u2019une capacit\u00e9 de 80 litres et d\u2019un \u00e9jection arri\u00e8re du mat\u00e9riau coup\u00e9. Kit de paillage en option comme accessoire. Poids 44 Kg, sans batterie\/p<br \/>\n886661439607       <\/p>\n<p>Puissance nominale Syst\u00e8me de batterie 1500<br \/>\nSyst\u00e8me de batterie<\/p>\n<p>Transmission Poids de la transmission<br \/>\n44.0<br \/>\nLargeur de coupe 63<\/p>\n","protected":false},"excerpt":{"rendered":"<p>RMA 765 V, sans batterie + chargeur<\/p>\n","protected":false},"featured_media":422387,"template":"","meta":{"_seopress_robots_primary_cat":"","_seopress_titles_title":"","_seopress_titles_desc":"","_seopress_robots_index":""},"product_brand":[3555],"product_cat":[167,1670,1657],"product_tag":[3267],"class_list":{"0":"post-466251","1":"product","2":"type-product","3":"status-publish","4":"has-post-thumbnail","6":"product_brand-stihl-fr","7":"product_cat-machines","8":"product_cat-tondeuses-a-batterie","9":"product_cat-tondeuses-et-robots","10":"product_tag-import-stihl-fr","11":"sws-gruppo-macchinari-fr","12":"sws-conto-ricavi-merci-rivendita-macchinari-fr","13":"sws-gruppo-iva-iva81-fr","15":"first","16":"onbackorder","17":"purchasable","18":"product-type-simple"},"_links":{"self":[{"href":"https:\/\/lucacastelli.com\/fr\/wp-json\/wp\/v2\/product\/466251","targetHints":{"allow":["GET"]}}],"collection":[{"href":"https:\/\/lucacastelli.com\/fr\/wp-json\/wp\/v2\/product"}],"about":[{"href":"https:\/\/lucacastelli.com\/fr\/wp-json\/wp\/v2\/types\/product"}],"wp:featuredmedia":[{"embeddable":true,"href":"https:\/\/lucacastelli.com\/fr\/wp-json\/wp\/v2\/media\/422387"}],"wp:attachment":[{"href":"https:\/\/lucacastelli.com\/fr\/wp-json\/wp\/v2\/media?parent=466251"}],"wp:term":[{"taxonomy":"product_brand","embeddable":true,"href":"https:\/\/lucacastelli.com\/fr\/wp-json\/wp\/v2\/product_brand?post=466251"},{"taxonomy":"product_cat","embeddable":true,"href":"https:\/\/lucacastelli.com\/fr\/wp-json\/wp\/v2\/product_cat?post=466251"},{"taxonomy":"product_tag","embeddable":true,"href":"https:\/\/lucacastelli.com\/fr\/wp-json\/wp\/v2\/product_tag?post=466251"}],"curies":[{"name":"wp","href":"https:\/\/api.w.org\/{rel}","templated":true}]}}