{"id":466249,"date":"2025-05-31T22:31:02","date_gmt":"2025-05-31T20:31:02","guid":{"rendered":"https:\/\/lucacastelli.com\/prodotto\/rm-756-yc\/"},"modified":"2025-06-29T13:35:40","modified_gmt":"2025-06-29T11:35:40","slug":"rm-756-yc","status":"publish","type":"product","link":"https:\/\/lucacastelli.com\/fr\/produit\/rm-756-yc\/","title":{"rendered":"STIHL RM 756 YC"},"content":{"rendered":"<p>Tondeuse \u00e0 gazon \u00e0 essence particuli\u00e8rement puissante avec une largeur de coupe de 54 cm pour les grandes surfaces. Frein-embrayage-lame, r\u00e9glage de la hauteur de coupe pour chaque roue, guidon confortable \u00e0 poign\u00e9e unique avec poign\u00e9e super douce et transmission hydrostatique pour un travail confortable et efficace. Bac de ramassage de 80 litres avec indicateur de niveau de remplissage inclus.<br \/>\n886661758654  <\/p>\n<p>Cylindr\u00e9e 179<br \/>\nTransmission Transmission<\/p>\n<p>Type de moteur Moteur CO2<br \/>\n1068<br \/>\nPoids 61.0<\/p>\n","protected":false},"excerpt":{"rendered":"<p>RM 756 YC<\/p>\n","protected":false},"featured_media":422371,"template":"","meta":{"_seopress_robots_primary_cat":"","_seopress_titles_title":"","_seopress_titles_desc":"","_seopress_robots_index":""},"product_brand":[3555],"product_cat":[167,1671,1657],"product_tag":[3267],"class_list":{"0":"post-466249","1":"product","2":"type-product","3":"status-publish","4":"has-post-thumbnail","6":"product_brand-stihl-fr","7":"product_cat-machines","8":"product_cat-tondeuses-a-moteur","9":"product_cat-tondeuses-et-robots","10":"product_tag-import-stihl-fr","11":"sws-gruppo-macchinari-fr","12":"sws-conto-ricavi-merci-rivendita-macchinari-fr","13":"sws-gruppo-iva-iva81-fr","15":"first","16":"onbackorder","17":"purchasable","18":"product-type-simple"},"_links":{"self":[{"href":"https:\/\/lucacastelli.com\/fr\/wp-json\/wp\/v2\/product\/466249","targetHints":{"allow":["GET"]}}],"collection":[{"href":"https:\/\/lucacastelli.com\/fr\/wp-json\/wp\/v2\/product"}],"about":[{"href":"https:\/\/lucacastelli.com\/fr\/wp-json\/wp\/v2\/types\/product"}],"wp:featuredmedia":[{"embeddable":true,"href":"https:\/\/lucacastelli.com\/fr\/wp-json\/wp\/v2\/media\/422371"}],"wp:attachment":[{"href":"https:\/\/lucacastelli.com\/fr\/wp-json\/wp\/v2\/media?parent=466249"}],"wp:term":[{"taxonomy":"product_brand","embeddable":true,"href":"https:\/\/lucacastelli.com\/fr\/wp-json\/wp\/v2\/product_brand?post=466249"},{"taxonomy":"product_cat","embeddable":true,"href":"https:\/\/lucacastelli.com\/fr\/wp-json\/wp\/v2\/product_cat?post=466249"},{"taxonomy":"product_tag","embeddable":true,"href":"https:\/\/lucacastelli.com\/fr\/wp-json\/wp\/v2\/product_tag?post=466249"}],"curies":[{"name":"wp","href":"https:\/\/api.w.org\/{rel}","templated":true}]}}