{"id":466246,"date":"2025-05-31T22:31:06","date_gmt":"2025-05-31T20:31:06","guid":{"rendered":"https:\/\/lucacastelli.com\/prodotto\/rm-4-rtp\/"},"modified":"2025-06-29T13:35:52","modified_gmt":"2025-06-29T11:35:52","slug":"rm-4-rtp","status":"publish","type":"product","link":"https:\/\/lucacastelli.com\/fr\/produit\/rm-4-rtp\/","title":{"rendered":"STIHL RM 4 RTP"},"content":{"rendered":"<p>Tondeuse \u00e0 gazon mulching \u00e0 essence puissante, robuste et robuste avec une largeur de coupe de 53 cm pour les grandes surfaces. Moteur puissant \u00e0 faibles \u00e9missions. Le r\u00e9glage centralis\u00e9 de la hauteur de coupe, la prise en main super douce et la traction sur les roues \u00e0 1 vitesse vous permettent de travailler ; confortablement. Transport facile gr\u00e2ce au guidon pliable.<br \/>\n886661758357   <\/p>\n<p>Cylindr\u00e9e 173<br \/>\nTransmission Transmission<\/p>\n<p>Type de moteur Type de<br \/>\nmoteur CO2 725<br \/>\nPoids 44.0<\/p>\n","protected":false},"excerpt":{"rendered":"<p>RM 4 RTP<\/p>\n","protected":false},"featured_media":422379,"template":"","meta":{"_seopress_robots_primary_cat":"none","_seopress_titles_title":"","_seopress_titles_desc":"","_seopress_robots_index":""},"product_brand":[3555],"product_cat":[167,1671,1657],"product_tag":[3267],"class_list":{"0":"post-466246","1":"product","2":"type-product","3":"status-publish","4":"has-post-thumbnail","6":"product_brand-stihl-fr","7":"product_cat-machines","8":"product_cat-tondeuses-a-moteur","9":"product_cat-tondeuses-et-robots","10":"product_tag-import-stihl-fr","11":"sws-gruppo-macchinari-fr","12":"sws-conto-ricavi-merci-rivendita-macchinari-fr","13":"sws-gruppo-iva-iva81-fr","15":"first","16":"onbackorder","17":"purchasable","18":"product-type-simple"},"_links":{"self":[{"href":"https:\/\/lucacastelli.com\/fr\/wp-json\/wp\/v2\/product\/466246","targetHints":{"allow":["GET"]}}],"collection":[{"href":"https:\/\/lucacastelli.com\/fr\/wp-json\/wp\/v2\/product"}],"about":[{"href":"https:\/\/lucacastelli.com\/fr\/wp-json\/wp\/v2\/types\/product"}],"wp:featuredmedia":[{"embeddable":true,"href":"https:\/\/lucacastelli.com\/fr\/wp-json\/wp\/v2\/media\/422379"}],"wp:attachment":[{"href":"https:\/\/lucacastelli.com\/fr\/wp-json\/wp\/v2\/media?parent=466246"}],"wp:term":[{"taxonomy":"product_brand","embeddable":true,"href":"https:\/\/lucacastelli.com\/fr\/wp-json\/wp\/v2\/product_brand?post=466246"},{"taxonomy":"product_cat","embeddable":true,"href":"https:\/\/lucacastelli.com\/fr\/wp-json\/wp\/v2\/product_cat?post=466246"},{"taxonomy":"product_tag","embeddable":true,"href":"https:\/\/lucacastelli.com\/fr\/wp-json\/wp\/v2\/product_tag?post=466246"}],"curies":[{"name":"wp","href":"https:\/\/api.w.org\/{rel}","templated":true}]}}