{"id":466238,"date":"2025-05-31T22:30:52","date_gmt":"2025-05-31T20:30:52","guid":{"rendered":"https:\/\/lucacastelli.com\/prodotto\/rm-655-ys\/"},"modified":"2025-06-29T13:35:39","modified_gmt":"2025-06-29T11:35:39","slug":"rm-655-ys","status":"publish","type":"product","link":"https:\/\/lucacastelli.com\/fr\/produit\/rm-655-ys\/","title":{"rendered":"STIHL RM 655 YS"},"content":{"rendered":"<p>Tondeuse \u00e0 gazon \u00e0 essence puissante avec une largeur de coupe de 53 cm pour les grandes surfaces. Lame multifonction pour la coupe, la r\u00e9colte et le paillage. Frein-embrayage-lame, r\u00e9glage central de la hauteur de coupe, guidon confortable \u00e0 poign\u00e9e unique avec poign\u00e9e super<br \/>\ndouce et transmission hydrostatique pour un travail confortable<br \/>\net efficace. Bac de ramassage pliable<br \/>\nde 70 litres avec indicateur de niveau de remplissage inclus.<br \/>\n886661758302   <\/p>\n<p>Cylindr\u00e9e 179<br \/>\nTransmission Transmission<\/p>\n<p>Type de moteur Type de<br \/>\nmoteur CO2 1068<br \/>\nPoids 56.0<\/p>\n","protected":false},"excerpt":{"rendered":"<p>RM 655 YS<\/p>\n","protected":false},"featured_media":422351,"template":"","meta":{"_seopress_robots_primary_cat":"","_seopress_titles_title":"","_seopress_titles_desc":"","_seopress_robots_index":""},"product_brand":[3366],"product_cat":[29,262,279],"product_tag":[3265],"class_list":{"0":"post-466238","1":"product","2":"type-product","3":"status-publish","4":"has-post-thumbnail","6":"product_brand-stihl","7":"product_cat-macchinari","8":"product_cat-tosaerba-e-robot","9":"product_cat-tosaerba-a-motore","10":"product_tag-import-stihl","11":"sws-gruppo-macchinari-fr","12":"sws-conto-ricavi-merci-rivendita-macchinari-fr","13":"sws-gruppo-iva-iva81-fr","15":"first","16":"onbackorder","17":"purchasable","18":"product-type-simple"},"_links":{"self":[{"href":"https:\/\/lucacastelli.com\/fr\/wp-json\/wp\/v2\/product\/466238","targetHints":{"allow":["GET"]}}],"collection":[{"href":"https:\/\/lucacastelli.com\/fr\/wp-json\/wp\/v2\/product"}],"about":[{"href":"https:\/\/lucacastelli.com\/fr\/wp-json\/wp\/v2\/types\/product"}],"wp:featuredmedia":[{"embeddable":true,"href":"https:\/\/lucacastelli.com\/fr\/wp-json\/wp\/v2\/media\/422351"}],"wp:attachment":[{"href":"https:\/\/lucacastelli.com\/fr\/wp-json\/wp\/v2\/media?parent=466238"}],"wp:term":[{"taxonomy":"product_brand","embeddable":true,"href":"https:\/\/lucacastelli.com\/fr\/wp-json\/wp\/v2\/product_brand?post=466238"},{"taxonomy":"product_cat","embeddable":true,"href":"https:\/\/lucacastelli.com\/fr\/wp-json\/wp\/v2\/product_cat?post=466238"},{"taxonomy":"product_tag","embeddable":true,"href":"https:\/\/lucacastelli.com\/fr\/wp-json\/wp\/v2\/product_tag?post=466238"}],"curies":[{"name":"wp","href":"https:\/\/api.w.org\/{rel}","templated":true}]}}