{"id":466211,"date":"2025-05-31T22:28:45","date_gmt":"2025-05-31T20:28:45","guid":{"rendered":"https:\/\/lucacastelli.com\/prodotto\/adv-010\/"},"modified":"2025-06-29T13:49:52","modified_gmt":"2025-06-29T11:49:52","slug":"adv-010","status":"publish","type":"product","link":"https:\/\/lucacastelli.com\/fr\/produit\/adv-010\/","title":{"rendered":"STIHL ADV 010"},"content":{"rendered":"<p>Connexion filaire pour connecter le fil p\u00e9rim\u00e9trique, paquet de 10 pi\u00e8ces.<br \/>\n886661780587<\/p>\n","protected":false},"excerpt":{"rendered":"<p>ADV 010<\/p>\n","protected":false},"featured_media":422272,"template":"","meta":{"_seopress_robots_primary_cat":"","_seopress_titles_title":"","_seopress_titles_desc":"","_seopress_robots_index":""},"product_brand":[3555],"product_cat":[1456,167,1657,1691],"product_tag":[3267],"class_list":{"0":"post-466211","1":"product","2":"type-product","3":"status-publish","4":"has-post-thumbnail","6":"product_brand-stihl-fr","7":"product_cat-accessoires-et-consommables-fr","8":"product_cat-machines","9":"product_cat-tondeuses-et-robots","10":"product_cat-tracteurs-de-pelouse","11":"product_tag-import-stihl-fr","12":"sws-gruppo-macchinari-fr","13":"sws-conto-ricavi-merci-rivendita-macchinari-fr","14":"sws-gruppo-iva-iva81-fr","16":"first","17":"onbackorder","18":"purchasable","19":"product-type-simple"},"_links":{"self":[{"href":"https:\/\/lucacastelli.com\/fr\/wp-json\/wp\/v2\/product\/466211","targetHints":{"allow":["GET"]}}],"collection":[{"href":"https:\/\/lucacastelli.com\/fr\/wp-json\/wp\/v2\/product"}],"about":[{"href":"https:\/\/lucacastelli.com\/fr\/wp-json\/wp\/v2\/types\/product"}],"wp:featuredmedia":[{"embeddable":true,"href":"https:\/\/lucacastelli.com\/fr\/wp-json\/wp\/v2\/media\/422272"}],"wp:attachment":[{"href":"https:\/\/lucacastelli.com\/fr\/wp-json\/wp\/v2\/media?parent=466211"}],"wp:term":[{"taxonomy":"product_brand","embeddable":true,"href":"https:\/\/lucacastelli.com\/fr\/wp-json\/wp\/v2\/product_brand?post=466211"},{"taxonomy":"product_cat","embeddable":true,"href":"https:\/\/lucacastelli.com\/fr\/wp-json\/wp\/v2\/product_cat?post=466211"},{"taxonomy":"product_tag","embeddable":true,"href":"https:\/\/lucacastelli.com\/fr\/wp-json\/wp\/v2\/product_tag?post=466211"}],"curies":[{"name":"wp","href":"https:\/\/api.w.org\/{rel}","templated":true}]}}