{"id":466203,"date":"2025-05-31T22:28:20","date_gmt":"2025-05-31T20:28:20","guid":{"rendered":"https:\/\/lucacastelli.com\/prodotto\/amk-039\/"},"modified":"2025-07-08T11:15:53","modified_gmt":"2025-07-08T09:15:53","slug":"amk-039","status":"publish","type":"product","link":"https:\/\/lucacastelli.com\/fr\/produit\/amk-039\/","title":{"rendered":"STIHL AMK 039"},"content":{"rendered":"<p>Kit de paillage (lame polyvalente et insert de paillage) adapt\u00e9 \u00e0 tous les mod\u00e8les, largeur de coupe 37 cm.<br \/>\n886661782758<\/p>\n","protected":false},"excerpt":{"rendered":"<p>AMK 039<\/p>\n","protected":false},"featured_media":422262,"template":"","meta":{"_seopress_robots_primary_cat":"","_seopress_titles_title":"","_seopress_titles_desc":"","_seopress_robots_index":""},"product_brand":[3366],"product_cat":[29,515,262,487],"product_tag":[3265],"class_list":{"0":"post-466203","1":"product","2":"type-product","3":"status-publish","4":"has-post-thumbnail","6":"product_brand-stihl","7":"product_cat-macchinari","8":"product_cat-accessori-e-materiale-di-consumo-altri-dispositivi","9":"product_cat-tosaerba-e-robot","10":"product_cat-trattorini-tosaerba","11":"product_tag-import-stihl","12":"sws-gruppo-macchinari","13":"sws-conto-ricavi-merci-rivendita-macchinari","14":"sws-gruppo-iva-iva81","16":"first","17":"onbackorder","18":"purchasable","19":"product-type-simple"},"_links":{"self":[{"href":"https:\/\/lucacastelli.com\/fr\/wp-json\/wp\/v2\/product\/466203","targetHints":{"allow":["GET"]}}],"collection":[{"href":"https:\/\/lucacastelli.com\/fr\/wp-json\/wp\/v2\/product"}],"about":[{"href":"https:\/\/lucacastelli.com\/fr\/wp-json\/wp\/v2\/types\/product"}],"wp:featuredmedia":[{"embeddable":true,"href":"https:\/\/lucacastelli.com\/fr\/wp-json\/wp\/v2\/media\/422262"}],"wp:attachment":[{"href":"https:\/\/lucacastelli.com\/fr\/wp-json\/wp\/v2\/media?parent=466203"}],"wp:term":[{"taxonomy":"product_brand","embeddable":true,"href":"https:\/\/lucacastelli.com\/fr\/wp-json\/wp\/v2\/product_brand?post=466203"},{"taxonomy":"product_cat","embeddable":true,"href":"https:\/\/lucacastelli.com\/fr\/wp-json\/wp\/v2\/product_cat?post=466203"},{"taxonomy":"product_tag","embeddable":true,"href":"https:\/\/lucacastelli.com\/fr\/wp-json\/wp\/v2\/product_tag?post=466203"}],"curies":[{"name":"wp","href":"https:\/\/api.w.org\/{rel}","templated":true}]}}