{"id":466190,"date":"2025-05-31T22:27:02","date_gmt":"2025-05-31T20:27:02","guid":{"rendered":"https:\/\/lucacastelli.com\/prodotto\/amk-048-1\/"},"modified":"2025-07-08T11:15:37","modified_gmt":"2025-07-08T09:15:37","slug":"amk-048-1","status":"publish","type":"product","link":"https:\/\/lucacastelli.com\/fr\/produit\/amk-048-1\/","title":{"rendered":"STIHL AMK 048.1"},"content":{"rendered":"<p>Kit de mulching (lame multifonction et insert de mulching) adapt\u00e9 \u00e0 tous les mod\u00e8les avec une largeur de coupe de 46 cm, \u00e0 l\u2019exception de la s\u00e9rie 2, ainsi qu\u2019aux tondeuses \u00e0 gazon sans fil RMA 448 VC (6358 011 1430) et RMA 448 PV (6358 011 1435).<br \/>\n886661412747<\/p>\n","protected":false},"excerpt":{"rendered":"<p>AMK 048.1<\/p>\n","protected":false},"featured_media":422222,"template":"","meta":{"_seopress_robots_primary_cat":"","_seopress_titles_title":"","_seopress_titles_desc":"","_seopress_robots_index":""},"product_brand":[3555],"product_cat":[1456,167,1657,1691],"product_tag":[3267],"class_list":{"0":"post-466190","1":"product","2":"type-product","3":"status-publish","4":"has-post-thumbnail","6":"product_brand-stihl-fr","7":"product_cat-accessoires-et-consommables-fr","8":"product_cat-machines","9":"product_cat-tondeuses-et-robots","10":"product_cat-tracteurs-de-pelouse","11":"product_tag-import-stihl-fr","12":"sws-gruppo-macchinari-fr","13":"sws-conto-ricavi-merci-rivendita-macchinari-fr","14":"sws-gruppo-iva-iva81-fr","16":"first","17":"onbackorder","18":"purchasable","19":"product-type-simple"},"_links":{"self":[{"href":"https:\/\/lucacastelli.com\/fr\/wp-json\/wp\/v2\/product\/466190","targetHints":{"allow":["GET"]}}],"collection":[{"href":"https:\/\/lucacastelli.com\/fr\/wp-json\/wp\/v2\/product"}],"about":[{"href":"https:\/\/lucacastelli.com\/fr\/wp-json\/wp\/v2\/types\/product"}],"wp:featuredmedia":[{"embeddable":true,"href":"https:\/\/lucacastelli.com\/fr\/wp-json\/wp\/v2\/media\/422222"}],"wp:attachment":[{"href":"https:\/\/lucacastelli.com\/fr\/wp-json\/wp\/v2\/media?parent=466190"}],"wp:term":[{"taxonomy":"product_brand","embeddable":true,"href":"https:\/\/lucacastelli.com\/fr\/wp-json\/wp\/v2\/product_brand?post=466190"},{"taxonomy":"product_cat","embeddable":true,"href":"https:\/\/lucacastelli.com\/fr\/wp-json\/wp\/v2\/product_cat?post=466190"},{"taxonomy":"product_tag","embeddable":true,"href":"https:\/\/lucacastelli.com\/fr\/wp-json\/wp\/v2\/product_tag?post=466190"}],"curies":[{"name":"wp","href":"https:\/\/api.w.org\/{rel}","templated":true}]}}