{"id":466184,"date":"2025-05-31T22:26:46","date_gmt":"2025-05-31T20:26:46","guid":{"rendered":"https:\/\/lucacastelli.com\/prodotto\/rm-3-rt\/"},"modified":"2025-06-29T13:48:43","modified_gmt":"2025-06-29T11:48:43","slug":"rm-3-rt","status":"publish","type":"product","link":"https:\/\/lucacastelli.com\/fr\/produit\/rm-3-rt\/","title":{"rendered":"STIHL RM 3 RT"},"content":{"rendered":"<p>Tondeuse \u00e0 gazon multifonction particuli\u00e8rement maniable et puissante avec \u00e9jection lat\u00e9rale et largeur de coupe de 48 cm pour les grandes pelouses. Structure \u00e0 trois roues avec roue avant pivotante. R\u00e9glage de la hauteur de coupe pour chaque roue avant, r\u00e9glage axial arri\u00e8re. L\u2019adh\u00e9rence super douce et la traction sur les roues \u00e0 1 vitesse vous permettent de travailler confortablement. Transport facile gr\u00e2ce aux leviers de d\u00e9gagement rapide QuickFix et au guidon pliable.<br \/>\n886661643578    <\/p>\n<p>Cylindr\u00e9e 166<br \/>\nTransmission Transmission<\/p>\n<p>Type de moteur : CO2, type de moteur<br \/>\n922<br \/>\nPoids : 31.0<\/p>\n","protected":false},"excerpt":{"rendered":"<p>RM 3 RT<\/p>\n","protected":false},"featured_media":422163,"template":"","meta":{"_seopress_robots_primary_cat":"","_seopress_titles_title":"","_seopress_titles_desc":"","_seopress_robots_index":""},"product_brand":[3366],"product_cat":[29,262,279],"product_tag":[3265],"class_list":{"0":"post-466184","1":"product","2":"type-product","3":"status-publish","4":"has-post-thumbnail","6":"product_brand-stihl","7":"product_cat-macchinari","8":"product_cat-tosaerba-e-robot","9":"product_cat-tosaerba-a-motore","10":"product_tag-import-stihl","11":"sws-gruppo-macchinari-fr","12":"sws-conto-ricavi-merci-rivendita-macchinari-fr","13":"sws-gruppo-iva-iva81-fr","15":"first","16":"onbackorder","17":"purchasable","18":"product-type-simple"},"_links":{"self":[{"href":"https:\/\/lucacastelli.com\/fr\/wp-json\/wp\/v2\/product\/466184","targetHints":{"allow":["GET"]}}],"collection":[{"href":"https:\/\/lucacastelli.com\/fr\/wp-json\/wp\/v2\/product"}],"about":[{"href":"https:\/\/lucacastelli.com\/fr\/wp-json\/wp\/v2\/types\/product"}],"wp:featuredmedia":[{"embeddable":true,"href":"https:\/\/lucacastelli.com\/fr\/wp-json\/wp\/v2\/media\/422163"}],"wp:attachment":[{"href":"https:\/\/lucacastelli.com\/fr\/wp-json\/wp\/v2\/media?parent=466184"}],"wp:term":[{"taxonomy":"product_brand","embeddable":true,"href":"https:\/\/lucacastelli.com\/fr\/wp-json\/wp\/v2\/product_brand?post=466184"},{"taxonomy":"product_cat","embeddable":true,"href":"https:\/\/lucacastelli.com\/fr\/wp-json\/wp\/v2\/product_cat?post=466184"},{"taxonomy":"product_tag","embeddable":true,"href":"https:\/\/lucacastelli.com\/fr\/wp-json\/wp\/v2\/product_tag?post=466184"}],"curies":[{"name":"wp","href":"https:\/\/api.w.org\/{rel}","templated":true}]}}