{"id":466181,"date":"2025-05-31T22:26:46","date_gmt":"2025-05-31T20:26:46","guid":{"rendered":"https:\/\/lucacastelli.com\/prodotto\/rm-650-v\/"},"modified":"2025-06-29T13:48:39","modified_gmt":"2025-06-29T11:48:39","slug":"rm-650-v","status":"publish","type":"product","link":"https:\/\/lucacastelli.com\/fr\/produit\/rm-650-v\/","title":{"rendered":"STIHL RM 650 V"},"content":{"rendered":"<p>Tondeuse \u00e0 gazon \u00e0 essence puissante avec une largeur de coupe de 48 cm pour les grandes surfaces. Lame multifonction pour la coupe, la r\u00e9colte et le paillage. R\u00e9glage central de la hauteur de coupe, guidon confortable \u00e0 poign\u00e9e unique avec poign\u00e9e super douce et transmission Vario pour un travail confortable et efficace. Moteur avec fonction de d\u00e9marrage \u00e9lectrique.<br \/>\nBac de ramassage pliable de 70 litres avec indicateur<br \/>\nde niveau de remplissage inclus.<br \/>\n886661758180   <\/p>\n<p>Cylindr\u00e9e 173<br \/>\nTransmission Transmission<\/p>\n<p>Type de moteur Type de<br \/>\nmoteur CO2 725<br \/>\nPoids 46.0<\/p>\n","protected":false},"excerpt":{"rendered":"<p>RM 650 V<\/p>\n","protected":false},"featured_media":422175,"template":"","meta":{"_seopress_robots_primary_cat":"","_seopress_titles_title":"","_seopress_titles_desc":"","_seopress_robots_index":""},"product_brand":[3555],"product_cat":[167,1671,1657],"product_tag":[3267],"class_list":{"0":"post-466181","1":"product","2":"type-product","3":"status-publish","4":"has-post-thumbnail","6":"product_brand-stihl-fr","7":"product_cat-machines","8":"product_cat-tondeuses-a-moteur","9":"product_cat-tondeuses-et-robots","10":"product_tag-import-stihl-fr","11":"sws-gruppo-macchinari-fr","12":"sws-conto-ricavi-merci-rivendita-macchinari-fr","13":"sws-gruppo-iva-iva81-fr","15":"first","16":"onbackorder","17":"purchasable","18":"product-type-simple"},"_links":{"self":[{"href":"https:\/\/lucacastelli.com\/fr\/wp-json\/wp\/v2\/product\/466181","targetHints":{"allow":["GET"]}}],"collection":[{"href":"https:\/\/lucacastelli.com\/fr\/wp-json\/wp\/v2\/product"}],"about":[{"href":"https:\/\/lucacastelli.com\/fr\/wp-json\/wp\/v2\/types\/product"}],"wp:featuredmedia":[{"embeddable":true,"href":"https:\/\/lucacastelli.com\/fr\/wp-json\/wp\/v2\/media\/422175"}],"wp:attachment":[{"href":"https:\/\/lucacastelli.com\/fr\/wp-json\/wp\/v2\/media?parent=466181"}],"wp:term":[{"taxonomy":"product_brand","embeddable":true,"href":"https:\/\/lucacastelli.com\/fr\/wp-json\/wp\/v2\/product_brand?post=466181"},{"taxonomy":"product_cat","embeddable":true,"href":"https:\/\/lucacastelli.com\/fr\/wp-json\/wp\/v2\/product_cat?post=466181"},{"taxonomy":"product_tag","embeddable":true,"href":"https:\/\/lucacastelli.com\/fr\/wp-json\/wp\/v2\/product_tag?post=466181"}],"curies":[{"name":"wp","href":"https:\/\/api.w.org\/{rel}","templated":true}]}}