{"id":466162,"date":"2025-05-31T22:23:40","date_gmt":"2025-05-31T20:23:40","guid":{"rendered":"https:\/\/lucacastelli.com\/prodotto\/rla-240-sans-batterie-ni-chargeur\/"},"modified":"2025-06-29T13:46:47","modified_gmt":"2025-06-29T11:46:47","slug":"rla-240-sans-batterie-ni-chargeur","status":"publish","type":"product","link":"https:\/\/lucacastelli.com\/fr\/produit\/rla-240-sans-batterie-ni-chargeur\/","title":{"rendered":"STIHL RLA 240, sans batterie ni chargeur"},"content":{"rendered":"<p>Scarificateur sans fil compact pour a\u00e9rer et feutrer les petites surfaces de pelouse. R\u00e9glage central de la profondeur de travail \u00e0 l\u2019aide d\u2019un bouton rotatif sur le bo\u00eetier, guidon r\u00e9glable en hauteur 4 fois, largeur de travail 34 cm, 16 lames. Avec rouleau d\u2019a\u00e9ration et bac de ramassage de 50 litres.<br \/>\n886661310777  <\/p>\n<p>Puissance nominale Syst\u00e8me de batterie 900<br \/>\nSyst\u00e8me de batterie<\/p>\n<p>Poids Poids<br \/>\nSurface de la pelouse 500<br \/>\nProfondeur de travail 15<\/p>\n","protected":false},"excerpt":{"rendered":"<p>RLA 240, sans batterie ni chargeur<\/p>\n","protected":false},"featured_media":422002,"template":"","meta":{"_seopress_robots_primary_cat":"","_seopress_titles_title":"","_seopress_titles_desc":"","_seopress_robots_index":""},"product_brand":[3555],"product_cat":[1667,167,1657],"product_tag":[3267],"class_list":{"0":"post-466162","1":"product","2":"type-product","3":"status-publish","4":"has-post-thumbnail","6":"product_brand-stihl-fr","7":"product_cat-aerateurs-de-pelouse","8":"product_cat-machines","9":"product_cat-tondeuses-et-robots","10":"product_tag-import-stihl-fr","11":"sws-gruppo-macchinari-fr","12":"sws-conto-ricavi-merci-rivendita-macchinari-fr","13":"sws-gruppo-iva-iva81-fr","15":"first","16":"onbackorder","17":"purchasable","18":"product-type-simple"},"_links":{"self":[{"href":"https:\/\/lucacastelli.com\/fr\/wp-json\/wp\/v2\/product\/466162","targetHints":{"allow":["GET"]}}],"collection":[{"href":"https:\/\/lucacastelli.com\/fr\/wp-json\/wp\/v2\/product"}],"about":[{"href":"https:\/\/lucacastelli.com\/fr\/wp-json\/wp\/v2\/types\/product"}],"wp:featuredmedia":[{"embeddable":true,"href":"https:\/\/lucacastelli.com\/fr\/wp-json\/wp\/v2\/media\/422002"}],"wp:attachment":[{"href":"https:\/\/lucacastelli.com\/fr\/wp-json\/wp\/v2\/media?parent=466162"}],"wp:term":[{"taxonomy":"product_brand","embeddable":true,"href":"https:\/\/lucacastelli.com\/fr\/wp-json\/wp\/v2\/product_brand?post=466162"},{"taxonomy":"product_cat","embeddable":true,"href":"https:\/\/lucacastelli.com\/fr\/wp-json\/wp\/v2\/product_cat?post=466162"},{"taxonomy":"product_tag","embeddable":true,"href":"https:\/\/lucacastelli.com\/fr\/wp-json\/wp\/v2\/product_tag?post=466162"}],"curies":[{"name":"wp","href":"https:\/\/api.w.org\/{rel}","templated":true}]}}