{"id":466161,"date":"2025-05-31T22:23:48","date_gmt":"2025-05-31T20:23:48","guid":{"rendered":"https:\/\/lucacastelli.com\/prodotto\/rma-2-rv-sans-batterie-chargeur\/"},"modified":"2025-06-29T13:46:50","modified_gmt":"2025-06-29T11:46:50","slug":"rma-2-rv-sans-batterie-chargeur","status":"publish","type":"product","link":"https:\/\/lucacastelli.com\/fr\/produit\/rma-2-rv-sans-batterie-chargeur\/","title":{"rendered":"STIHL RMA 2 RV, sans batterie + chargeur"},"content":{"rendered":"<p>La tondeuse \u00e0 gazon mulching STIHL RMA 2 RV avec transmission Vario ne n\u00e9cessite ni essence ni c\u00e2bles : elle est aliment\u00e9e par le syst\u00e8me AP fiable, dont les batteries lithium-ion de haute qualit\u00e9 sont \u00e9galement utilis\u00e9es dans les outils professionnels STIHL. Les batteries ont suffisamment d\u2019\u00e9nergie pour fonctionner m\u00eame sur des jardins de taille moyenne. En tant que tondeuse mulching sp\u00e9ciale, la RMA 2 RV permet un travail particuli\u00e8rement rapide. L\u2019herbe finement hach\u00e9e reste dans le gazon comme engrais naturel en une seule op\u00e9ration. Il n\u2019est donc plus n\u00e9cessaire de vider le bac de ramassage. Le mode Eco \u00e9conomique garantit \u00e9galement une efficacit\u00e9 encore plus grande. Gr\u00e2ce aux pinces rapides pratiques Quick-Fix sur le guidon, la tondeuse peut \u00eatre facilement rang\u00e9e ou transport\u00e9e apr\u00e8s utilisation pour gagner de la place.<br \/>\n886661011957<\/p>\n<p>Puissance nominale Syst\u00e8me de batterie 1050<br \/>\nSyst\u00e8me de batterie<\/p>\n<p>Transmission Poids de la transmission<br \/>\n23.0<br \/>\nLargeur de coupe 46<\/p>\n","protected":false},"excerpt":{"rendered":"<p>RMA 2 RV, sans batterie + chargeur<\/p>\n","protected":false},"featured_media":422021,"template":"","meta":{"_seopress_robots_primary_cat":"","_seopress_titles_title":"","_seopress_titles_desc":"","_seopress_robots_index":""},"product_brand":[3555],"product_cat":[167,1670,1657],"product_tag":[3267],"class_list":{"0":"post-466161","1":"product","2":"type-product","3":"status-publish","4":"has-post-thumbnail","6":"product_brand-stihl-fr","7":"product_cat-machines","8":"product_cat-tondeuses-a-batterie","9":"product_cat-tondeuses-et-robots","10":"product_tag-import-stihl-fr","11":"sws-gruppo-macchinari-fr","12":"sws-conto-ricavi-merci-rivendita-macchinari-fr","13":"sws-gruppo-iva-iva81-fr","15":"first","16":"onbackorder","17":"purchasable","18":"product-type-simple"},"_links":{"self":[{"href":"https:\/\/lucacastelli.com\/fr\/wp-json\/wp\/v2\/product\/466161","targetHints":{"allow":["GET"]}}],"collection":[{"href":"https:\/\/lucacastelli.com\/fr\/wp-json\/wp\/v2\/product"}],"about":[{"href":"https:\/\/lucacastelli.com\/fr\/wp-json\/wp\/v2\/types\/product"}],"wp:featuredmedia":[{"embeddable":true,"href":"https:\/\/lucacastelli.com\/fr\/wp-json\/wp\/v2\/media\/422021"}],"wp:attachment":[{"href":"https:\/\/lucacastelli.com\/fr\/wp-json\/wp\/v2\/media?parent=466161"}],"wp:term":[{"taxonomy":"product_brand","embeddable":true,"href":"https:\/\/lucacastelli.com\/fr\/wp-json\/wp\/v2\/product_brand?post=466161"},{"taxonomy":"product_cat","embeddable":true,"href":"https:\/\/lucacastelli.com\/fr\/wp-json\/wp\/v2\/product_cat?post=466161"},{"taxonomy":"product_tag","embeddable":true,"href":"https:\/\/lucacastelli.com\/fr\/wp-json\/wp\/v2\/product_tag?post=466161"}],"curies":[{"name":"wp","href":"https:\/\/api.w.org\/{rel}","templated":true}]}}