{"id":466154,"date":"2025-05-31T22:15:45","date_gmt":"2025-05-31T20:15:45","guid":{"rendered":"https:\/\/lucacastelli.com\/prodotto\/rla-240-y-compris-1x-ak-30-s-1x-al-101\/"},"modified":"2025-07-20T18:52:32","modified_gmt":"2025-07-20T16:52:32","slug":"rla-240-y-compris-1x-ak-30-s-1x-al-101","status":"publish","type":"product","link":"https:\/\/lucacastelli.com\/fr\/produit\/rla-240-y-compris-1x-ak-30-s-1x-al-101\/","title":{"rendered":"STIHL RLA 240, y compris 1x AK 30 S, 1x AL 101"},"content":{"rendered":"<p>Scarificateur de pelouse compact sans fil pour a\u00e9rer et feutrer les petites surfaces de pelouse. R\u00e9glage central de la profondeur de travail \u00e0 l\u2019aide d\u2019un bouton rotatif sur le bo\u00eetier, guidon r\u00e9glable en hauteur 4 fois, largeur de travail 34 cm, 16 lames. Avec rouleau d\u2019a\u00e9ration et bac de ramassage 50 litres.\/p<br \/>\n886661995820<\/p>\n<p>Puissance nominale 900<br \/>\nSyst\u00e8me aliment\u00e9 par batterie Syst\u00e8me aliment\u00e9 par<\/p>\n<p>batterie Poids Poids<br \/>\nSurface de pelouse 500<br \/>\nProfondeur de travail 15<\/p>\n","protected":false},"excerpt":{"rendered":"<p>Scarificateur de pelouse compact sans fil pour a\u00e9rer et feutrer les petites surfaces de pelouse. R\u00e9glage central de la profondeur<\/p>\n","protected":false},"featured_media":437169,"template":"","meta":{"_seopress_robots_primary_cat":"","_seopress_titles_title":"","_seopress_titles_desc":"","_seopress_robots_index":""},"product_brand":[3555],"product_cat":[167,1657,1667],"product_tag":[3267],"class_list":{"0":"post-466154","1":"product","2":"type-product","3":"status-publish","4":"has-post-thumbnail","6":"product_brand-stihl-fr","7":"product_cat-machines","8":"product_cat-tondeuses-et-robots","9":"product_cat-aerateurs-de-pelouse","10":"product_tag-import-stihl-fr","11":"sws-gruppo-macchinari-fr","12":"sws-conto-ricavi-merci-rivendita-macchinari-fr","13":"sws-gruppo-iva-iva81-fr","15":"first","16":"onbackorder","17":"purchasable","18":"product-type-simple"},"_links":{"self":[{"href":"https:\/\/lucacastelli.com\/fr\/wp-json\/wp\/v2\/product\/466154","targetHints":{"allow":["GET"]}}],"collection":[{"href":"https:\/\/lucacastelli.com\/fr\/wp-json\/wp\/v2\/product"}],"about":[{"href":"https:\/\/lucacastelli.com\/fr\/wp-json\/wp\/v2\/types\/product"}],"wp:featuredmedia":[{"embeddable":true,"href":"https:\/\/lucacastelli.com\/fr\/wp-json\/wp\/v2\/media\/437169"}],"wp:attachment":[{"href":"https:\/\/lucacastelli.com\/fr\/wp-json\/wp\/v2\/media?parent=466154"}],"wp:term":[{"taxonomy":"product_brand","embeddable":true,"href":"https:\/\/lucacastelli.com\/fr\/wp-json\/wp\/v2\/product_brand?post=466154"},{"taxonomy":"product_cat","embeddable":true,"href":"https:\/\/lucacastelli.com\/fr\/wp-json\/wp\/v2\/product_cat?post=466154"},{"taxonomy":"product_tag","embeddable":true,"href":"https:\/\/lucacastelli.com\/fr\/wp-json\/wp\/v2\/product_tag?post=466154"}],"curies":[{"name":"wp","href":"https:\/\/api.w.org\/{rel}","templated":true}]}}