{"id":466146,"date":"2025-05-31T21:58:41","date_gmt":"2025-05-31T19:58:41","guid":{"rendered":"https:\/\/lucacastelli.com\/prodotto\/rma-248-t-avec-1x-ak-30-1x-al-101\/"},"modified":"2025-07-20T23:57:10","modified_gmt":"2025-07-20T21:57:10","slug":"rma-248-t-avec-1x-ak-30-1x-al-101","status":"publish","type":"product","link":"https:\/\/lucacastelli.com\/fr\/produit\/rma-248-t-avec-1x-ak-30-1x-al-101\/","title":{"rendered":"STIHL RMA 248 T avec batterie AK 30 S et chargeur AL 101"},"content":{"rendered":"<h2 class=\"product-details__title\">Tondeuses \u00e0 gazon pour les environnements sensibles au bruit<\/h2>\n<div class=\"product-details__description richtexteditor\">\n<p>Tondeuse \u00e0 gazon sans fil avec une largeur de coupe de 46 cm, fonction 4 en 1, \u00e9jection lat\u00e9rale, coin de paillage et multi-lames pour les pelouses de taille moyenne dans les environnements sensibles au bruit. Bo\u00eetier en t\u00f4le d\u2019acier avec moteur EC, compartiment \u00e0 piles suppl\u00e9mentaire et entra\u00eenement \u00e0 1 vitesse pour un maximum de confort. R\u00e9glage central de la hauteur de coupe, guidon confort pliable, avec 2 niveaux de r\u00e9glage de la hauteur. Avec bac de ramassage pliable de 52 litres avec indicateur de niveau de remplissage.   <\/p>\n<\/div>\n<p>DONN\u00c9ES TECHNIQUES<\/p>\n<p>&nbsp;<\/p>\n<p>&nbsp;<\/p>\n<table data-test-id=\"pdp-spec-tech-table\">\n<tbody>\n<tr>\n<td>Puissance nominale<\/td>\n<td>1200 W<\/td>\n<\/tr>\n<tr>\nSyst\u00e8me <\/p>\n<td>de batterie<\/td>\n<td>AK<\/td>\n<\/tr>\n<tr>\n<td>Transmission<\/td>\n<td>3,5 km\/h<\/td>\n<\/tr>\n<tr>\n<td>Poids de l\u2019appareil sans batterie<\/td>\n<td>29 kg<\/td>\n<\/tr>\n<tr>\n<td>Largeur de coupe<\/td>\n<td>46 cm<\/td>\n<\/tr>\n<tr>\n<td>Hauteur de coupe<\/td>\n<td>20 &#8211; 100 mm<\/td>\n<\/tr>\n<tr>\n<td>R\u00e9glage de la hauteur de coupe<\/td>\n<td>7-fach (zentral)<\/td>\n<\/tr>\n<tr>\n<td>Vitesse nominale de l\u2019outil de travail<\/td>\n<td>3000 U\/min<\/td>\n<\/tr>\n<tr>\n<td>Indice IP<\/td>\n<td>Norme IPX4<\/td>\n<\/tr>\n<tr>\n<td>Surface maximale pour charger la batterie de l\u2019AK 10<\/td>\n<td>130 m\u00b2 <sup>1)<\/sup><\/td>\n<\/tr>\n<tr>\n<td>Zone maximale pour charger la batterie de l\u2019AK 20<\/td>\n<td>260 m\u00b2 <sup>1)<\/sup><\/td>\n<\/tr>\n<tr>\n<td>Surface max. pour charger la batterie de l\u2019AK 30<\/td>\n<td>340 m\u00b2 <sup>1)<\/sup><\/td>\n<\/tr>\n<tr>\n<td>Surface maximale pour charger la batterie de l\u2019AK 30 S<\/td>\n<td>340 m\u00b2 <sup>1)<\/sup><\/td>\n<\/tr>\n<tr>\n<td>Capacit\u00e9 du bac \u00e0 herbe<\/td>\n<td>52 l<\/td>\n<\/tr>\n<tr>\n<td>Largeur de l\u2019appareil sans accessoires<\/td>\n<td>51 cm<\/td>\n<\/tr>\n<tr>\n<td>Hauteur maximale de l\u2019appareil<\/td>\n<td>117 cm<\/td>\n<\/tr>\n<tr>\n<td>Diam\u00e8tre de la roue avant<\/td>\n<td>180 mm<\/td>\n<\/tr>\n<tr>\n<td>Diam\u00e8tre de la roue arri\u00e8re<\/td>\n<td>200 mm<\/td>\n<\/tr>\n<tr>\n<td>Niveau de pression acoustique mesur\u00e9 LpA<\/td>\n<td>79 dB(A)<\/td>\n<\/tr>\n<tr>\n<td>Niveau de puissance acoustique garanti LWA<\/td>\n<td>95 dB(A)<\/td>\n<\/tr>\n<tr>\n<td>Facteur d\u2019incertitude du niveau de pression acoustique KpA<\/td>\n<td>2 dB(A) <sup>2)<\/sup><\/td>\n<\/tr>\n<tr>\n<td>Vibrations du guidon ahw<\/td>\n<td>1,8 m\/s2<\/td>\n<\/tr>\n<tr>\n<td>Incertitude vibratoire K<\/td>\n<td>0,9 m\/s\u00b2 <sup>2)<\/sup><\/td>\n<\/tr>\n<\/tbody>\n<\/table>\n","protected":false},"excerpt":{"rendered":"<p>Tondeuses \u00e0 gazon pour les environnements sensibles au bruit Tondeuse \u00e0 gazon sans fil avec une largeur de coupe de<\/p>\n","protected":false},"featured_media":424742,"template":"","meta":{"_seopress_robots_primary_cat":"none","_seopress_titles_title":"","_seopress_titles_desc":"","_seopress_robots_index":""},"product_brand":[3555],"product_cat":[167,1670,1657],"product_tag":[3267],"class_list":{"0":"post-466146","1":"product","2":"type-product","3":"status-publish","4":"has-post-thumbnail","6":"product_brand-stihl-fr","7":"product_cat-machines","8":"product_cat-tondeuses-a-batterie","9":"product_cat-tondeuses-et-robots","10":"product_tag-import-stihl-fr","11":"sws-gruppo-macchinari","12":"sws-conto-ricavi-merci-rivendita-macchinari","13":"sws-gruppo-iva-iva81","15":"first","16":"onbackorder","17":"purchasable","18":"product-type-simple"},"_links":{"self":[{"href":"https:\/\/lucacastelli.com\/fr\/wp-json\/wp\/v2\/product\/466146","targetHints":{"allow":["GET"]}}],"collection":[{"href":"https:\/\/lucacastelli.com\/fr\/wp-json\/wp\/v2\/product"}],"about":[{"href":"https:\/\/lucacastelli.com\/fr\/wp-json\/wp\/v2\/types\/product"}],"wp:featuredmedia":[{"embeddable":true,"href":"https:\/\/lucacastelli.com\/fr\/wp-json\/wp\/v2\/media\/424742"}],"wp:attachment":[{"href":"https:\/\/lucacastelli.com\/fr\/wp-json\/wp\/v2\/media?parent=466146"}],"wp:term":[{"taxonomy":"product_brand","embeddable":true,"href":"https:\/\/lucacastelli.com\/fr\/wp-json\/wp\/v2\/product_brand?post=466146"},{"taxonomy":"product_cat","embeddable":true,"href":"https:\/\/lucacastelli.com\/fr\/wp-json\/wp\/v2\/product_cat?post=466146"},{"taxonomy":"product_tag","embeddable":true,"href":"https:\/\/lucacastelli.com\/fr\/wp-json\/wp\/v2\/product_tag?post=466146"}],"curies":[{"name":"wp","href":"https:\/\/api.w.org\/{rel}","templated":true}]}}