{"id":466145,"date":"2025-05-31T21:58:22","date_gmt":"2025-05-31T19:58:22","guid":{"rendered":"https:\/\/lucacastelli.com\/prodotto\/rma-243-sans-batterie-ni-chargeur\/"},"modified":"2025-06-29T13:37:40","modified_gmt":"2025-06-29T11:37:40","slug":"rma-243-sans-batterie-ni-chargeur","status":"publish","type":"product","link":"https:\/\/lucacastelli.com\/fr\/produit\/rma-243-sans-batterie-ni-chargeur\/","title":{"rendered":"STIHL RMA 243, sans batterie ni chargeur"},"content":{"rendered":"<p>Tondeuse \u00e0 gazon sans fil compacte avec une largeur de coupe de 41 cm, une fonction 4 en 1, une \u00e9jection lat\u00e9rale, une cale de d\u00e9chiquetage et une lame multiple pour les pelouses de petite et moyenne taille dans les environnements sensibles au bruit. Bo\u00eetier en t\u00f4le d\u2019acier avec moteur EC, compartiment de transport de batterie suppl\u00e9mentaire, r\u00e9glage central de la hauteur de coupe et guidon confort pliable pouvant \u00eatre r\u00e9gl\u00e9 sur 2 niveaux de hauteur. Comprend un bac de ramassage pliable de 52 L avec indicateur de niveau de remplissage.\/p<br \/>\n886661889617<\/p>\n<p>Puissance nominale 1200<br \/>\nSyst\u00e8me aliment\u00e9 par batterie Syst\u00e8me aliment\u00e9 par<\/p>\n<p>batterie Transmission Poids de la transmission<br \/>\n26.0<br \/>\nLargeur de coupe 41<\/p>\n","protected":false},"excerpt":{"rendered":"<p>Tondeuse \u00e0 gazon sans fil compacte avec une largeur de coupe de 41 cm, une fonction 4 en 1, une<\/p>\n","protected":false},"featured_media":424718,"template":"","meta":{"_seopress_robots_primary_cat":"none","_seopress_titles_title":"","_seopress_titles_desc":"","_seopress_robots_index":""},"product_brand":[3555],"product_cat":[167,1670,1657],"product_tag":[3267],"class_list":{"0":"post-466145","1":"product","2":"type-product","3":"status-publish","4":"has-post-thumbnail","6":"product_brand-stihl-fr","7":"product_cat-machines","8":"product_cat-tondeuses-a-batterie","9":"product_cat-tondeuses-et-robots","10":"product_tag-import-stihl-fr","11":"sws-gruppo-macchinari-fr","12":"sws-conto-ricavi-merci-rivendita-macchinari-fr","13":"sws-gruppo-iva-iva81-fr","15":"first","16":"onbackorder","17":"purchasable","18":"product-type-simple"},"_links":{"self":[{"href":"https:\/\/lucacastelli.com\/fr\/wp-json\/wp\/v2\/product\/466145","targetHints":{"allow":["GET"]}}],"collection":[{"href":"https:\/\/lucacastelli.com\/fr\/wp-json\/wp\/v2\/product"}],"about":[{"href":"https:\/\/lucacastelli.com\/fr\/wp-json\/wp\/v2\/types\/product"}],"wp:featuredmedia":[{"embeddable":true,"href":"https:\/\/lucacastelli.com\/fr\/wp-json\/wp\/v2\/media\/424718"}],"wp:attachment":[{"href":"https:\/\/lucacastelli.com\/fr\/wp-json\/wp\/v2\/media?parent=466145"}],"wp:term":[{"taxonomy":"product_brand","embeddable":true,"href":"https:\/\/lucacastelli.com\/fr\/wp-json\/wp\/v2\/product_brand?post=466145"},{"taxonomy":"product_cat","embeddable":true,"href":"https:\/\/lucacastelli.com\/fr\/wp-json\/wp\/v2\/product_cat?post=466145"},{"taxonomy":"product_tag","embeddable":true,"href":"https:\/\/lucacastelli.com\/fr\/wp-json\/wp\/v2\/product_tag?post=466145"}],"curies":[{"name":"wp","href":"https:\/\/api.w.org\/{rel}","templated":true}]}}