{"id":466133,"date":"2025-05-31T21:57:53","date_gmt":"2025-05-31T19:57:53","guid":{"rendered":"https:\/\/lucacastelli.com\/prodotto\/rm-448-t\/"},"modified":"2025-09-02T06:51:07","modified_gmt":"2025-09-02T04:51:07","slug":"rm-448-t","status":"publish","type":"product","link":"https:\/\/lucacastelli.com\/fr\/produit\/rm-448-t\/","title":{"rendered":"STIHL RM 448 T"},"content":{"rendered":"<p>Tondeuse \u00e0 gazon \u00e0 essence robuste avec une largeur de coupe de 46 cm, une fonction 4 en 1, une \u00e9jection lat\u00e9rale, une trappe de paillage et une lame multiple pour les pelouses de taille moyenne. Bo\u00eetier en plastique avec garde-boue en plastique, r\u00e9glage central de la hauteur de coupe, guidon comofrt pliable et r\u00e9glable en hauteur en deux positions et entra\u00eenement \u00e0 1 vitesse pour un travail confortable. Inclus 52 L Bac de ramassage pliable avec indicateur de niveau de remplissage.\/p<br \/>\n886661876211<\/p>\n<p>Cylindr\u00e9e 166<br \/>\nTransmission Type<\/p>\n<p>de moteur Type de moteur<br \/>\nCO2 922<br \/>\nPoids 32.0<\/p>\n","protected":false},"excerpt":{"rendered":"<p>Tondeuse \u00e0 gazon \u00e0 essence robuste avec une largeur de coupe de 46 cm, une fonction 4 en 1, une<\/p>\n","protected":false},"featured_media":424695,"template":"","meta":{"_seopress_robots_primary_cat":"","_seopress_titles_title":"","_seopress_titles_desc":"","_seopress_robots_index":""},"product_brand":[3555],"product_cat":[167,1671,1657],"product_tag":[3267],"class_list":{"0":"post-466133","1":"product","2":"type-product","3":"status-publish","4":"has-post-thumbnail","6":"product_brand-stihl-fr","7":"product_cat-machines","8":"product_cat-tondeuses-a-moteur","9":"product_cat-tondeuses-et-robots","10":"product_tag-import-stihl-fr","11":"sws-gruppo-macchinari","12":"sws-conto-ricavi-merci-rivendita-macchinari","13":"sws-gruppo-iva-iva81","15":"first","16":"onbackorder","17":"purchasable","18":"product-type-simple"},"_links":{"self":[{"href":"https:\/\/lucacastelli.com\/fr\/wp-json\/wp\/v2\/product\/466133","targetHints":{"allow":["GET"]}}],"collection":[{"href":"https:\/\/lucacastelli.com\/fr\/wp-json\/wp\/v2\/product"}],"about":[{"href":"https:\/\/lucacastelli.com\/fr\/wp-json\/wp\/v2\/types\/product"}],"wp:featuredmedia":[{"embeddable":true,"href":"https:\/\/lucacastelli.com\/fr\/wp-json\/wp\/v2\/media\/424695"}],"wp:attachment":[{"href":"https:\/\/lucacastelli.com\/fr\/wp-json\/wp\/v2\/media?parent=466133"}],"wp:term":[{"taxonomy":"product_brand","embeddable":true,"href":"https:\/\/lucacastelli.com\/fr\/wp-json\/wp\/v2\/product_brand?post=466133"},{"taxonomy":"product_cat","embeddable":true,"href":"https:\/\/lucacastelli.com\/fr\/wp-json\/wp\/v2\/product_cat?post=466133"},{"taxonomy":"product_tag","embeddable":true,"href":"https:\/\/lucacastelli.com\/fr\/wp-json\/wp\/v2\/product_tag?post=466133"}],"curies":[{"name":"wp","href":"https:\/\/api.w.org\/{rel}","templated":true}]}}