{"id":466125,"date":"2023-05-29T17:32:09","date_gmt":"2023-05-29T15:32:09","guid":{"rendered":"https:\/\/lucacastelli.com\/prodotto\/as-470-eproclip-a-ohne-akku-und-ladegerat\/"},"modified":"2023-05-29T17:32:09","modified_gmt":"2023-05-29T15:32:09","slug":"as-470-eproclip-a-ohne-akku-und-ladegerat","status":"publish","type":"product","link":"https:\/\/lucacastelli.com\/fr\/produit\/as-470-eproclip-a-ohne-akku-und-ladegerat\/","title":{"rendered":"AS 470 EProClip A (ohne Akku und Ladeger\u00e4t)"},"content":{"rendered":"<p>\u00c0<br \/>\nproximit\u00e9 des h\u00f4pitaux, des jardins d\u2019enfants ou des zones r\u00e9sidentielles, l\u2019AS 470 E-ProClip A est la machine id\u00e9ale pour l\u2019entretien des pelouses urbaines. Gr\u00e2ce \u00e0 la puissance de la batterie, il fonctionne sans \u00e9missions, sans gaz d\u2019\u00e9chappement ni bruit. Les vibrations dans les mains et les bras sont consid\u00e9rablement r\u00e9duites et l\u2019entretien est r\u00e9duit au minimum. Le nouveau moteur \u00e9lectrique AS-Motor de 56 volts a la puissance d\u2019un moteur \u00e0 essence traditionnel de 200 cm\u00b3. Il est aliment\u00e9 par une ou deux batteries professionnelles portables, chacune de 10 Ah. Ensemble, ils fournissent 1 120 wattheures.    <\/p>\n<p>La vitesse constante, la lame de broyage sp\u00e9ciale et les roues sp\u00e9ciales avec double roulement \u00e0 billes garantissent une coupe parfaite. La hauteur de coupe peut \u00eatre r\u00e9gl\u00e9e au centre de (30)40-80 mm. <\/p>\n<p>Avec sa largeur de coupe de 47 cm et sa traction, l\u2019AS 470 E-ProClip A est id\u00e9al pour les pelouses de taille moyenne. En cas de choc, le moteur est prot\u00e9g\u00e9 de mani\u00e8re optimale par un troisi\u00e8me roulement de vilebrequin et un embrayage sur la lame. <\/p>\n<p>La tonte sans caisson de l\u2019herbe permet d\u2019\u00e9conomiser 30 % de temps<br \/>\nLe plateau de paillage en acier galvanis\u00e9 profond fournit le volume n\u00e9cessaire pour garantir que l\u2019herbe coup\u00e9e est non seulement tondue, mais \u00e9galement d\u00e9chiquet\u00e9e en particules fines en une seule op\u00e9ration. Apr\u00e8s la coupe, l\u2019herbe est tourbillonn\u00e9e uniform\u00e9ment dans le plateau de paillage et d\u00e9chiquet\u00e9e plusieurs fois par la lame de paillage. Le paillis p\u00e9n\u00e8tre alors dans la pelouse de mani\u00e8re presque invisible, lui fournissant les nutriments et l\u2019humidit\u00e9 dont elle a besoin. La couche de paillis qui en r\u00e9sulte emp\u00eache la pelouse de se dess\u00e9cher rapidement. Un autre avantage pour l\u2019utilisateur est le gain de temps, jusqu\u2019\u00e0 30&nbsp;%, par rapport \u00e0 la tonte avec le bac \u00e0 herbe. Il n\u2019est pas n\u00e9cessaire de vider ou d\u2019\u00e9liminer l\u2019herbe coup\u00e9e.     <\/p>\n<p>\u00c9COSYST\u00c8ME \u00c9LECTRIQUE<br \/>\nD\u00e9veloppez votre potentiel op\u00e9rationnel dans toutes les directions avec un \u00c9COSYST\u00c8ME complet. Les batteries AS-Motor Electric sont compatibles avec tous les outils \u00e0 main professionnels EGO Powertools. <\/p>\n","protected":false},"excerpt":{"rendered":"<p>\u00c0 proximit\u00e9 des h\u00f4pitaux, des jardins d\u2019enfants ou des zones r\u00e9sidentielles, l\u2019AS 470 E-ProClip A est la machine id\u00e9ale pour<\/p>\n","protected":false},"featured_media":56330,"template":"","meta":{"_seopress_robots_primary_cat":"","_seopress_titles_title":"","_seopress_titles_desc":"","_seopress_robots_index":""},"product_brand":[4372],"product_cat":[29,262,488],"product_tag":[],"class_list":{"0":"post-466125","1":"product","2":"type-product","3":"status-publish","4":"has-post-thumbnail","6":"product_brand-as-motor","7":"product_cat-macchinari","8":"product_cat-tosaerba-e-robot","9":"product_cat-tosaerba-a-batteria","10":"sws-gruppo-macchinari-fr","11":"sws-conto-ricavi-merci-rivendita-macchinari-fr","12":"sws-gruppo-iva-iva81-fr","14":"first","15":"onbackorder","16":"shipping-taxable","17":"purchasable","18":"product-type-simple"},"_links":{"self":[{"href":"https:\/\/lucacastelli.com\/fr\/wp-json\/wp\/v2\/product\/466125","targetHints":{"allow":["GET"]}}],"collection":[{"href":"https:\/\/lucacastelli.com\/fr\/wp-json\/wp\/v2\/product"}],"about":[{"href":"https:\/\/lucacastelli.com\/fr\/wp-json\/wp\/v2\/types\/product"}],"wp:featuredmedia":[{"embeddable":true,"href":"https:\/\/lucacastelli.com\/fr\/wp-json\/wp\/v2\/media\/56330"}],"wp:attachment":[{"href":"https:\/\/lucacastelli.com\/fr\/wp-json\/wp\/v2\/media?parent=466125"}],"wp:term":[{"taxonomy":"product_brand","embeddable":true,"href":"https:\/\/lucacastelli.com\/fr\/wp-json\/wp\/v2\/product_brand?post=466125"},{"taxonomy":"product_cat","embeddable":true,"href":"https:\/\/lucacastelli.com\/fr\/wp-json\/wp\/v2\/product_cat?post=466125"},{"taxonomy":"product_tag","embeddable":true,"href":"https:\/\/lucacastelli.com\/fr\/wp-json\/wp\/v2\/product_tag?post=466125"}],"curies":[{"name":"wp","href":"https:\/\/api.w.org\/{rel}","templated":true}]}}