{"id":466119,"date":"2023-05-29T17:31:40","date_gmt":"2023-05-29T15:31:40","guid":{"rendered":"https:\/\/lucacastelli.com\/prodotto\/as-420-eproclip-ohne-radantrieb-akku-und-ladegerat\/"},"modified":"2023-05-29T17:31:40","modified_gmt":"2023-05-29T15:31:40","slug":"as-420-eproclip-ohne-radantrieb-akku-und-ladegerat","status":"publish","type":"product","link":"https:\/\/lucacastelli.com\/fr\/produit\/as-420-eproclip-ohne-radantrieb-akku-und-ladegerat\/","title":{"rendered":"AS 420 EProClip ohne Radantrieb, Akku und Ladeger\u00e4t"},"content":{"rendered":"<p>Unit\u00e9 d\u2019alimentation compacte et sans \u00e9missions gr\u00e2ce \u00e0 la batterie<br \/>\nLe nettoyage n\u2019a jamais \u00e9t\u00e9 aussi facile qu\u2019avec l\u2019E-ProClip AS 420. La largeur de coupe de 42 cm vous permet de travailler facilement et confortablement sous les buissons, entre les parterres de fleurs, dans les cimeti\u00e8res et dans les petites zones sinueuses. Gr\u00e2ce \u00e0 l\u2019entra\u00eenement par batterie sans \u00e9missions, la tondeuse \u00e0 gazon est id\u00e9ale pour l\u2019entretien dans les zones urbaines, en particulier \u00e0 proximit\u00e9 des h\u00f4pitaux, des jardins d\u2019enfants ou simplement des zones r\u00e9sidentielles.  <\/p>\n<p>L\u2019entra\u00eenement par batterie de l\u2019AS-Motor Electric offre une puissance incroyable. Les utilisateurs professionnels seront certainement impressionn\u00e9s par la qualit\u00e9 de la coupe et du paillage. La commande intelligente du moteur \u00ab&nbsp;Peak-Power&nbsp;\u00bb permet d\u2019\u00e9quilibrer deux batteries en m\u00eame temps. Gr\u00e2ce au troisi\u00e8me roulement sur le vilebrequin et \u00e0 l\u2019embrayage sur la lame, le moteur est prot\u00e9g\u00e9 de mani\u00e8re optimale en cas de collision. La robustesse, la s\u00e9curit\u00e9 de fonctionnement et une longue dur\u00e9e de vie sont garanties par le corps du broyeur en acier galvanis\u00e9 avec bord renforc\u00e9.    <\/p>\n<p>Les roues avant sp\u00e9ciales \u00e0 double roulement contribuent \u00e0 un aspect de coupe parfait, car elles \u00e9crasent tr\u00e8s peu d\u2019herbe devant la lame, ce qui donne un excellent aspect de coupe avec cinq hauteurs de coupe diff\u00e9rentes de 40 \u00e0 80 mm. Ils peuvent \u00eatre r\u00e9gl\u00e9s sans effort \u00e0 la main ou \u00e0 la p\u00e9dale.<\/p>\n<p>Gain de temps de 30 % gr\u00e2ce au paillage Le<br \/>\npaillage r\u00e9duit non seulement l\u2019herbe coup\u00e9e, mais la r\u00e9duit \u00e9galement en petites particules. Cela se fait \u00e0 l\u2019aide d\u2019une lame de paillage sp\u00e9ciale avec plusieurs ar\u00eates de coupe. L\u2019herbe coup\u00e9e est jet\u00e9e dans la chambre de broyage profonde de la machine, o\u00f9 elle est d\u00e9chiquet\u00e9e plusieurs fois. L\u2019herbe coup\u00e9e pulv\u00e9ris\u00e9e p\u00e9n\u00e8tre dans la pelouse de mani\u00e8re presque invisible, restituant des nutriments et des niveaux \u00e9lev\u00e9s d\u2019humidit\u00e9. Cela permet non seulement d\u2019\u00e9viter la n\u00e9cessit\u00e9 d\u2019une fertilisation artificielle, mais aussi d\u2019\u00e9conomiser du temps et des co\u00fbts d\u2019\u00e9limination des coupures.    <\/p>\n<p>\u00c9COSYST\u00c8ME \u00c9LECTRIQUE<br \/>\nD\u00e9veloppez votre potentiel op\u00e9rationnel dans toutes les directions avec un \u00c9COSYST\u00c8ME complet. Les batteries AS-Motor Electric sont compatibles avec tous les outils \u00e0 main professionnels EGO Powertools. <\/p>\n","protected":false},"excerpt":{"rendered":"<p>Unit\u00e9 d\u2019alimentation compacte et sans \u00e9missions gr\u00e2ce \u00e0 la batterie Le nettoyage n\u2019a jamais \u00e9t\u00e9 aussi facile qu\u2019avec l\u2019E-ProClip AS<\/p>\n","protected":false},"featured_media":56325,"template":"","meta":{"_seopress_robots_primary_cat":"","_seopress_titles_title":"","_seopress_titles_desc":"","_seopress_robots_index":""},"product_brand":[4372],"product_cat":[29,262,488],"product_tag":[],"class_list":{"0":"post-466119","1":"product","2":"type-product","3":"status-publish","4":"has-post-thumbnail","6":"product_brand-as-motor","7":"product_cat-macchinari","8":"product_cat-tosaerba-e-robot","9":"product_cat-tosaerba-a-batteria","10":"sws-gruppo-macchinari-fr","11":"sws-conto-ricavi-merci-rivendita-macchinari-fr","12":"sws-gruppo-iva-iva81-fr","14":"first","15":"onbackorder","16":"shipping-taxable","17":"purchasable","18":"product-type-simple"},"_links":{"self":[{"href":"https:\/\/lucacastelli.com\/fr\/wp-json\/wp\/v2\/product\/466119","targetHints":{"allow":["GET"]}}],"collection":[{"href":"https:\/\/lucacastelli.com\/fr\/wp-json\/wp\/v2\/product"}],"about":[{"href":"https:\/\/lucacastelli.com\/fr\/wp-json\/wp\/v2\/types\/product"}],"wp:featuredmedia":[{"embeddable":true,"href":"https:\/\/lucacastelli.com\/fr\/wp-json\/wp\/v2\/media\/56325"}],"wp:attachment":[{"href":"https:\/\/lucacastelli.com\/fr\/wp-json\/wp\/v2\/media?parent=466119"}],"wp:term":[{"taxonomy":"product_brand","embeddable":true,"href":"https:\/\/lucacastelli.com\/fr\/wp-json\/wp\/v2\/product_brand?post=466119"},{"taxonomy":"product_cat","embeddable":true,"href":"https:\/\/lucacastelli.com\/fr\/wp-json\/wp\/v2\/product_cat?post=466119"},{"taxonomy":"product_tag","embeddable":true,"href":"https:\/\/lucacastelli.com\/fr\/wp-json\/wp\/v2\/product_tag?post=466119"}],"curies":[{"name":"wp","href":"https:\/\/api.w.org\/{rel}","templated":true}]}}