{"id":466113,"date":"2023-05-28T16:25:44","date_gmt":"2023-05-28T14:25:44","guid":{"rendered":"https:\/\/lucacastelli.com\/prodotto\/as-420-proclip-4t-ohne-radantrieb\/"},"modified":"2023-05-28T16:25:44","modified_gmt":"2023-05-28T14:25:44","slug":"as-420-proclip-4t-ohne-radantrieb","status":"publish","type":"product","link":"https:\/\/lucacastelli.com\/fr\/produit\/as-420-proclip-4t-ohne-radantrieb\/","title":{"rendered":"AS 420 ProClip 4T ohne Radantrieb"},"content":{"rendered":"<p>La tondeuse \u00e0 gazon compacte pour le broyage dans les espaces confin\u00e9s<br \/>\nPetite, l\u00e9g\u00e8re et facile \u00e0 manipuler. Avec un poids de 30 kg et une largeur de coupe de 42 cm, la tondeuse \u00e0 gazon mulching AS 420 ProClip 4T est parfaite pour les travaux de finition dans les espaces restreints et sinueux. En m\u00eame temps, cette tondeuse \u00e0 gazon mulching maniable avec ses 5,7 ch est \u00e9quip\u00e9e pour chaque application. Le moteur Briggs &amp; Stratton fournit non seulement une puissance suffisante, mais aussi, gr\u00e2ce \u00e0 sa disposition asym\u00e9trique, une excellente maniabilit\u00e9 gr\u00e2ce \u00e0 une r\u00e9partition \u00e9quilibr\u00e9e du poids. L\u2019AS 420 ProClip 4T est \u00e9galement \u00e9quip\u00e9e d\u2019un troisi\u00e8me palier de vilebrequin pour une protection optimale du moteur en cas de non-d\u00e9tection \u00e0 temps d\u2019un obstacle. Le bo\u00eetier de paillage en acier galvanis\u00e9 avec bord renforc\u00e9 assure une longue dur\u00e9e de vie et est une garantie de solidit\u00e9 et de s\u00e9curit\u00e9 m\u00eame dans des conditions difficiles.<br \/>\nLes roues sp\u00e9ciales avec double roulement \u00e0 billes facilitent la pouss\u00e9e et le d\u00e9placement de la tondeuse mulching. De plus, la forme sp\u00e9ciale en coin des roues avant s\u00e9pare l\u2019herbe et assure une pression minimale sur l\u2019herbe avant la barre de coupe. Le r\u00e9sultat est une coupe parfaite sans traces de roues. Le r\u00e9glage central de la hauteur de coupe \u00e0 ressort vous permet de choisir facilement entre 5 hauteurs, de 40 \u00e0 80 mm, \u00e0 l\u2019aide du pied ou de la main.        <\/p>\n<p>Le paillage permet d\u2019\u00e9conomiser du temps et de l\u2019argent.<br \/>\nLe plateau de paillage bas et la lame de paillage sp\u00e9ciale assurent un paillage parfait. La lame coupe l\u2019herbe jusqu\u2019\u00e0 18 cm tr\u00e8s proprement et produit en m\u00eame temps un flux d\u2019air qui fait tourbillonner r\u00e9guli\u00e8rement l\u2019herbe coup\u00e9e dans le b\u00e2timent. Gr\u00e2ce au tourbillonnement des brins d\u2019herbe et \u00e0 la lame de paillage avec ses multiples ar\u00eates de coupe, l\u2019herbe est d\u00e9chiquet\u00e9e et cass\u00e9e \u00e0 plusieurs reprises. L\u2019herbe coup\u00e9e dispara\u00eet pratiquement dans la pelouse tondue et la couche de paillis produite prot\u00e8ge la pelouse contre le dess\u00e8chement rapide. De plus, vous gagnez jusqu\u2019\u00e0 30&nbsp;% de temps par rapport aux tondeuses \u00e0 gazon, car vous n\u2019avez pas besoin de vider le sac. Et il n\u2019y a pas de co\u00fbts ou de perte de temps pour se d\u00e9barrasser de l\u2019herbe coup\u00e9e.     <\/p>\n","protected":false},"excerpt":{"rendered":"<p>La tondeuse \u00e0 gazon compacte pour le broyage dans les espaces confin\u00e9s Petite, l\u00e9g\u00e8re et facile \u00e0 manipuler. Avec un<\/p>\n","protected":false},"featured_media":56320,"template":"","meta":{"_seopress_robots_primary_cat":"","_seopress_titles_title":"","_seopress_titles_desc":"","_seopress_robots_index":""},"product_brand":[4372],"product_cat":[29,262,279],"product_tag":[],"class_list":{"0":"post-466113","1":"product","2":"type-product","3":"status-publish","4":"has-post-thumbnail","6":"product_brand-as-motor","7":"product_cat-macchinari","8":"product_cat-tosaerba-e-robot","9":"product_cat-tosaerba-a-motore","10":"sws-gruppo-macchinari-fr","11":"sws-conto-ricavi-merci-rivendita-macchinari-fr","12":"sws-gruppo-iva-iva81-fr","14":"first","15":"onbackorder","16":"shipping-taxable","17":"purchasable","18":"product-type-simple"},"_links":{"self":[{"href":"https:\/\/lucacastelli.com\/fr\/wp-json\/wp\/v2\/product\/466113","targetHints":{"allow":["GET"]}}],"collection":[{"href":"https:\/\/lucacastelli.com\/fr\/wp-json\/wp\/v2\/product"}],"about":[{"href":"https:\/\/lucacastelli.com\/fr\/wp-json\/wp\/v2\/types\/product"}],"wp:featuredmedia":[{"embeddable":true,"href":"https:\/\/lucacastelli.com\/fr\/wp-json\/wp\/v2\/media\/56320"}],"wp:attachment":[{"href":"https:\/\/lucacastelli.com\/fr\/wp-json\/wp\/v2\/media?parent=466113"}],"wp:term":[{"taxonomy":"product_brand","embeddable":true,"href":"https:\/\/lucacastelli.com\/fr\/wp-json\/wp\/v2\/product_brand?post=466113"},{"taxonomy":"product_cat","embeddable":true,"href":"https:\/\/lucacastelli.com\/fr\/wp-json\/wp\/v2\/product_cat?post=466113"},{"taxonomy":"product_tag","embeddable":true,"href":"https:\/\/lucacastelli.com\/fr\/wp-json\/wp\/v2\/product_tag?post=466113"}],"curies":[{"name":"wp","href":"https:\/\/api.w.org\/{rel}","templated":true}]}}