{"id":466090,"date":"2023-05-23T19:51:16","date_gmt":"2023-05-23T17:51:16","guid":{"rendered":"https:\/\/lucacastelli.com\/prodotto\/ariens-akku-56v-4-kwh\/"},"modified":"2025-07-22T21:20:22","modified_gmt":"2025-07-22T19:20:22","slug":"ariens-akku-56v-4-kwh","status":"publish","type":"product","link":"https:\/\/lucacastelli.com\/fr\/produit\/ariens-akku-56v-4-kwh\/","title":{"rendered":"ARIENS Akku 56V 4 kWh"},"content":{"rendered":"<p>Avec ses 4 batteries lithium-ion \u00e0 changement rapide, d&#8217;une capacit\u00e9 de 4 kWh chacune, la Zenith E ouvre une nouvelle cat\u00e9gorie de tondeuses \u00e0 gazon portables aliment\u00e9es par batterie. Enfin, vous pouvez travailler sans vous arr\u00eater gr\u00e2ce au premier syst\u00e8me de batteries interchangeables pour tondeuses. <\/p>\n","protected":false},"excerpt":{"rendered":"<p>Avec ses 4 batteries lithium-ion \u00e0 changement rapide, d&#8217;une capacit\u00e9 de 4 kWh chacune, la Zenith E ouvre une nouvelle<\/p>\n","protected":false},"featured_media":56130,"template":"","meta":{"_seopress_robots_primary_cat":"","_seopress_titles_title":"","_seopress_titles_desc":"","_seopress_robots_index":""},"product_brand":[4391],"product_cat":[29,262,548],"product_tag":[],"class_list":{"0":"post-466090","1":"product","2":"type-product","3":"status-publish","4":"has-post-thumbnail","6":"product_brand-ariens","7":"product_cat-macchinari","8":"product_cat-tosaerba-e-robot","9":"product_cat-tosaerba-zero-turn","11":"first","12":"onbackorder","13":"shipping-taxable","14":"purchasable","15":"product-type-simple"},"_links":{"self":[{"href":"https:\/\/lucacastelli.com\/fr\/wp-json\/wp\/v2\/product\/466090","targetHints":{"allow":["GET"]}}],"collection":[{"href":"https:\/\/lucacastelli.com\/fr\/wp-json\/wp\/v2\/product"}],"about":[{"href":"https:\/\/lucacastelli.com\/fr\/wp-json\/wp\/v2\/types\/product"}],"wp:featuredmedia":[{"embeddable":true,"href":"https:\/\/lucacastelli.com\/fr\/wp-json\/wp\/v2\/media\/56130"}],"wp:attachment":[{"href":"https:\/\/lucacastelli.com\/fr\/wp-json\/wp\/v2\/media?parent=466090"}],"wp:term":[{"taxonomy":"product_brand","embeddable":true,"href":"https:\/\/lucacastelli.com\/fr\/wp-json\/wp\/v2\/product_brand?post=466090"},{"taxonomy":"product_cat","embeddable":true,"href":"https:\/\/lucacastelli.com\/fr\/wp-json\/wp\/v2\/product_cat?post=466090"},{"taxonomy":"product_tag","embeddable":true,"href":"https:\/\/lucacastelli.com\/fr\/wp-json\/wp\/v2\/product_tag?post=466090"}],"curies":[{"name":"wp","href":"https:\/\/api.w.org\/{rel}","templated":true}]}}