{"id":466083,"date":"2023-05-23T19:50:49","date_gmt":"2023-05-23T17:50:49","guid":{"rendered":"https:\/\/lucacastelli.com\/prodotto\/ariens-off-board-ladegerat-56v\/"},"modified":"2025-07-22T21:20:15","modified_gmt":"2025-07-22T19:20:15","slug":"ariens-off-board-ladegerat-56v","status":"publish","type":"product","link":"https:\/\/lucacastelli.com\/fr\/produit\/ariens-off-board-ladegerat-56v\/","title":{"rendered":"ARIENS Off Board Ladeger\u00e4t 56V"},"content":{"rendered":"<p>Chargez des batteries suppl\u00e9mentaires en d\u00e9placement avec le chargeur externe FusionCore. Ce chargeur mobile vous permet d&#8217;avoir toujours assez d&#8217;\u00e9nergie pour tondre toute la journ\u00e9e. <\/p>\n<p>Volt : 56V<\/p>\n","protected":false},"excerpt":{"rendered":"<p>Chargez des batteries suppl\u00e9mentaires en d\u00e9placement avec le chargeur externe FusionCore. Ce chargeur mobile vous permet d&#8217;avoir toujours assez d&#8217;\u00e9nergie<\/p>\n","protected":false},"featured_media":56125,"template":"","meta":{"_seopress_robots_primary_cat":"","_seopress_titles_title":"","_seopress_titles_desc":"","_seopress_robots_index":""},"product_brand":[4391],"product_cat":[29,262,548],"product_tag":[],"class_list":{"0":"post-466083","1":"product","2":"type-product","3":"status-publish","4":"has-post-thumbnail","6":"product_brand-ariens","7":"product_cat-macchinari","8":"product_cat-tosaerba-e-robot","9":"product_cat-tosaerba-zero-turn","11":"first","12":"onbackorder","13":"shipping-taxable","14":"purchasable","15":"product-type-simple"},"_links":{"self":[{"href":"https:\/\/lucacastelli.com\/fr\/wp-json\/wp\/v2\/product\/466083","targetHints":{"allow":["GET"]}}],"collection":[{"href":"https:\/\/lucacastelli.com\/fr\/wp-json\/wp\/v2\/product"}],"about":[{"href":"https:\/\/lucacastelli.com\/fr\/wp-json\/wp\/v2\/types\/product"}],"wp:featuredmedia":[{"embeddable":true,"href":"https:\/\/lucacastelli.com\/fr\/wp-json\/wp\/v2\/media\/56125"}],"wp:attachment":[{"href":"https:\/\/lucacastelli.com\/fr\/wp-json\/wp\/v2\/media?parent=466083"}],"wp:term":[{"taxonomy":"product_brand","embeddable":true,"href":"https:\/\/lucacastelli.com\/fr\/wp-json\/wp\/v2\/product_brand?post=466083"},{"taxonomy":"product_cat","embeddable":true,"href":"https:\/\/lucacastelli.com\/fr\/wp-json\/wp\/v2\/product_cat?post=466083"},{"taxonomy":"product_tag","embeddable":true,"href":"https:\/\/lucacastelli.com\/fr\/wp-json\/wp\/v2\/product_tag?post=466083"}],"curies":[{"name":"wp","href":"https:\/\/api.w.org\/{rel}","templated":true}]}}