{"id":466078,"date":"2023-05-23T19:50:20","date_gmt":"2023-05-23T17:50:20","guid":{"rendered":"https:\/\/lucacastelli.com\/prodotto\/ariens-schnelladegerat-56v\/"},"modified":"2025-07-22T21:20:09","modified_gmt":"2025-07-22T19:20:09","slug":"ariens-schnelladegerat-56v","status":"publish","type":"product","link":"https:\/\/lucacastelli.com\/fr\/produit\/ariens-schnelladegerat-56v\/","title":{"rendered":"ARIENS Schnelladeger\u00e4t 56V"},"content":{"rendered":"<p>Rechargez votre ZENITH E zero-turn en deux fois moins de temps (seulement 5,5 heures), compar\u00e9 au temps de charge standard de 12 heures. Il est livr\u00e9 avec un chargeur standard suppl\u00e9mentaire et un c\u00e2ble de connexion en Y. Le harnais permet d&#8217;utiliser deux chargeurs simultan\u00e9ment pour doubler la puissance de charge. Le harnais permet d&#8217;utiliser deux chargeurs simultan\u00e9ment pour doubler la puissance de charge. Le harnais permet d&#8217;utiliser deux chargeurs simultan\u00e9ment pour doubler la puissance de charge.  <\/p>\n","protected":false},"excerpt":{"rendered":"<p>Rechargez votre ZENITH E zero-turn en deux fois moins de temps (seulement 5,5 heures), compar\u00e9 au temps de charge standard<\/p>\n","protected":false},"featured_media":56120,"template":"","meta":{"_seopress_robots_primary_cat":"","_seopress_titles_title":"","_seopress_titles_desc":"","_seopress_robots_index":""},"product_brand":[4457],"product_cat":[167,1669,1657],"product_tag":[],"class_list":{"0":"post-466078","1":"product","2":"type-product","3":"status-publish","4":"has-post-thumbnail","6":"product_brand-ariens-fr","7":"product_cat-machines","8":"product_cat-tondeuses-a-rayon-de-braquage-zero","9":"product_cat-tondeuses-et-robots","11":"first","12":"onbackorder","13":"shipping-taxable","14":"purchasable","15":"product-type-simple"},"_links":{"self":[{"href":"https:\/\/lucacastelli.com\/fr\/wp-json\/wp\/v2\/product\/466078","targetHints":{"allow":["GET"]}}],"collection":[{"href":"https:\/\/lucacastelli.com\/fr\/wp-json\/wp\/v2\/product"}],"about":[{"href":"https:\/\/lucacastelli.com\/fr\/wp-json\/wp\/v2\/types\/product"}],"wp:featuredmedia":[{"embeddable":true,"href":"https:\/\/lucacastelli.com\/fr\/wp-json\/wp\/v2\/media\/56120"}],"wp:attachment":[{"href":"https:\/\/lucacastelli.com\/fr\/wp-json\/wp\/v2\/media?parent=466078"}],"wp:term":[{"taxonomy":"product_brand","embeddable":true,"href":"https:\/\/lucacastelli.com\/fr\/wp-json\/wp\/v2\/product_brand?post=466078"},{"taxonomy":"product_cat","embeddable":true,"href":"https:\/\/lucacastelli.com\/fr\/wp-json\/wp\/v2\/product_cat?post=466078"},{"taxonomy":"product_tag","embeddable":true,"href":"https:\/\/lucacastelli.com\/fr\/wp-json\/wp\/v2\/product_tag?post=466078"}],"curies":[{"name":"wp","href":"https:\/\/api.w.org\/{rel}","templated":true}]}}