{"id":466056,"date":"2023-05-23T18:53:30","date_gmt":"2023-05-23T16:53:30","guid":{"rendered":"https:\/\/lucacastelli.com\/prodotto\/ariens-apex-48r\/"},"modified":"2025-07-22T21:19:43","modified_gmt":"2025-07-22T19:19:43","slug":"ariens-apex-48r","status":"publish","type":"product","link":"https:\/\/lucacastelli.com\/fr\/produit\/ariens-apex-48r\/","title":{"rendered":"ARIENS Apex 48R"},"content":{"rendered":"<p>AVEC L&#8217;APEX, FAITES EN S\u00c9RIE SUR<br \/>\nLa tondeuse \u00e0 rayon de braquage z\u00e9ro ARIENS est rapidement devenue une r\u00e9f\u00e9rence pour les utilisateurs professionnels. Elle offre des performances sans compromis, quelles que soient les conditions d&#8217;utilisation. Elle a \u00e9t\u00e9 soigneusement con\u00e7ue pour offrir une qualit\u00e9 de coupe exceptionnelle tout en restant simple et pratique \u00e0 utiliser et peut \u00eatre configur\u00e9e avec un arceau de s\u00e9curit\u00e9 et un carter d&#8217;\u00e9jection arri\u00e8re. L&#8217;APEX est pr\u00eate \u00e0 r\u00e9pondre \u00e0 vos besoins.   <\/p>\n<p>Moteur : Kawasaki 726 cm3<br \/>\nVitesse : 12,9 km\/h en marche avant \/ 6,4 km\/h en marche arri\u00e8re<br \/>\nHauteur de coupe : 3,8 &#8211; 12,7 cm (15 niveaux)<br \/>\nEchappement : arri\u00e8re<br \/>\nPoids : 373 kg<br \/>\nDimensions LxLxH : 201 x 124 x 120 cm<\/p>\n","protected":false},"excerpt":{"rendered":"<p>AVEC L&#8217;APEX, FAITES EN S\u00c9RIE SUR La tondeuse \u00e0 rayon de braquage z\u00e9ro ARIENS est rapidement devenue une r\u00e9f\u00e9rence pour<\/p>\n","protected":false},"featured_media":56075,"template":"","meta":{"_seopress_robots_primary_cat":"","_seopress_titles_title":"","_seopress_titles_desc":"","_seopress_robots_index":""},"product_brand":[4457],"product_cat":[167,1669,1657],"product_tag":[],"class_list":{"0":"post-466056","1":"product","2":"type-product","3":"status-publish","4":"has-post-thumbnail","6":"product_brand-ariens-fr","7":"product_cat-machines","8":"product_cat-tondeuses-a-rayon-de-braquage-zero","9":"product_cat-tondeuses-et-robots","11":"first","12":"onbackorder","13":"shipping-taxable","14":"purchasable","15":"product-type-simple"},"_links":{"self":[{"href":"https:\/\/lucacastelli.com\/fr\/wp-json\/wp\/v2\/product\/466056","targetHints":{"allow":["GET"]}}],"collection":[{"href":"https:\/\/lucacastelli.com\/fr\/wp-json\/wp\/v2\/product"}],"about":[{"href":"https:\/\/lucacastelli.com\/fr\/wp-json\/wp\/v2\/types\/product"}],"wp:featuredmedia":[{"embeddable":true,"href":"https:\/\/lucacastelli.com\/fr\/wp-json\/wp\/v2\/media\/56075"}],"wp:attachment":[{"href":"https:\/\/lucacastelli.com\/fr\/wp-json\/wp\/v2\/media?parent=466056"}],"wp:term":[{"taxonomy":"product_brand","embeddable":true,"href":"https:\/\/lucacastelli.com\/fr\/wp-json\/wp\/v2\/product_brand?post=466056"},{"taxonomy":"product_cat","embeddable":true,"href":"https:\/\/lucacastelli.com\/fr\/wp-json\/wp\/v2\/product_cat?post=466056"},{"taxonomy":"product_tag","embeddable":true,"href":"https:\/\/lucacastelli.com\/fr\/wp-json\/wp\/v2\/product_tag?post=466056"}],"curies":[{"name":"wp","href":"https:\/\/api.w.org\/{rel}","templated":true}]}}