{"id":466045,"date":"2025-05-31T23:04:11","date_gmt":"2025-05-31T21:04:11","guid":{"rendered":"https:\/\/lucacastelli.com\/prodotto\/rma-239-c-avec-1x-ak-30-s-1x-al-101\/"},"modified":"2025-08-17T02:13:39","modified_gmt":"2025-08-17T00:13:39","slug":"rma-239-c-avec-1x-ak-30-s-1x-al-101","status":"publish","type":"product","link":"https:\/\/lucacastelli.com\/fr\/produit\/rma-239-c-avec-1x-ak-30-s-1x-al-101\/","title":{"rendered":"STIHL RMA 239 C avec batterie AK 30 S et chargeur AL 101"},"content":{"rendered":"<h2 class=\"product-details__title\">Pour un travail efficace et confortable<\/h2>\n<div class=\"product-details__description richtexteditor\">\n<p>Tondeuse \u00e0 gazon \u00e0 batterie l\u00e9g\u00e8re et maniable avec une largeur de coupe de 37 cm pour les petites et moyennes et grandes surfaces. Avec lame \u00e0 d\u00e9bit optimis\u00e9, r\u00e9glage central de la hauteur de coupe et guidon confort rabattable, avec deux r\u00e9glages de hauteur. Avec bac de ramassage pliable de 40 L avec indicateur de niveau de remplissage.  <\/p>\n<\/div>\n<p>&nbsp;<\/p>\n<table data-test-id=\"pdp-spec-tech-table\">\n<tbody>\n<tr>\n<td>Puissance nominale<\/td>\n<td>900 W<\/td>\n<\/tr>\n<tr>\nSyst\u00e8me <\/p>\n<td>de batterie<\/td>\n<td>AK<\/td>\n<\/tr>\n<tr>\n<td>Transmission<\/td>\n<td>&#8212;<\/td>\n<\/tr>\n<tr>\n<td>Poids de l\u2019appareil sans batterie<\/td>\n<td>15 kg<\/td>\n<\/tr>\n<tr>\n<td>Largeur de coupe<\/td>\n<td>37 cm<\/td>\n<\/tr>\n<tr>\n<td>Hauteur de coupe<\/td>\n<td>30 \u00e0 70 millim\u00e8tres<\/td>\n<\/tr>\n<tr>\nR\u00e9glage de la hauteur <\/p>\n<td>de coupe<\/td>\n<td>5-FACH (Zentral)<\/td>\n<\/tr>\n<tr>\n<td>Vitesse nominale de l\u2019outil de travail<\/td>\n<td>3350 U\/min<\/td>\n<\/tr>\n<tr>\n<td>Indice IP<\/td>\n<td>Norme IPX1<\/td>\n<\/tr>\n<tr>\n<td>Surface maximale pour charger la batterie de l\u2019AK 10<\/td>\n<td>120 m\u00b2 <sup>1)<\/sup><\/td>\n<\/tr>\n<tr>\n<td>Zone maximale pour charger la batterie de l\u2019AK 20<\/td>\n<td>250 m\u00b2 <sup>1)<\/sup><\/td>\n<\/tr>\n<tr>\n<td>Surface max. pour charger la batterie de l\u2019AK 30<\/td>\n<td>330 m\u00b2 <sup>1)<\/sup><\/td>\n<\/tr>\n<tr>\n<td>Surface maximale par charge de batterie AK 30 S<\/td>\n<td>330 m\u00b2 <sup>1)<\/sup><\/td>\n<\/tr>\n<tr>\n<td>Capacit\u00e9 du bac de ramassage de l\u2019herbe<\/td>\n<td>40 l<\/td>\n<\/tr>\n<tr>\n<td>Largeur de l\u2019appareil sans accessoires<\/td>\n<td>43 cm<\/td>\n<\/tr>\n<tr>\n<td>Hauteur maximale de l\u2019appareil<\/td>\n<td>107 cm<\/td>\n<\/tr>\n<tr>\n<td>Diam\u00e8tre de<\/td>\n<p> la roue avant <\/p>\n<td>150 millim\u00e8tre<\/td>\n<\/tr>\n<tr>\n<td>Diam\u00e8tre<\/td>\n<p> de la roue arri\u00e8re <\/p>\n<td>180 millim\u00e8tre<\/td>\n<\/tr>\n<tr>\n<td>Niveau de pression acoustique mesur\u00e9 LpA<\/td>\n<td>76 dB(A)<\/td>\n<\/tr>\n<tr>\n<td>Niveau de puissance acoustique garanti LWA<\/td>\n<td>91 dB(A)<\/td>\n<\/tr>\n<tr>\n<td>Facteur d\u2019incertitude du niveau de pression acoustique KpA<\/td>\n<td>2 dB(A) <sup>2)<\/sup><\/td>\n<\/tr>\n<tr>\n<td>Guidon de direction vibrant AHW<\/td>\n<td>1,4 m\/m\u00b2<\/td>\n<\/tr>\n<tr>\n<td>Incertitude vibratoire K<\/td>\n<td>0,7 m\/s\u00b2 <sup>2)<\/sup><\/td>\n<\/tr>\n<\/tbody>\n<\/table>\n","protected":false},"excerpt":{"rendered":"<p>RMA 239 C, incl. 1x AK 30 S, 1x AL 101 <\/p>\n","protected":false},"featured_media":424337,"template":"","meta":{"_seopress_robots_primary_cat":"none","_seopress_titles_title":"","_seopress_titles_desc":"","_seopress_robots_index":""},"product_brand":[3555],"product_cat":[167,1670,1657],"product_tag":[3267],"class_list":{"0":"post-466045","1":"product","2":"type-product","3":"status-publish","4":"has-post-thumbnail","6":"product_brand-stihl-fr","7":"product_cat-machines","8":"product_cat-tondeuses-a-batterie","9":"product_cat-tondeuses-et-robots","10":"product_tag-import-stihl-fr","11":"sws-gruppo-macchinari","12":"sws-conto-ricavi-merci-rivendita-macchinari","13":"sws-gruppo-iva-iva81","15":"first","16":"onbackorder","17":"purchasable","18":"product-type-simple"},"_links":{"self":[{"href":"https:\/\/lucacastelli.com\/fr\/wp-json\/wp\/v2\/product\/466045","targetHints":{"allow":["GET"]}}],"collection":[{"href":"https:\/\/lucacastelli.com\/fr\/wp-json\/wp\/v2\/product"}],"about":[{"href":"https:\/\/lucacastelli.com\/fr\/wp-json\/wp\/v2\/types\/product"}],"wp:featuredmedia":[{"embeddable":true,"href":"https:\/\/lucacastelli.com\/fr\/wp-json\/wp\/v2\/media\/424337"}],"wp:attachment":[{"href":"https:\/\/lucacastelli.com\/fr\/wp-json\/wp\/v2\/media?parent=466045"}],"wp:term":[{"taxonomy":"product_brand","embeddable":true,"href":"https:\/\/lucacastelli.com\/fr\/wp-json\/wp\/v2\/product_brand?post=466045"},{"taxonomy":"product_cat","embeddable":true,"href":"https:\/\/lucacastelli.com\/fr\/wp-json\/wp\/v2\/product_cat?post=466045"},{"taxonomy":"product_tag","embeddable":true,"href":"https:\/\/lucacastelli.com\/fr\/wp-json\/wp\/v2\/product_tag?post=466045"}],"curies":[{"name":"wp","href":"https:\/\/api.w.org\/{rel}","templated":true}]}}