{"id":466044,"date":"2025-05-31T23:02:09","date_gmt":"2025-05-31T21:02:09","guid":{"rendered":"https:\/\/lucacastelli.com\/prodotto\/rma-239-c-sans-batterie-ni-chargeur\/"},"modified":"2025-09-10T11:27:54","modified_gmt":"2025-09-10T09:27:54","slug":"rma-239-c-sans-batterie-ni-chargeur","status":"publish","type":"product","link":"https:\/\/lucacastelli.com\/fr\/produit\/rma-239-c-sans-batterie-ni-chargeur\/","title":{"rendered":"STIHL RMA 239 C, sans batterie ni chargeur"},"content":{"rendered":"<h2 class=\"product-details__title\">Pour un travail efficace et confortable<\/h2>\n<div class=\"product-details__description richtexteditor\">Si vous \u00eates propri\u00e9taire d\u2019un jardin et que vous souhaitez en prendre soin confortablement et sans \u00e9missions, alors la tondeuse \u00e0 gazon sans fil STIHL RMA 239 C est faite pour vous. Avec les batteries du syst\u00e8me STIHL AK, il convainc par son faible poids et son efficacit\u00e9 \u00e9lev\u00e9e sur les pelouses de taille moyenne. La lame optimis\u00e9e pour le d\u00e9bit vous permet de travailler de mani\u00e8re \u00e9conome en \u00e9nergie et d\u2019atteindre des performances \u00e9lev\u00e9es. Le bo\u00eetier en polym\u00e8re du RMA 239 C est l\u00e9ger et en m\u00eame temps tr\u00e8s robuste. Le guidon confort peut \u00eatre r\u00e9gl\u00e9 en hauteur, ce qui rend le travail avec la tondeuse \u00e0 gazon plus confortable et plus fluide. Gr\u00e2ce au r\u00e9glage central de la hauteur de coupe, vous pouvez r\u00e9gler la longueur souhait\u00e9e de votre pelouse sur 5 niveaux de 30 mm \u00e0 70 mm.     <\/div>\n<div><\/div>\n<div><\/div>\n<div>DONN\u00c9ES TECHNIQUES<\/div>\n<div><\/div>\n<table data-test-id=\"pdp-spec-tech-table\">\n<tbody>\n<tr>\n<td>Puissance nominale<\/td>\n<td>900 W<\/td>\n<\/tr>\n<tr>\nSyst\u00e8me <\/p>\n<td>de batterie<\/td>\n<td>AK<\/td>\n<\/tr>\n<tr>\n<td>Transmission<\/td>\n<td>&#8212;<\/td>\n<\/tr>\n<tr>\n<td>Poids de l\u2019appareil sans batterie<\/td>\n<td>15 kg<\/td>\n<\/tr>\n<tr>\n<td>Largeur de coupe<\/td>\n<td>37 cm<\/td>\n<\/tr>\n<tr>\n<td>Hauteur de coupe<\/td>\n<td>30 \u00e0 70 millim\u00e8tres<\/td>\n<\/tr>\n<tr>\nR\u00e9glage de la hauteur <\/p>\n<td>de coupe<\/td>\n<td>5-FACH (Zentral)<\/td>\n<\/tr>\n<tr>\n<td>Vitesse nominale de l\u2019outil de travail<\/td>\n<td>3350 U\/min<\/td>\n<\/tr>\n<tr>\n<td>Indice IP<\/td>\n<td>Norme IPX1<\/td>\n<\/tr>\n<tr>\n<td>Surface maximale pour charger la batterie de l\u2019AK 10<\/td>\n<td>120 m\u00b2 <sup>1)<\/sup><\/td>\n<\/tr>\n<tr>\n<td>Zone maximale pour charger la batterie de l\u2019AK 20<\/td>\n<td>250 m\u00b2 <sup>1)<\/sup><\/td>\n<\/tr>\n<tr>\n<td>Surface max. pour charger la batterie de l\u2019AK 30<\/td>\n<td>330 m\u00b2 <sup>1)<\/sup><\/td>\n<\/tr>\n<tr>\n<td>Surface maximale par charge de batterie AK 30 S<\/td>\n<td>330 m\u00b2 <sup>1)<\/sup><\/td>\n<\/tr>\n<tr>\n<td>Capacit\u00e9 du bac de ramassage de l\u2019herbe<\/td>\n<td>40 l<\/td>\n<\/tr>\n<tr>\n<td>Largeur de l\u2019appareil sans accessoires<\/td>\n<td>43 cm<\/td>\n<\/tr>\n<tr>\n<td>Hauteur maximale de l\u2019appareil<\/td>\n<td>107 cm<\/td>\n<\/tr>\n<tr>\n<td>Diam\u00e8tre de<\/td>\n<p> la roue avant <\/p>\n<td>150 millim\u00e8tre<\/td>\n<\/tr>\n<tr>\n<td>Diam\u00e8tre<\/td>\n<p> de la roue arri\u00e8re <\/p>\n<td>180 millim\u00e8tre<\/td>\n<\/tr>\n<tr>\n<td>Niveau de pression acoustique mesur\u00e9 LpA<\/td>\n<td>76 dB(A)<\/td>\n<\/tr>\n<tr>\n<td>Niveau de puissance acoustique garanti LWA<\/td>\n<td>91 dB(A)<\/td>\n<\/tr>\n<tr>\n<td>Facteur d\u2019incertitude du niveau de pression acoustique KpA<\/td>\n<td>2 dB(A) <sup>2)<\/sup><\/td>\n<\/tr>\n<tr>\n<td>Guidon de direction vibrant AHW<\/td>\n<td>1,4 m\/m\u00b2<\/td>\n<\/tr>\n<tr>\n<td>Incertitude vibratoire K<\/td>\n<td>0,7 m\/s\u00b2 <sup>2)<\/sup><\/td>\n<\/tr>\n<\/tbody>\n<\/table>\n","protected":false},"excerpt":{"rendered":"<p>RMA 239 C, sans batterie ni chargeur<\/p>\n","protected":false},"featured_media":424160,"template":"","meta":{"_seopress_robots_primary_cat":"none","_seopress_titles_title":"","_seopress_titles_desc":"","_seopress_robots_index":""},"product_brand":[3366],"product_cat":[29,262,488],"product_tag":[3265],"class_list":{"0":"post-466044","1":"product","2":"type-product","3":"status-publish","4":"has-post-thumbnail","6":"product_brand-stihl","7":"product_cat-macchinari","8":"product_cat-tosaerba-e-robot","9":"product_cat-tosaerba-a-batteria","10":"product_tag-import-stihl","11":"sws-gruppo-macchinari","12":"sws-conto-ricavi-merci-rivendita-macchinari","13":"sws-gruppo-iva-iva81","15":"first","16":"onbackorder","17":"purchasable","18":"product-type-simple"},"_links":{"self":[{"href":"https:\/\/lucacastelli.com\/fr\/wp-json\/wp\/v2\/product\/466044","targetHints":{"allow":["GET"]}}],"collection":[{"href":"https:\/\/lucacastelli.com\/fr\/wp-json\/wp\/v2\/product"}],"about":[{"href":"https:\/\/lucacastelli.com\/fr\/wp-json\/wp\/v2\/types\/product"}],"wp:featuredmedia":[{"embeddable":true,"href":"https:\/\/lucacastelli.com\/fr\/wp-json\/wp\/v2\/media\/424160"}],"wp:attachment":[{"href":"https:\/\/lucacastelli.com\/fr\/wp-json\/wp\/v2\/media?parent=466044"}],"wp:term":[{"taxonomy":"product_brand","embeddable":true,"href":"https:\/\/lucacastelli.com\/fr\/wp-json\/wp\/v2\/product_brand?post=466044"},{"taxonomy":"product_cat","embeddable":true,"href":"https:\/\/lucacastelli.com\/fr\/wp-json\/wp\/v2\/product_cat?post=466044"},{"taxonomy":"product_tag","embeddable":true,"href":"https:\/\/lucacastelli.com\/fr\/wp-json\/wp\/v2\/product_tag?post=466044"}],"curies":[{"name":"wp","href":"https:\/\/api.w.org\/{rel}","templated":true}]}}