{"id":466026,"date":"2025-05-31T22:26:47","date_gmt":"2025-05-31T20:26:47","guid":{"rendered":"https:\/\/lucacastelli.com\/prodotto\/kit-s\/"},"modified":"2025-07-08T11:15:40","modified_gmt":"2025-07-08T09:15:40","slug":"kit-s","status":"publish","type":"product","link":"https:\/\/lucacastelli.com\/fr\/produit\/kit-s\/","title":{"rendered":"STIHL Kit S"},"content":{"rendered":"<p>Kit d\u2019installation compos\u00e9 de 150 m de fil p\u00e9riph\u00e9rique (rouleau), \u00f8 3,4 mm, 150 \u00e9l\u00e9ments d\u2019ancrage, 2 goupilles de verrouillage, 3 connexions de fils.<br \/>\n886661340965<\/p>\n","protected":false},"excerpt":{"rendered":"<p>Kit S<\/p>\n","protected":false},"featured_media":422187,"template":"","meta":{"_seopress_robots_primary_cat":"","_seopress_titles_title":"","_seopress_titles_desc":"","_seopress_robots_index":""},"product_brand":[3366],"product_cat":[29,515,262,487],"product_tag":[3265],"class_list":{"0":"post-466026","1":"product","2":"type-product","3":"status-publish","4":"has-post-thumbnail","6":"product_brand-stihl","7":"product_cat-macchinari","8":"product_cat-accessori-e-materiale-di-consumo-altri-dispositivi","9":"product_cat-tosaerba-e-robot","10":"product_cat-trattorini-tosaerba","11":"product_tag-import-stihl","12":"sws-gruppo-macchinari","13":"sws-conto-ricavi-merci-rivendita-macchinari","14":"sws-gruppo-iva-iva81","16":"first","17":"onbackorder","18":"purchasable","19":"product-type-simple"},"_links":{"self":[{"href":"https:\/\/lucacastelli.com\/fr\/wp-json\/wp\/v2\/product\/466026","targetHints":{"allow":["GET"]}}],"collection":[{"href":"https:\/\/lucacastelli.com\/fr\/wp-json\/wp\/v2\/product"}],"about":[{"href":"https:\/\/lucacastelli.com\/fr\/wp-json\/wp\/v2\/types\/product"}],"wp:featuredmedia":[{"embeddable":true,"href":"https:\/\/lucacastelli.com\/fr\/wp-json\/wp\/v2\/media\/422187"}],"wp:attachment":[{"href":"https:\/\/lucacastelli.com\/fr\/wp-json\/wp\/v2\/media?parent=466026"}],"wp:term":[{"taxonomy":"product_brand","embeddable":true,"href":"https:\/\/lucacastelli.com\/fr\/wp-json\/wp\/v2\/product_brand?post=466026"},{"taxonomy":"product_cat","embeddable":true,"href":"https:\/\/lucacastelli.com\/fr\/wp-json\/wp\/v2\/product_cat?post=466026"},{"taxonomy":"product_tag","embeddable":true,"href":"https:\/\/lucacastelli.com\/fr\/wp-json\/wp\/v2\/product_tag?post=466026"}],"curies":[{"name":"wp","href":"https:\/\/api.w.org\/{rel}","templated":true}]}}