{"id":466018,"date":"2025-05-31T22:23:49","date_gmt":"2025-05-31T20:23:49","guid":{"rendered":"https:\/\/lucacastelli.com\/prodotto\/rma-2-rpv-sans-batterie-chargeur\/"},"modified":"2026-04-13T11:55:08","modified_gmt":"2026-04-13T09:55:08","slug":"rma-2-rpv-sans-batterie-chargeur","status":"publish","type":"product","link":"https:\/\/lucacastelli.com\/fr\/produit\/rma-2-rpv-sans-batterie-chargeur\/","title":{"rendered":"STIHL RMA 2 RPV, sans batterie + chargeur"},"content":{"rendered":"<p>Tondeuse \u00e0 gazon mulching sur batterie, l\u00e9g\u00e8re et maniable avec une largeur de coupe de 46 cm pour les pelouses de taille moyenne. R\u00e9glage de la hauteur de coupe pour chaque essieu, levier de serrage rapide Quick-Fix et guidon rabattable. Entra\u00eenement \u00e9lectrique Vario pour un travail confortable. La vitesse de travail maximale peut \u00eatre r\u00e9gl\u00e9e en six \u00e9tapes \u00e0 l\u2019aide d\u2019un levier sur le guidon. Avec deux compartiments de batterie actifs pour la d\u00e9charge en s\u00e9rie.<br \/>\n886661011964    <\/p>\n<p>Puissance nominale Syst\u00e8me de batterie 1050<br \/>\nSyst\u00e8me de batterie<\/p>\n<p>Transmission Poids de la transmission<br \/>\n23.0<br \/>\nLargeur de coupe 46<\/p>\n","protected":false},"excerpt":{"rendered":"<p>RMA 2 RPV, sans batterie + chargeur<\/p>\n","protected":false},"featured_media":422023,"template":"","meta":{"_seopress_robots_primary_cat":"","_seopress_titles_title":"","_seopress_titles_desc":"","_seopress_robots_index":""},"product_brand":[3555],"product_cat":[167,1670,1657],"product_tag":[3267],"class_list":{"0":"post-466018","1":"product","2":"type-product","3":"status-publish","4":"has-post-thumbnail","6":"product_brand-stihl-fr","7":"product_cat-machines","8":"product_cat-tondeuses-a-batterie","9":"product_cat-tondeuses-et-robots","10":"product_tag-import-stihl-fr","11":"sws-gruppo-macchinari-fr","12":"sws-conto-ricavi-merci-rivendita-macchinari-fr","13":"sws-gruppo-iva-iva81-fr","15":"first","16":"onbackorder","17":"purchasable","18":"product-type-simple"},"_links":{"self":[{"href":"https:\/\/lucacastelli.com\/fr\/wp-json\/wp\/v2\/product\/466018","targetHints":{"allow":["GET"]}}],"collection":[{"href":"https:\/\/lucacastelli.com\/fr\/wp-json\/wp\/v2\/product"}],"about":[{"href":"https:\/\/lucacastelli.com\/fr\/wp-json\/wp\/v2\/types\/product"}],"wp:featuredmedia":[{"embeddable":true,"href":"https:\/\/lucacastelli.com\/fr\/wp-json\/wp\/v2\/media\/422023"}],"wp:attachment":[{"href":"https:\/\/lucacastelli.com\/fr\/wp-json\/wp\/v2\/media?parent=466018"}],"wp:term":[{"taxonomy":"product_brand","embeddable":true,"href":"https:\/\/lucacastelli.com\/fr\/wp-json\/wp\/v2\/product_brand?post=466018"},{"taxonomy":"product_cat","embeddable":true,"href":"https:\/\/lucacastelli.com\/fr\/wp-json\/wp\/v2\/product_cat?post=466018"},{"taxonomy":"product_tag","embeddable":true,"href":"https:\/\/lucacastelli.com\/fr\/wp-json\/wp\/v2\/product_tag?post=466018"}],"curies":[{"name":"wp","href":"https:\/\/api.w.org\/{rel}","templated":true}]}}