{"id":466017,"date":"2025-05-31T22:15:04","date_gmt":"2025-05-31T20:15:04","guid":{"rendered":"https:\/\/lucacastelli.com\/prodotto\/rma-7-rv-sans-batterie-chargeur\/"},"modified":"2025-06-29T13:45:31","modified_gmt":"2025-06-29T11:45:31","slug":"rma-7-rv-sans-batterie-chargeur","status":"publish","type":"product","link":"https:\/\/lucacastelli.com\/fr\/produit\/rma-7-rv-sans-batterie-chargeur\/","title":{"rendered":"STIHL RMA 7 RV, sans batterie + chargeur"},"content":{"rendered":"<p>pLa tondeuse \u00e0 gazon mulching STIHL RMA 7nbsp&nbsp;; Le VR n\u2019a pas besoin d\u2019essence ni de c\u00e2bles : il est aliment\u00e9 par le syst\u00e8me AP fiable, dont les batteries lithium-ion de haute qualit\u00e9 sont \u00e9galement utilis\u00e9es dans les outils professionnels STIHL. Les batteries ont suffisamment d\u2019\u00e9nergie pour travailler sur de grandes pelouses. \u00c9tant une tondeuse mulching sp\u00e9ciale, RMA 7nbsp&nbsp;; Le VR permet un travail particuli\u00e8rement rapide. L\u2019herbe finement hach\u00e9e reste dans le gazon comme engrais naturel en une seule op\u00e9ration. Il n\u2019est donc plus n\u00e9cessaire de vider le bac de ramassage.nbsp&nbsp;;\/ppLa tondeuse \u00e0 gazon mulching STIHL RMA 7&nbsp;; RV avec une largeur de coupe de 51 nbsp&nbsp;; cm, fonction 4 en 1, est parfaitement adapt\u00e9 aux grandes surfaces. Il dispose d\u2019un entra\u00eenement \u00e9lectrique Vario, ainsi que d\u2019un \u00e9l\u00e9ment de commande IHM pour un plus grand confort d\u2019utilisation.<br \/>\n886661910144<\/p>\n<p>Puissance nominale Syst\u00e8me de batterie 3100<br \/>\nSyst\u00e8me de batterie<\/p>\n<p>Transmission Poids de la transmission<br \/>\n45.0<br \/>\nLargeur de coupe 51<\/p>\n","protected":false},"excerpt":{"rendered":"<p>pLa tondeuse \u00e0 gazon mulching STIHL RMA 7nbsp&nbsp;; Le VR n\u2019a pas besoin d\u2019essence ni de c\u00e2bles : il est<\/p>\n","protected":false},"featured_media":437129,"template":"","meta":{"_seopress_robots_primary_cat":"","_seopress_titles_title":"","_seopress_titles_desc":"","_seopress_robots_index":""},"product_brand":[3555],"product_cat":[167,1670,1657],"product_tag":[3267],"class_list":{"0":"post-466017","1":"product","2":"type-product","3":"status-publish","4":"has-post-thumbnail","6":"product_brand-stihl-fr","7":"product_cat-machines","8":"product_cat-tondeuses-a-batterie","9":"product_cat-tondeuses-et-robots","10":"product_tag-import-stihl-fr","11":"sws-gruppo-macchinari-fr","12":"sws-conto-ricavi-merci-rivendita-macchinari-fr","13":"sws-gruppo-iva-iva81-fr","15":"first","16":"onbackorder","17":"purchasable","18":"product-type-simple"},"_links":{"self":[{"href":"https:\/\/lucacastelli.com\/fr\/wp-json\/wp\/v2\/product\/466017","targetHints":{"allow":["GET"]}}],"collection":[{"href":"https:\/\/lucacastelli.com\/fr\/wp-json\/wp\/v2\/product"}],"about":[{"href":"https:\/\/lucacastelli.com\/fr\/wp-json\/wp\/v2\/types\/product"}],"wp:featuredmedia":[{"embeddable":true,"href":"https:\/\/lucacastelli.com\/fr\/wp-json\/wp\/v2\/media\/437129"}],"wp:attachment":[{"href":"https:\/\/lucacastelli.com\/fr\/wp-json\/wp\/v2\/media?parent=466017"}],"wp:term":[{"taxonomy":"product_brand","embeddable":true,"href":"https:\/\/lucacastelli.com\/fr\/wp-json\/wp\/v2\/product_brand?post=466017"},{"taxonomy":"product_cat","embeddable":true,"href":"https:\/\/lucacastelli.com\/fr\/wp-json\/wp\/v2\/product_cat?post=466017"},{"taxonomy":"product_tag","embeddable":true,"href":"https:\/\/lucacastelli.com\/fr\/wp-json\/wp\/v2\/product_tag?post=466017"}],"curies":[{"name":"wp","href":"https:\/\/api.w.org\/{rel}","templated":true}]}}