{"id":466015,"date":"2025-05-31T22:14:57","date_gmt":"2025-05-31T20:14:57","guid":{"rendered":"https:\/\/lucacastelli.com\/prodotto\/rma-750-v-sans-batterie-chargeur\/"},"modified":"2025-06-29T13:45:13","modified_gmt":"2025-06-29T11:45:13","slug":"rma-750-v-sans-batterie-chargeur","status":"publish","type":"product","link":"https:\/\/lucacastelli.com\/fr\/produit\/rma-750-v-sans-batterie-chargeur\/","title":{"rendered":"STIHL RMA 750 V, sans batterie + chargeur"},"content":{"rendered":"<p>pTondeuse \u00e0 gazon sans fil puissante avec 48nbsp&nbsp;; cm de largeur de coupe pour les pelouses de taille moyenne. R\u00e9glage central de la hauteur de coupe et guidon confort. Entra\u00eenement \u00e9lectrique Vario pour un travail confortable La tondeuse \u00e0 gazon STIHL RMA 750nbsp&nbsp;; V dispose d\u2019un bac de ramassage d\u2019une capacit\u00e9 de 80 litres et d\u2019un coin de paillage.\/p<br \/>\n886661909278<\/p>\n<p>Puissance nominale 3100<br \/>\nSyst\u00e8me aliment\u00e9 par batterie Syst\u00e8me aliment\u00e9 par<\/p>\n<p>batterie Transmission Poids de la transmission<br \/>\n50.0<br \/>\nLargeur de coupe 48<\/p>\n","protected":false},"excerpt":{"rendered":"<p>pTondeuse \u00e0 gazon sans fil puissante avec 48nbsp&nbsp;; cm de largeur de coupe pour les pelouses de taille moyenne. R\u00e9glage<\/p>\n","protected":false},"featured_media":437103,"template":"","meta":{"_seopress_robots_primary_cat":"","_seopress_titles_title":"","_seopress_titles_desc":"","_seopress_robots_index":""},"product_brand":[3366],"product_cat":[29,262,488],"product_tag":[3265],"class_list":{"0":"post-466015","1":"product","2":"type-product","3":"status-publish","4":"has-post-thumbnail","6":"product_brand-stihl","7":"product_cat-macchinari","8":"product_cat-tosaerba-e-robot","9":"product_cat-tosaerba-a-batteria","10":"product_tag-import-stihl","11":"sws-gruppo-macchinari-fr","12":"sws-conto-ricavi-merci-rivendita-macchinari-fr","13":"sws-gruppo-iva-iva81-fr","15":"first","16":"onbackorder","17":"purchasable","18":"product-type-simple"},"_links":{"self":[{"href":"https:\/\/lucacastelli.com\/fr\/wp-json\/wp\/v2\/product\/466015","targetHints":{"allow":["GET"]}}],"collection":[{"href":"https:\/\/lucacastelli.com\/fr\/wp-json\/wp\/v2\/product"}],"about":[{"href":"https:\/\/lucacastelli.com\/fr\/wp-json\/wp\/v2\/types\/product"}],"wp:featuredmedia":[{"embeddable":true,"href":"https:\/\/lucacastelli.com\/fr\/wp-json\/wp\/v2\/media\/437103"}],"wp:attachment":[{"href":"https:\/\/lucacastelli.com\/fr\/wp-json\/wp\/v2\/media?parent=466015"}],"wp:term":[{"taxonomy":"product_brand","embeddable":true,"href":"https:\/\/lucacastelli.com\/fr\/wp-json\/wp\/v2\/product_brand?post=466015"},{"taxonomy":"product_cat","embeddable":true,"href":"https:\/\/lucacastelli.com\/fr\/wp-json\/wp\/v2\/product_cat?post=466015"},{"taxonomy":"product_tag","embeddable":true,"href":"https:\/\/lucacastelli.com\/fr\/wp-json\/wp\/v2\/product_tag?post=466015"}],"curies":[{"name":"wp","href":"https:\/\/api.w.org\/{rel}","templated":true}]}}