{"id":466010,"date":"2025-05-31T22:15:03","date_gmt":"2025-05-31T20:15:03","guid":{"rendered":"https:\/\/lucacastelli.com\/prodotto\/rma-756-v-sans-batterie-chargeur\/"},"modified":"2025-06-29T13:45:27","modified_gmt":"2025-06-29T11:45:27","slug":"rma-756-v-sans-batterie-chargeur","status":"publish","type":"product","link":"https:\/\/lucacastelli.com\/fr\/produit\/rma-756-v-sans-batterie-chargeur\/","title":{"rendered":"STIHL RMA 756 V, sans batterie + chargeur"},"content":{"rendered":"<p>La tondeuse \u00e0 gazon professionnelle STIHL RMA 756 V avec une largeur de coupe de 54 cm, fonction 4 en 1&nbsp;; br \/est parfaitement adapt\u00e9 aux grandes surfaces.nbsp&nbsp;;\/ppLa tondeuse est \u00e9quip\u00e9e d\u2019un entra\u00eenement \u00e9lectrique Vario, ainsi que d\u2019un \u00e9l\u00e9ment de commande HMI pour un plus grand confort d\u2019utilisation. \u00c9quip\u00e9 d\u2019un bac de ramassage d\u2019une capacit\u00e9 de 80 litres et d\u2019un kit de paillage.\/p<br \/>\n886661909308<\/p>\n<p>Puissance nominale 3100<br \/>\nSyst\u00e8me aliment\u00e9 par batterie Syst\u00e8me aliment\u00e9 par<\/p>\n<p>batterie Transmission Poids de la transmission<br \/>\n52.0<br \/>\nLargeur de coupe 54<\/p>\n","protected":false},"excerpt":{"rendered":"<p>La tondeuse \u00e0 gazon professionnelle STIHL RMA 756 V avec une largeur de coupe de 54 cm, fonction 4 en<\/p>\n","protected":false},"featured_media":437116,"template":"","meta":{"_seopress_robots_primary_cat":"","_seopress_titles_title":"","_seopress_titles_desc":"","_seopress_robots_index":""},"product_brand":[3366],"product_cat":[29,262,488],"product_tag":[3265],"class_list":{"0":"post-466010","1":"product","2":"type-product","3":"status-publish","4":"has-post-thumbnail","6":"product_brand-stihl","7":"product_cat-macchinari","8":"product_cat-tosaerba-e-robot","9":"product_cat-tosaerba-a-batteria","10":"product_tag-import-stihl","11":"sws-gruppo-macchinari-fr","12":"sws-conto-ricavi-merci-rivendita-macchinari-fr","13":"sws-gruppo-iva-iva81-fr","15":"first","16":"onbackorder","17":"purchasable","18":"product-type-simple"},"_links":{"self":[{"href":"https:\/\/lucacastelli.com\/fr\/wp-json\/wp\/v2\/product\/466010","targetHints":{"allow":["GET"]}}],"collection":[{"href":"https:\/\/lucacastelli.com\/fr\/wp-json\/wp\/v2\/product"}],"about":[{"href":"https:\/\/lucacastelli.com\/fr\/wp-json\/wp\/v2\/types\/product"}],"wp:featuredmedia":[{"embeddable":true,"href":"https:\/\/lucacastelli.com\/fr\/wp-json\/wp\/v2\/media\/437116"}],"wp:attachment":[{"href":"https:\/\/lucacastelli.com\/fr\/wp-json\/wp\/v2\/media?parent=466010"}],"wp:term":[{"taxonomy":"product_brand","embeddable":true,"href":"https:\/\/lucacastelli.com\/fr\/wp-json\/wp\/v2\/product_brand?post=466010"},{"taxonomy":"product_cat","embeddable":true,"href":"https:\/\/lucacastelli.com\/fr\/wp-json\/wp\/v2\/product_cat?post=466010"},{"taxonomy":"product_tag","embeddable":true,"href":"https:\/\/lucacastelli.com\/fr\/wp-json\/wp\/v2\/product_tag?post=466010"}],"curies":[{"name":"wp","href":"https:\/\/api.w.org\/{rel}","templated":true}]}}