{"id":466007,"date":"2025-05-31T22:14:54","date_gmt":"2025-05-31T20:14:54","guid":{"rendered":"https:\/\/lucacastelli.com\/prodotto\/imow-3-evo\/"},"modified":"2025-06-29T13:44:59","modified_gmt":"2025-06-29T11:44:59","slug":"imow-3-evo","status":"publish","type":"product","link":"https:\/\/lucacastelli.com\/fr\/produit\/imow-3-evo\/","title":{"rendered":"STIHL iMOW 3 EVO"},"content":{"rendered":"<p>Les mod\u00e8les STIHL iMOW\u00ae 3 et 4 d\u2019une largeur de coupe de 20 centim\u00e8tres sont con\u00e7us pour l\u2019entretien automatique de pelouses jusqu\u2019\u00e0 500 ou 1 000 m\u00e8tres carr\u00e9s et sont disponibles en deux variantes : iMOW\u00ae et iMOW\u00ae EVO. Les variantes EVO se distinguent non seulement par leur design, mais aussi par plus de puissance et donc, entre autres, par une vitesse de conduite plus \u00e9lev\u00e9e, accompagn\u00e9e d\u2019un temps de tonte plus court. Cela permet aux propri\u00e9taires de jardins de profiter de plus de temps libre dans leur espace vert. Gr\u00e2ce au syst\u00e8me de coupe \u00e0 disque et au comportement de conduite intelligent adapt\u00e9 aux conditions, les robots tondeuses \u00e0 gazon iMOW\u00ae impressionnent par un r\u00e9sultat de coupe parfait et une qualit\u00e9 de coupe \u00e9lev\u00e9e et constante. Les robots MOW peuvent \u00e9galement affronter sans probl\u00e8me des pentes allant jusqu\u2019\u00e0 40 % (voire jusqu\u2019\u00e0 45 % pour les mod\u00e8les EVO) ou des terrains accident\u00e9s. Les robots tondeuses STIHL iMOW\u00ae 3 et 4 peuvent \u00eatre contr\u00f4l\u00e9s via l\u2019application MY iMOW\u00ae.<br \/>\n886661058112<\/p>\n<p>Poids de l\u2019appareil 10,6<br \/>\nPente maximale Pente maximale<\/p>\n<p>Pente max. avec kit d\u2019inclinaison Pente max. avec kit d\u2019inclinaison<br \/>\nLargeur de coupe 20<br \/>\nHauteur de coupe minimale 20<\/p>\n","protected":false},"excerpt":{"rendered":"<p>Les mod\u00e8les STIHL iMOW\u00ae 3 et 4 d\u2019une largeur de coupe de 20 centim\u00e8tres sont con\u00e7us pour l\u2019entretien automatique de<\/p>\n","protected":false},"featured_media":437064,"template":"","meta":{"_seopress_robots_primary_cat":"","_seopress_titles_title":"","_seopress_titles_desc":"","_seopress_robots_index":""},"product_brand":[3366],"product_cat":[29,262,278],"product_tag":[3265],"class_list":{"0":"post-466007","1":"product","2":"type-product","3":"status-publish","4":"has-post-thumbnail","6":"product_brand-stihl","7":"product_cat-macchinari","8":"product_cat-tosaerba-e-robot","9":"product_cat-robot-tosaerba","10":"product_tag-import-stihl","11":"sws-gruppo-macchinari-fr","12":"sws-conto-ricavi-merci-rivendita-macchinari-fr","13":"sws-gruppo-iva-iva81-fr","15":"first","16":"onbackorder","17":"purchasable","18":"product-type-simple"},"_links":{"self":[{"href":"https:\/\/lucacastelli.com\/fr\/wp-json\/wp\/v2\/product\/466007","targetHints":{"allow":["GET"]}}],"collection":[{"href":"https:\/\/lucacastelli.com\/fr\/wp-json\/wp\/v2\/product"}],"about":[{"href":"https:\/\/lucacastelli.com\/fr\/wp-json\/wp\/v2\/types\/product"}],"wp:featuredmedia":[{"embeddable":true,"href":"https:\/\/lucacastelli.com\/fr\/wp-json\/wp\/v2\/media\/437064"}],"wp:attachment":[{"href":"https:\/\/lucacastelli.com\/fr\/wp-json\/wp\/v2\/media?parent=466007"}],"wp:term":[{"taxonomy":"product_brand","embeddable":true,"href":"https:\/\/lucacastelli.com\/fr\/wp-json\/wp\/v2\/product_brand?post=466007"},{"taxonomy":"product_cat","embeddable":true,"href":"https:\/\/lucacastelli.com\/fr\/wp-json\/wp\/v2\/product_cat?post=466007"},{"taxonomy":"product_tag","embeddable":true,"href":"https:\/\/lucacastelli.com\/fr\/wp-json\/wp\/v2\/product_tag?post=466007"}],"curies":[{"name":"wp","href":"https:\/\/api.w.org\/{rel}","templated":true}]}}