{"id":465996,"date":"2025-05-31T22:02:03","date_gmt":"2025-05-31T20:02:03","guid":{"rendered":"https:\/\/lucacastelli.com\/prodotto\/imow-7-pro\/"},"modified":"2025-06-29T13:40:52","modified_gmt":"2025-06-29T11:40:52","slug":"imow-7-pro","status":"publish","type":"product","link":"https:\/\/lucacastelli.com\/fr\/produit\/imow-7-pro\/","title":{"rendered":"STIHL iMOW 7 PRO"},"content":{"rendered":"<p>Que vous tondiez l\u2019herbe dans les municipalit\u00e9s, que vous entreteniez des terrains de sport, que vous entreteniez de grands jardins par des entreprises de jardinage et d\u2019am\u00e9nagement paysager ou que vous tondiez des zones commerciales, le robot tondeuse STIHL iMOW\u00ae 7 PRO vous assiste de mani\u00e8re enti\u00e8rement automatique et efficace. Aliment\u00e9 par une puissante batterie lithium-ion, l\u2019iMOW\u00ae 7 PRO, avec ses 3 lames oscillantes du syst\u00e8me Disc-Cut et une vitesse de lame \u00e9lev\u00e9e, garantit une coupe nette. De plus, iMOW\u00ae 7 PRO fonctionne alorsbsp&nbsp;; fortpaillage\/strongnbsp&nbsp;; de sorte que le mat\u00e9riau coup\u00e9 est directement r\u00e9utilis\u00e9 comme strongnbsp&nbsp;; engrais\/fort.\/ppSTIHL iMOW\u00ae 7 PRO convient aux zones herbeuses jusqu\u2019\u00e0 5 000 m\u00b2. Si 2 ou 3 robots tondeuses sont install\u00e9s en \u00e9quipe, des surfaces allant jusqu\u2019\u00e0 8 000 m\u00b2, comme les terrains de football, peuvent \u00e9galement \u00eatre entretenues efficacement. L\u2019iMOW\u00ae 7 PRO est \u00e9galement efficace sur les terrains en pente : il s\u2019attaque facilement aux pentes jusqu\u2019\u00e0 45&nbsp;%. Un kit de mise \u00e0 niveau en option vous permet de g\u00e9rer des pentes allant jusqu\u2019\u00e0 55 %. Les obstacles sont abord\u00e9s \u00e0 une vitesse contr\u00f4l\u00e9e, de sorte que l\u2019herbe est coup\u00e9e au plus pr\u00e8s de l\u2019objet. Gr\u00e2ce \u00e0 des man\u0153uvres intelligentes, vous pouvez couper efficacement m\u00eame dans des espaces confin\u00e9s. Pour un r\u00e9sultat de coupe uniforme, la vitesse est adapt\u00e9e m\u00eame sur un sol accident\u00e9 gr\u00e2ce \u00e0 des capteurs d\u2019inclinaison.\/ppLe panneau de commande avec seulement quelques boutons permet une utilisation facile. De plus, un syst\u00e8me de guidage vocal permet un contr\u00f4le intuitif. L\u2019\u00e9tat actuel de votre robot tondeuse est affich\u00e9 via la LED Backstripe. Les feux diurnes de la LED Frontstripe peuvent \u00eatre r\u00e9gl\u00e9s en diff\u00e9rentes couleurs, par exemple selon les couleurs du club ou de l\u2019entreprise.\/ppPour une utilisation et une manipulation particuli\u00e8rement efficaces de l\u2019iMOW\u00ae 7 PRO, nbsp sont disponibles ; strongsolutions STIHL connected\/strongnbsp&nbsp;; Pour une gestion efficace de la flotte : du r\u00e9glage individuel de la hauteur de coupe \u00e0 l\u2019affichage de l\u2019\u00e9tat, en passant par les plans de coupe, les temps de fonctionnement. Vous pouvez \u00e9galement contr\u00f4ler l\u2019iMOW\u00ae 7 PRO via l\u2019application MY iMOW\u00ae via Bluetooth\u00ae, WLAN ou r\u00e9seau mobile. Si le robot tondeuse est ramass\u00e9, un bip d\u2019alarme se d\u00e9clenche et se d\u00e9sactive automatiquement apr\u00e8s le repositionnement de l\u2019iMOW\u00ae ou apr\u00e8s un certain laps de temps. iMOW\u00ae verrouille automatiquement ses fonctions de contr\u00f4le lorsqu\u2019il est retir\u00e9 de sa zone pr\u00e9c\u00e9demment d\u00e9finie de la maison. Une protection suppl\u00e9mentaire est fournie par le code PIN personnel, qui emp\u00eache les personnes non autoris\u00e9es d\u2019utiliser votre iMOW\u00ae 7 PRO.\/ppEn cas d\u2019intemp\u00e9ries, gr\u00e2ce au capteur de pluie r\u00e9glable individuellement, vous pouvez d\u00e9cider de tondre la pelouse ou de mettre l\u2019iMOW\u00ae 7 PRO en pause. La station de charge sert de base et de chargeur pour le robot tondeuse.\/ppLe kit d\u2019installation appropri\u00e9 est n\u00e9cessaire pour l\u2019installation, en fonction de la taille des zones \u00e0 tondre. Pour l\u2019installation carr\u00e9e d\u2019un maximum de 3 robots tondeuses, un seul fil p\u00e9riph\u00e9rique est n\u00e9cessaire. De plus, chaque robot tondeuse dispose d\u2019un fil-guide qui l\u2019emm\u00e8ne de mani\u00e8re fiable \u00e0 sa station de charge.\/ppLes robots tondeuses \u00e0 gazon STIHL iMOW\u00ae sont conformes \u00e0 toutes les normes de s\u00e9curit\u00e9 en vigueur. Cependant, il est important de se rappeler que le robot tondeuse iMOW\u00ae n\u2019est pas un jouet. Pendant le temps de fonctionnement d\u2019iMOW\u00ae, les enfants, les passants et les animaux doivent \u00eatre tenus \u00e0 l\u2019\u00e9cart de la zone de travail. Pour plus d\u2019informations, veuillez consulter le manuel d\u2019utilisation.<br \/>\n795711359232<\/p>\n<p>Syst\u00e8me de batterie AAI<br \/>\nPoids de l\u2019appareil Poids de l\u2019appareil<\/p>\n<p>Pente maximale Pente maximale<br \/>\nPente maximale avec kit pour terrain en pente 55<br \/>\nLargeur de coupe 28<\/p>\n","protected":false},"excerpt":{"rendered":"<p>Que vous tondiez l\u2019herbe dans les municipalit\u00e9s, que vous entreteniez des terrains de sport, que vous entreteniez de grands jardins<\/p>\n","protected":false},"featured_media":436516,"template":"","meta":{"_seopress_robots_primary_cat":"","_seopress_titles_title":"","_seopress_titles_desc":"","_seopress_robots_index":""},"product_brand":[3366],"product_cat":[29,262,278],"product_tag":[3265],"class_list":{"0":"post-465996","1":"product","2":"type-product","3":"status-publish","4":"has-post-thumbnail","6":"product_brand-stihl","7":"product_cat-macchinari","8":"product_cat-tosaerba-e-robot","9":"product_cat-robot-tosaerba","10":"product_tag-import-stihl","11":"sws-gruppo-macchinari-fr","12":"sws-conto-ricavi-merci-rivendita-macchinari-fr","13":"sws-gruppo-iva-iva81-fr","15":"first","16":"onbackorder","17":"purchasable","18":"product-type-simple"},"_links":{"self":[{"href":"https:\/\/lucacastelli.com\/fr\/wp-json\/wp\/v2\/product\/465996","targetHints":{"allow":["GET"]}}],"collection":[{"href":"https:\/\/lucacastelli.com\/fr\/wp-json\/wp\/v2\/product"}],"about":[{"href":"https:\/\/lucacastelli.com\/fr\/wp-json\/wp\/v2\/types\/product"}],"wp:featuredmedia":[{"embeddable":true,"href":"https:\/\/lucacastelli.com\/fr\/wp-json\/wp\/v2\/media\/436516"}],"wp:attachment":[{"href":"https:\/\/lucacastelli.com\/fr\/wp-json\/wp\/v2\/media?parent=465996"}],"wp:term":[{"taxonomy":"product_brand","embeddable":true,"href":"https:\/\/lucacastelli.com\/fr\/wp-json\/wp\/v2\/product_brand?post=465996"},{"taxonomy":"product_cat","embeddable":true,"href":"https:\/\/lucacastelli.com\/fr\/wp-json\/wp\/v2\/product_cat?post=465996"},{"taxonomy":"product_tag","embeddable":true,"href":"https:\/\/lucacastelli.com\/fr\/wp-json\/wp\/v2\/product_tag?post=465996"}],"curies":[{"name":"wp","href":"https:\/\/api.w.org\/{rel}","templated":true}]}}