{"id":465980,"date":"2025-05-31T21:57:43","date_gmt":"2025-05-31T19:57:43","guid":{"rendered":"https:\/\/lucacastelli.com\/prodotto\/rm-443-t\/"},"modified":"2025-07-20T23:56:56","modified_gmt":"2025-07-20T21:56:56","slug":"rm-443-t","status":"publish","type":"product","link":"https:\/\/lucacastelli.com\/fr\/produit\/rm-443-t\/","title":{"rendered":"STIHL RM 443 T"},"content":{"rendered":"<h2 class=\"product-details__title\">Tondeuse \u00e0 gazon compacte pour les pelouses moyennes ou grandes<\/h2>\n<div class=\"product-details__description richtexteditor\">\n<p>Tondeuse \u00e0 gazon \u00e0 essence compacte avec une largeur de coupe de 41 cm, fonction 4 en 1, \u00e9jection lat\u00e9rale, clapet de paillage et multi-lames pour les pelouses sinueuses et de taille moyenne. Bo\u00eetier en plastique avec garde-boue en plastique, r\u00e9glage central de la hauteur de coupe, guidon confort pliable et r\u00e9glable en hauteur en deux positions et entra\u00eenement \u00e0 1 vitesse pour un travail confortable. Avec bac de ramassage pliable de 52 litres avec indicateur de niveau de remplissage.  <\/p>\n<\/div>\n<p>&nbsp;<\/p>\n<p>DONN\u00c9ES TECHNIQUES<\/p>\n<p>&nbsp;<\/p>\n<table data-test-id=\"pdp-spec-tech-table\">\n<tbody>\n<tr>\n<td>Cylindr\u00e9e<\/td>\n<p> du piston<\/p>\n<td>139 cm\u00b3<\/td>\n<\/tr>\n<tr>\n<td>Transmission<\/td>\n<td>3,5 km\/h<\/td>\n<\/tr>\n<tr>\n<td>Type de moteur<\/td>\n<td>EVC 200.5 C<\/td>\n<\/tr>\n<tr>\n<td>Le CO2<\/td>\n<td>922 g\/kWh<\/td>\n<\/tr>\n<tr>\n<td>Poids unitaire sans carburant<\/td>\n<td>30 kg<\/td>\n<\/tr>\n<tr>\n<td>Largeur de coupe<\/td>\n<td>41 cm<\/td>\n<\/tr>\n<tr>\n<td>Hauteur de coupe<\/td>\n<td>20 &#8211; 100 mm<\/td>\n<\/tr>\n<tr>\n<td>R\u00e9glage de la hauteur de coupe<\/td>\n<td>7-fach (zentral)<\/td>\n<\/tr>\n<tr>\n<td>Vitesse nominale de l\u2019outil de travail<\/td>\n<td>2800 U\/min<\/td>\n<\/tr>\n<tr>\n<td>Capacit\u00e9 du bac \u00e0 herbe<\/td>\n<td>52 l<\/td>\n<\/tr>\n<tr>\n<td>Largeur de l\u2019appareil sans accessoires<\/td>\n<td>50 cm<\/td>\n<\/tr>\n<tr>\n<td>Hauteur maximale de l\u2019appareil<\/td>\n<td>108 cm<\/td>\n<\/tr>\n<tr>\n<td>Diam\u00e8tre de la roue avant<\/td>\n<td>190 mm<\/td>\n<\/tr>\n<tr>\n<td>Diam\u00e8tre de la roue arri\u00e8re<\/td>\n<td>215 mm<\/td>\n<\/tr>\n<tr>\n<td>Niveau de pression acoustique mesur\u00e9 LpA<\/td>\n<td>79 dB(A)<\/td>\n<\/tr>\n<tr>\n<td>Niveau de puissance acoustique garanti LWA<\/td>\n<td>93 dB(A)<\/td>\n<\/tr>\n<tr>\n<td>Facteur d\u2019incertitude du niveau de pression acoustique KpA<\/td>\n<td>2 dB(A) <sup>1)<\/sup><\/td>\n<\/tr>\n<tr>\n<td>Guidon de direction vibrant AHW<\/td>\n<td>4,4 m\/m\u00b2<\/td>\n<\/tr>\n<\/tbody>\n<\/table>\n","protected":false},"excerpt":{"rendered":"<p>Tondeuse \u00e0 gazon compacte pour les pelouses moyennes ou grandes Tondeuse \u00e0 gazon \u00e0 essence compacte avec une largeur de<\/p>\n","protected":false},"featured_media":424689,"template":"","meta":{"_seopress_robots_primary_cat":"none","_seopress_titles_title":"","_seopress_titles_desc":"","_seopress_robots_index":""},"product_brand":[3555],"product_cat":[167,1671,1657],"product_tag":[3267],"class_list":{"0":"post-465980","1":"product","2":"type-product","3":"status-publish","4":"has-post-thumbnail","6":"product_brand-stihl-fr","7":"product_cat-machines","8":"product_cat-tondeuses-a-moteur","9":"product_cat-tondeuses-et-robots","10":"product_tag-import-stihl-fr","11":"sws-gruppo-macchinari","12":"sws-conto-ricavi-merci-rivendita-macchinari","13":"sws-gruppo-iva-iva81","15":"first","16":"onbackorder","17":"purchasable","18":"product-type-simple"},"_links":{"self":[{"href":"https:\/\/lucacastelli.com\/fr\/wp-json\/wp\/v2\/product\/465980","targetHints":{"allow":["GET"]}}],"collection":[{"href":"https:\/\/lucacastelli.com\/fr\/wp-json\/wp\/v2\/product"}],"about":[{"href":"https:\/\/lucacastelli.com\/fr\/wp-json\/wp\/v2\/types\/product"}],"wp:featuredmedia":[{"embeddable":true,"href":"https:\/\/lucacastelli.com\/fr\/wp-json\/wp\/v2\/media\/424689"}],"wp:attachment":[{"href":"https:\/\/lucacastelli.com\/fr\/wp-json\/wp\/v2\/media?parent=465980"}],"wp:term":[{"taxonomy":"product_brand","embeddable":true,"href":"https:\/\/lucacastelli.com\/fr\/wp-json\/wp\/v2\/product_brand?post=465980"},{"taxonomy":"product_cat","embeddable":true,"href":"https:\/\/lucacastelli.com\/fr\/wp-json\/wp\/v2\/product_cat?post=465980"},{"taxonomy":"product_tag","embeddable":true,"href":"https:\/\/lucacastelli.com\/fr\/wp-json\/wp\/v2\/product_tag?post=465980"}],"curies":[{"name":"wp","href":"https:\/\/api.w.org\/{rel}","templated":true}]}}