{"id":465977,"date":"2025-05-31T21:57:18","date_gmt":"2025-05-31T19:57:18","guid":{"rendered":"https:\/\/lucacastelli.com\/prodotto\/rma-448-pv-sans-batterie-chargeur\/"},"modified":"2026-02-21T19:16:38","modified_gmt":"2026-02-21T18:16:38","slug":"rma-448-pv-sans-batterie-chargeur","status":"publish","type":"product","link":"https:\/\/lucacastelli.com\/fr\/produit\/rma-448-pv-sans-batterie-chargeur\/","title":{"rendered":"Machine STIHL RMA 448 PV uniquement"},"content":{"rendered":"<h2 class=\"product-details__title\">Tondeuse \u00e0 gazon sans fil puissante pour les pelouses de taille moyenne<\/h2>\n<div class=\"product-details__description richtexteditor\">\n<p>Tondeuse \u00e0 gazon sans fil puissante avec une largeur de coupe de 46 cm, une fonction 4 en 1, une \u00e9jection lat\u00e9rale, une trappe de paillage et une lame multiple pour les pelouses de taille moyenne. Bo\u00eetier en plastique avec bord en plastique, r\u00e9glage central de la hauteur de coupe et guidon confort pliable et r\u00e9glable en hauteur en deux positions. Avec une lame optimis\u00e9e pour le d\u00e9bit et un r\u00e9glage automatique de la vitesse pour une dur\u00e9e de vie plus longue. Vario electric drive et \u00e9l\u00e9ment de commande HMI pour plus de confort d\u2019utilisation. Deux compartiments \u00e0 piles actifs pour utiliser deux piles en s\u00e9quence. Avec bac de ramassage pliable de 52 litres avec indicateur de niveau de remplissage.     <\/p>\n<\/div>\n<p>&nbsp;<\/p>\n<p>DONN\u00c9ES TECHNIQUES<\/p>\n<p>&nbsp;<\/p>\n<p>&nbsp;<\/p>\n<table data-test-id=\"pdp-spec-tech-table\">\n<tbody>\n<tr>\n<td>Puissance nominale<\/td>\n<td>1450 W<\/td>\n<\/tr>\n<tr>\nSyst\u00e8me <\/p>\n<td>de batterie<\/td>\n<td>AP<\/td>\n<\/tr>\n<tr>\n<td>Transmission<\/td>\n<td>2,0 &#8211; 4,5 km\/h<\/td>\n<\/tr>\n<tr>\n<td>Poids de l\u2019appareil sans batterie<\/td>\n<td>28 kg<\/td>\n<\/tr>\n<tr>\n<td>Largeur de coupe<\/td>\n<td>46 cm<\/td>\n<\/tr>\n<tr>\n<td>Hauteur de coupe<\/td>\n<td>20 &#8211; 100 mm<\/td>\n<\/tr>\n<tr>\n<td>R\u00e9glage de la hauteur de coupe<\/td>\n<td>7-fach (zentral)<\/td>\n<\/tr>\n<tr>\n<td>Vitesse nominale de l\u2019outil de travail<\/td>\n<td>3000 U\/min<\/td>\n<\/tr>\n<tr>\n<td>Indice IP<\/td>\n<td>Norme IPX4<\/td>\n<\/tr>\n<tr>\n<td>Surface maximale pour charger la batterie AP 200<\/td>\n<td>340 m\u00b2 <sup>1)<\/sup><\/td>\n<\/tr>\n<tr>\n<td>Surface maximale pour charger la batterie AP 200 S<\/td>\n<td>340 m\u00b2 <sup>1)<\/sup><\/td>\n<\/tr>\n<tr>\n<td>Surface maximale pour charger la batterie AP 300 S<\/td>\n<td>510 m\u00b2 <sup>1)<\/sup><\/td>\n<\/tr>\n<tr>\n<td>Surface maximale pour charger la batterie de l\u2019AP 500 S<\/td>\n<td>610 m\u00b2 <sup>1)<\/sup><\/td>\n<\/tr>\n<tr>\n<td>Capacit\u00e9 du bac \u00e0 herbe<\/td>\n<td>52 l<\/td>\n<\/tr>\n<tr>\n<td>Largeur de l\u2019appareil sans accessoires<\/td>\n<td>52 cm<\/td>\n<\/tr>\n<tr>\n<td>Hauteur maximale de l\u2019appareil<\/td>\n<td>108 cm<\/td>\n<\/tr>\n<tr>\n<td>Diam\u00e8tre de la roue avant<\/td>\n<td>190 mm<\/td>\n<\/tr>\n<tr>\n<td>Diam\u00e8tre de la roue arri\u00e8re<\/td>\n<td>215 mm<\/td>\n<\/tr>\n<tr>\n<td>Niveau de pression acoustique mesur\u00e9 LpA<\/td>\n<td>79 dB(A)<\/td>\n<\/tr>\n<tr>\n<td>Niveau de puissance acoustique garanti LWA<\/td>\n<td>94 dB(A)<\/td>\n<\/tr>\n<tr>\n<td>Facteur d\u2019incertitude du niveau de pression acoustique KpA<\/td>\n<td>2 dB(A) <sup>2)<\/sup><\/td>\n<\/tr>\n<tr>\n<td>Vibrations du guidon ahw<\/td>\n<td>1,8 m\/s2<\/td>\n<\/tr>\n<\/tbody>\n<\/table>\n","protected":false},"excerpt":{"rendered":"<p>Tondeuse \u00e0 gazon sans fil puissante pour les pelouses de taille moyenne Tondeuse \u00e0 gazon sans fil puissante avec une<\/p>\n","protected":false},"featured_media":424663,"template":"","meta":{"_seopress_robots_primary_cat":"none","_seopress_titles_title":"","_seopress_titles_desc":"","_seopress_robots_index":""},"product_brand":[3555],"product_cat":[167,1670,1657],"product_tag":[3267],"class_list":{"0":"post-465977","1":"product","2":"type-product","3":"status-publish","4":"has-post-thumbnail","6":"product_brand-stihl-fr","7":"product_cat-machines","8":"product_cat-tondeuses-a-batterie","9":"product_cat-tondeuses-et-robots","10":"product_tag-import-stihl-fr","11":"sws-gruppo-macchinari-fr","12":"sws-conto-ricavi-merci-rivendita-macchinari-fr","13":"sws-gruppo-iva-iva81-fr","15":"first","16":"onbackorder","17":"purchasable","18":"product-type-simple"},"_links":{"self":[{"href":"https:\/\/lucacastelli.com\/fr\/wp-json\/wp\/v2\/product\/465977","targetHints":{"allow":["GET"]}}],"collection":[{"href":"https:\/\/lucacastelli.com\/fr\/wp-json\/wp\/v2\/product"}],"about":[{"href":"https:\/\/lucacastelli.com\/fr\/wp-json\/wp\/v2\/types\/product"}],"wp:featuredmedia":[{"embeddable":true,"href":"https:\/\/lucacastelli.com\/fr\/wp-json\/wp\/v2\/media\/424663"}],"wp:attachment":[{"href":"https:\/\/lucacastelli.com\/fr\/wp-json\/wp\/v2\/media?parent=465977"}],"wp:term":[{"taxonomy":"product_brand","embeddable":true,"href":"https:\/\/lucacastelli.com\/fr\/wp-json\/wp\/v2\/product_brand?post=465977"},{"taxonomy":"product_cat","embeddable":true,"href":"https:\/\/lucacastelli.com\/fr\/wp-json\/wp\/v2\/product_cat?post=465977"},{"taxonomy":"product_tag","embeddable":true,"href":"https:\/\/lucacastelli.com\/fr\/wp-json\/wp\/v2\/product_tag?post=465977"}],"curies":[{"name":"wp","href":"https:\/\/api.w.org\/{rel}","templated":true}]}}